{"id":30733,"date":"2022-09-01T17:05:50","date_gmt":"2022-09-01T17:05:50","guid":{"rendered":"https:\/\/milicia-pro.com\/?post_type=product&#038;p=30733"},"modified":"2026-02-12T14:36:36","modified_gmt":"2026-02-12T14:36:36","slug":"mochila-100oz-3litros-multicam","status":"publish","type":"product","link":"https:\/\/milicia-pro.com\/index.php\/product\/mochila-100oz-3litros-multicam\/","title":{"rendered":"MOCHILA 100OZ \/ 3LITROS &#8211; MULTICAM"},"content":{"rendered":"<p align=\"justify\">Composta por v\u00e1rias bolsas, divididas e organizadas de maneira a poderem transportar material como mapas, documentos ou outros objetos semelhantes, tendo ao mesmo tempo uma excelente capacidade de carga.<\/p>\n<p align=\"justify\">O enchimento do reservat\u00f3rio \u00e9 feito atrav\u00e9s de um fecho situado na parte de tr\u00e1s da mochila. Com sistema de ventila\u00e7\u00e3o e apoios lombares.<\/p>\n<p align=\"justify\"><strong>Capacidade:<\/strong> 3 litros <strong>Dimens\u00f5es:<\/strong> 48.2cm x 33cm x 20.3cm<\/p>\n<p><strong>Volume Total:<\/strong> 38.1l (3l + 35.1 l)<\/p>\n<p><strong>Peso:<\/strong> vazio- 1.71 Kg; c\/ \u00e1gua \u2013 4.54 kg<\/p>\n<p>&nbsp;<\/p>\n","protected":false},"excerpt":{"rendered":"<p>Composta por v\u00e1rias bolsas, divididas e organizadas de maneira a poderem transportar material como mapas, documentos ou outros objetos semelhantes, tendo ao mesmo tempo uma excelente capacidade de carga. O enchimento do reservat\u00f3rio \u00e9 feito atrav\u00e9s de um fecho situado na parte de tr\u00e1s da mochila. Com sistema de ventila\u00e7\u00e3o e apoios lombares. Capacidade: 3 [&#8230;]\n","protected":false},"featured_media":28307,"comment_status":"open","ping_status":"closed","template":"","meta":{"_monsterinsights_skip_tracking":false,"_monsterinsights_sitenote_active":false,"_monsterinsights_sitenote_note":"","_monsterinsights_sitenote_category":0},"product_brand":[1505],"product_cat":[1617,1286,829,1467],"product_tag":[1146,215],"class_list":{"0":"post-30733","1":"product","2":"type-product","3":"status-publish","4":"has-post-thumbnail","6":"product_brand-camelbak","7":"product_cat-bolsa-hidratacao","8":"product_cat-camelbak-marcas","9":"product_cat-marcas","10":"product_cat-mochilas-bolsas","11":"product_tag-hidratacao","12":"product_tag-mochila","14":"first","15":"instock","16":"shipping-taxable","17":"purchasable","18":"product-type-variable"},"aioseo_notices":[],"jetpack_sharing_enabled":true,"_links":{"self":[{"href":"https:\/\/milicia-pro.com\/index.php\/wp-json\/wp\/v2\/product\/30733","targetHints":{"allow":["GET"]}}],"collection":[{"href":"https:\/\/milicia-pro.com\/index.php\/wp-json\/wp\/v2\/product"}],"about":[{"href":"https:\/\/milicia-pro.com\/index.php\/wp-json\/wp\/v2\/types\/product"}],"replies":[{"embeddable":true,"href":"https:\/\/milicia-pro.com\/index.php\/wp-json\/wp\/v2\/comments?post=30733"}],"wp:featuredmedia":[{"embeddable":true,"href":"https:\/\/milicia-pro.com\/index.php\/wp-json\/wp\/v2\/media\/28307"}],"wp:attachment":[{"href":"https:\/\/milicia-pro.com\/index.php\/wp-json\/wp\/v2\/media?parent=30733"}],"wp:term":[{"taxonomy":"product_brand","embeddable":true,"href":"https:\/\/milicia-pro.com\/index.php\/wp-json\/wp\/v2\/product_brand?post=30733"},{"taxonomy":"product_cat","embeddable":true,"href":"https:\/\/milicia-pro.com\/index.php\/wp-json\/wp\/v2\/product_cat?post=30733"},{"taxonomy":"product_tag","embeddable":true,"href":"https:\/\/milicia-pro.com\/index.php\/wp-json\/wp\/v2\/product_tag?post=30733"}],"curies":[{"name":"wp","href":"https:\/\/api.w.org\/{rel}","templated":true}]}}