{"id":30717,"date":"2022-09-01T17:05:39","date_gmt":"2022-09-01T17:05:39","guid":{"rendered":"https:\/\/milicia-pro.com\/?post_type=product&#038;p=30717"},"modified":"2025-07-15T15:29:06","modified_gmt":"2025-07-15T15:29:06","slug":"belt-loop-para-acessorios-pequeno","status":"publish","type":"product","link":"https:\/\/milicia-pro.com\/index.php\/product\/belt-loop-para-acessorios-pequeno\/","title":{"rendered":"BELT LOOP &#8211; PARA ACESSORIOS PEQUENO"},"content":{"rendered":"<p>Este \u00e9 um acess\u00f3rio que poder\u00e1 aplicar no cinto, facilita a aplica\u00e7\u00e3o do coldre ou de qualquer outro acess\u00f3rio.<\/p>\n","protected":false},"excerpt":{"rendered":"<p>Este \u00e9 um acess\u00f3rio que poder\u00e1 aplicar no cinto, facilita a aplica\u00e7\u00e3o do coldre ou de qualquer outro acess\u00f3rio.<\/p>\n","protected":false},"featured_media":28249,"comment_status":"open","ping_status":"closed","template":"","meta":{"_monsterinsights_skip_tracking":false,"_monsterinsights_sitenote_active":false,"_monsterinsights_sitenote_note":"","_monsterinsights_sitenote_category":0},"product_brand":[],"product_cat":[1115,829,1151],"product_tag":[55,607],"class_list":{"0":"post-30717","1":"product","2":"type-product","3":"status-publish","4":"has-post-thumbnail","6":"product_cat-acessorios-armas","7":"product_cat-marcas","8":"product_cat-safariland","9":"product_tag-acessorio","10":"product_tag-coldre","12":"first","13":"instock","14":"shipping-taxable","15":"purchasable","16":"product-type-variable"},"aioseo_notices":[],"jetpack_sharing_enabled":true,"_links":{"self":[{"href":"https:\/\/milicia-pro.com\/index.php\/wp-json\/wp\/v2\/product\/30717","targetHints":{"allow":["GET"]}}],"collection":[{"href":"https:\/\/milicia-pro.com\/index.php\/wp-json\/wp\/v2\/product"}],"about":[{"href":"https:\/\/milicia-pro.com\/index.php\/wp-json\/wp\/v2\/types\/product"}],"replies":[{"embeddable":true,"href":"https:\/\/milicia-pro.com\/index.php\/wp-json\/wp\/v2\/comments?post=30717"}],"wp:featuredmedia":[{"embeddable":true,"href":"https:\/\/milicia-pro.com\/index.php\/wp-json\/wp\/v2\/media\/28249"}],"wp:attachment":[{"href":"https:\/\/milicia-pro.com\/index.php\/wp-json\/wp\/v2\/media?parent=30717"}],"wp:term":[{"taxonomy":"product_brand","embeddable":true,"href":"https:\/\/milicia-pro.com\/index.php\/wp-json\/wp\/v2\/product_brand?post=30717"},{"taxonomy":"product_cat","embeddable":true,"href":"https:\/\/milicia-pro.com\/index.php\/wp-json\/wp\/v2\/product_cat?post=30717"},{"taxonomy":"product_tag","embeddable":true,"href":"https:\/\/milicia-pro.com\/index.php\/wp-json\/wp\/v2\/product_tag?post=30717"}],"curies":[{"name":"wp","href":"https:\/\/api.w.org\/{rel}","templated":true}]}}