{"id":30715,"date":"2022-09-01T17:05:39","date_gmt":"2022-09-01T17:05:39","guid":{"rendered":"https:\/\/milicia-pro.com\/?post_type=product&#038;p=30715"},"modified":"2025-06-04T14:27:47","modified_gmt":"2025-06-04T14:27:47","slug":"acessorio-rls-manga-de-reducao","status":"publish","type":"product","link":"https:\/\/milicia-pro.com\/index.php\/product\/acessorio-rls-manga-de-reducao\/","title":{"rendered":"ACESSORIO &#8211; RLS MANGA DE REDU\u00c7\u00c3O"},"content":{"rendered":"<p>Este pequeno acess\u00f3rio serve para poder ajustar a sua lanterna ao dispositivo da RLS- Rapid Light System.<\/p>\n<p>&nbsp;<\/p>\n","protected":false},"excerpt":{"rendered":"<p>Este pequeno acess\u00f3rio serve para poder ajustar a sua lanterna ao dispositivo da RLS- Rapid Light System. &nbsp;<\/p>\n","protected":false},"featured_media":28247,"comment_status":"open","ping_status":"closed","template":"","meta":{"_monsterinsights_skip_tracking":false,"_monsterinsights_sitenote_active":false,"_monsterinsights_sitenote_note":"","_monsterinsights_sitenote_category":0},"product_brand":[],"product_cat":[1454,1064,829,1151],"product_tag":[55,193,1445],"class_list":{"0":"post-30715","1":"product","2":"type-product","3":"status-publish","4":"has-post-thumbnail","6":"product_cat-acessorios-equipamentotatico","7":"product_cat-equipamentotatico","8":"product_cat-marcas","9":"product_cat-safariland","10":"product_tag-acessorio","11":"product_tag-lanterna","12":"product_tag-rls","14":"first","15":"instock","16":"shipping-taxable","17":"purchasable","18":"product-type-variable"},"aioseo_notices":[],"jetpack_sharing_enabled":true,"_links":{"self":[{"href":"https:\/\/milicia-pro.com\/index.php\/wp-json\/wp\/v2\/product\/30715","targetHints":{"allow":["GET"]}}],"collection":[{"href":"https:\/\/milicia-pro.com\/index.php\/wp-json\/wp\/v2\/product"}],"about":[{"href":"https:\/\/milicia-pro.com\/index.php\/wp-json\/wp\/v2\/types\/product"}],"replies":[{"embeddable":true,"href":"https:\/\/milicia-pro.com\/index.php\/wp-json\/wp\/v2\/comments?post=30715"}],"wp:featuredmedia":[{"embeddable":true,"href":"https:\/\/milicia-pro.com\/index.php\/wp-json\/wp\/v2\/media\/28247"}],"wp:attachment":[{"href":"https:\/\/milicia-pro.com\/index.php\/wp-json\/wp\/v2\/media?parent=30715"}],"wp:term":[{"taxonomy":"product_brand","embeddable":true,"href":"https:\/\/milicia-pro.com\/index.php\/wp-json\/wp\/v2\/product_brand?post=30715"},{"taxonomy":"product_cat","embeddable":true,"href":"https:\/\/milicia-pro.com\/index.php\/wp-json\/wp\/v2\/product_cat?post=30715"},{"taxonomy":"product_tag","embeddable":true,"href":"https:\/\/milicia-pro.com\/index.php\/wp-json\/wp\/v2\/product_tag?post=30715"}],"curies":[{"name":"wp","href":"https:\/\/api.w.org\/{rel}","templated":true}]}}