{"id":30712,"date":"2022-09-01T17:05:39","date_gmt":"2022-09-01T17:05:39","guid":{"rendered":"https:\/\/milicia-pro.com\/?post_type=product&#038;p=30712"},"modified":"2025-10-14T11:08:46","modified_gmt":"2025-10-14T11:08:46","slug":"ext-perna-p-coldre-tactico-ambidextro-1-cinta","status":"publish","type":"product","link":"https:\/\/milicia-pro.com\/index.php\/product\/ext-perna-p-coldre-tactico-ambidextro-1-cinta\/","title":{"rendered":"EXT. PERNA P\/ COLDRE TACTICO AMBIDEXTRO 1 CINTA"},"content":{"rendered":"<p>Extendedor de perna pequeno, com possibilidade de anexar at\u00e9 3 coldres, a sua<\/p>\n<p>cinta \u00e9 ajust\u00e1vel \u00e1 perna para melhor conforto.<\/p>\n","protected":false},"excerpt":{"rendered":"<p>Extendedor de perna pequeno, com possibilidade de anexar at\u00e9 3 coldres, a sua cinta \u00e9 ajust\u00e1vel \u00e1 perna para melhor conforto.<\/p>\n","protected":false},"featured_media":28244,"comment_status":"open","ping_status":"closed","template":"","meta":{"_monsterinsights_skip_tracking":false,"_monsterinsights_sitenote_active":false,"_monsterinsights_sitenote_note":"","_monsterinsights_sitenote_category":0},"product_brand":[],"product_cat":[1085,1064,829,1151],"product_tag":[55,607,1304,1139],"class_list":{"0":"post-30712","1":"product","2":"type-product","3":"status-publish","4":"has-post-thumbnail","6":"product_cat-coldre","7":"product_cat-equipamentotatico","8":"product_cat-marcas","9":"product_cat-safariland","10":"product_tag-acessorio","11":"product_tag-coldre","12":"product_tag-extensivel","13":"product_tag-perna","15":"first","16":"instock","17":"shipping-taxable","18":"purchasable","19":"product-type-variable"},"aioseo_notices":[],"jetpack_sharing_enabled":true,"_links":{"self":[{"href":"https:\/\/milicia-pro.com\/index.php\/wp-json\/wp\/v2\/product\/30712","targetHints":{"allow":["GET"]}}],"collection":[{"href":"https:\/\/milicia-pro.com\/index.php\/wp-json\/wp\/v2\/product"}],"about":[{"href":"https:\/\/milicia-pro.com\/index.php\/wp-json\/wp\/v2\/types\/product"}],"replies":[{"embeddable":true,"href":"https:\/\/milicia-pro.com\/index.php\/wp-json\/wp\/v2\/comments?post=30712"}],"wp:featuredmedia":[{"embeddable":true,"href":"https:\/\/milicia-pro.com\/index.php\/wp-json\/wp\/v2\/media\/28244"}],"wp:attachment":[{"href":"https:\/\/milicia-pro.com\/index.php\/wp-json\/wp\/v2\/media?parent=30712"}],"wp:term":[{"taxonomy":"product_brand","embeddable":true,"href":"https:\/\/milicia-pro.com\/index.php\/wp-json\/wp\/v2\/product_brand?post=30712"},{"taxonomy":"product_cat","embeddable":true,"href":"https:\/\/milicia-pro.com\/index.php\/wp-json\/wp\/v2\/product_cat?post=30712"},{"taxonomy":"product_tag","embeddable":true,"href":"https:\/\/milicia-pro.com\/index.php\/wp-json\/wp\/v2\/product_tag?post=30712"}],"curies":[{"name":"wp","href":"https:\/\/api.w.org\/{rel}","templated":true}]}}