{"id":30709,"date":"2022-09-01T17:05:38","date_gmt":"2022-09-01T17:05:38","guid":{"rendered":"https:\/\/milicia-pro.com\/?post_type=product&#038;p=30709"},"modified":"2026-03-16T14:58:22","modified_gmt":"2026-03-16T14:58:22","slug":"cinto-interior-loopback-2","status":"publish","type":"product","link":"https:\/\/milicia-pro.com\/index.php\/product\/cinto-interior-loopback-2\/","title":{"rendered":"CINTO INTERIOR LOOPBACK"},"content":{"rendered":"<p>Sistema de fecho que permite um ajuste r\u00e1pido e preciso.<\/p>\n<p>Pode ser usado em conjunto com um cintur\u00e3o WEB Duty, proporcionando um suporte adicional no transporte de acess\u00f3rios.<\/p>\n<p>Tamb\u00e9m \u00e9 compat\u00edvel com o nosso cintur\u00e3o MIL.HEAVY.<\/p>\n<p>Feito em cordura.<\/p>\n","protected":false},"excerpt":{"rendered":"<p>(111 cm \/ 122 cm)<\/p>\n","protected":false},"featured_media":28240,"comment_status":"open","ping_status":"closed","template":"","meta":{"_monsterinsights_skip_tracking":false,"_monsterinsights_sitenote_active":false,"_monsterinsights_sitenote_note":"","_monsterinsights_sitenote_category":0},"product_brand":[1504],"product_cat":[1137,1153,829,1063],"product_tag":[116,1136,326],"class_list":{"0":"post-30709","1":"product","2":"type-product","3":"status-publish","4":"has-post-thumbnail","6":"product_brand-blackhawk","7":"product_cat-blackhawk","8":"product_cat-cinto","9":"product_cat-marcas","10":"product_cat-vestuario","11":"product_tag-cinto","12":"product_tag-interno","13":"product_tag-tatico","15":"first","16":"instock","17":"shipping-taxable","18":"purchasable","19":"product-type-variable"},"aioseo_notices":[],"jetpack_sharing_enabled":true,"_links":{"self":[{"href":"https:\/\/milicia-pro.com\/index.php\/wp-json\/wp\/v2\/product\/30709","targetHints":{"allow":["GET"]}}],"collection":[{"href":"https:\/\/milicia-pro.com\/index.php\/wp-json\/wp\/v2\/product"}],"about":[{"href":"https:\/\/milicia-pro.com\/index.php\/wp-json\/wp\/v2\/types\/product"}],"replies":[{"embeddable":true,"href":"https:\/\/milicia-pro.com\/index.php\/wp-json\/wp\/v2\/comments?post=30709"}],"wp:featuredmedia":[{"embeddable":true,"href":"https:\/\/milicia-pro.com\/index.php\/wp-json\/wp\/v2\/media\/28240"}],"wp:attachment":[{"href":"https:\/\/milicia-pro.com\/index.php\/wp-json\/wp\/v2\/media?parent=30709"}],"wp:term":[{"taxonomy":"product_brand","embeddable":true,"href":"https:\/\/milicia-pro.com\/index.php\/wp-json\/wp\/v2\/product_brand?post=30709"},{"taxonomy":"product_cat","embeddable":true,"href":"https:\/\/milicia-pro.com\/index.php\/wp-json\/wp\/v2\/product_cat?post=30709"},{"taxonomy":"product_tag","embeddable":true,"href":"https:\/\/milicia-pro.com\/index.php\/wp-json\/wp\/v2\/product_tag?post=30709"}],"curies":[{"name":"wp","href":"https:\/\/api.w.org\/{rel}","templated":true}]}}