{"id":30708,"date":"2022-09-01T17:05:38","date_gmt":"2022-09-01T17:05:38","guid":{"rendered":"https:\/\/milicia-pro.com\/?post_type=product&#038;p=30708"},"modified":"2025-06-05T11:16:19","modified_gmt":"2025-06-05T11:16:19","slug":"mochila-camo-multicam-3-dias","status":"publish","type":"product","link":"https:\/\/milicia-pro.com\/index.php\/product\/mochila-camo-multicam-3-dias\/","title":{"rendered":"MOCHILA CAMO &#8211; MULTICAM 3 DIAS"},"content":{"rendered":"<p>A mochila Cordura Military Spec Multicam de 3 dias \u00e9 grande o suficiente para transportar todos os seus equipamentos essenciais para uma aventura de 3 dias em campo. Feita de material de nylon Cordura 500 denier, o que torna significativamente mais resistente \u00e0 abras\u00e3o e dur\u00e1vel do que muitas mochilas t\u00e1ticos de apar\u00eancia semelhante. O material tamb\u00e9m \u00e9 Multicam genu\u00edno, com correias compat\u00edveis com MOLLE na frente e nas laterais e pode ser expandida com bolsas adicionais compat\u00edveis com sistema M.O.L.L.E. para uma configura\u00e7\u00e3o mais especializada e personalizada. Caso voc\u00ea precise de espa\u00e7o adicional, a parte inferior da mochila possui fixa\u00e7\u00f5es de tecido junto com al\u00e7as para permitir que carregue um saco de dormir na parte externa da mochila. Esta mochila Multicam tamb\u00e9m \u00e9 compat\u00edvel com hidrata\u00e7\u00e3o, o que significa que pode carregar uma bexiga de \u00e1gua de at\u00e9 3 litros e usar a passagem para colocar a mangueira na al\u00e7a de ombro para facilitar o acesso.<\/p>\n<ul>\n<li>Recursos do pacote Multicam GI Spec de 3 dias<\/li>\n<li>Material de n\u00e1ilon CORDURA 500 Denier<\/li>\n<li>Correia universal para fixar bolsas e acess\u00f3rios modulares<\/li>\n<li>Al\u00e7as acolchoadas<\/li>\n<li>Al\u00e7a de esterno ajust\u00e1vel e remov\u00edvel<\/li>\n<li>Cinto de quadril acolchoado ajust\u00e1vel e remov\u00edvel<\/li>\n<li>Almofada traseira acolchoada para maior conforto<\/li>\n<li>Faixa de loop para anexar patches de nome, classifica\u00e7\u00e3o ou moral<\/li>\n<li>Al\u00e7a de transporte refor\u00e7ada para arrasto<\/li>\n<li>Hidrata\u00e7\u00e3o compat\u00edvel com bexigas de at\u00e9 3L<\/li>\n<li>Tamanho total: 51 (altura) x 31 (largura) x 21 (profundidade) cm<\/li>\n<li>Compativel com sistema M.O.L.L.E.<\/li>\n<li>Velcros inclu\u00eddos para placas de identifica\u00e7\u00e3o<\/li>\n<\/ul>\n","protected":false},"excerpt":{"rendered":"<p>A mochila Cordura Military Spec Multicam de 3 dias \u00e9 grande o suficiente para transportar todos os seus equipamentos essenciais para uma aventura de 3 dias em campo. Feita de material de nylon Cordura 500 denier, o que torna significativamente mais resistente \u00e0 abras\u00e3o e dur\u00e1vel do que muitas mochilas t\u00e1ticos de apar\u00eancia semelhante. O [&#8230;]\n","protected":false},"featured_media":28236,"comment_status":"open","ping_status":"closed","template":"","meta":{"_monsterinsights_skip_tracking":false,"_monsterinsights_sitenote_active":false,"_monsterinsights_sitenote_note":"","_monsterinsights_sitenote_category":0},"product_brand":[],"product_cat":[829,1106,1467,1248],"product_tag":[215],"class_list":{"0":"post-30708","1":"product","2":"type-product","3":"status-publish","4":"has-post-thumbnail","6":"product_cat-marcas","7":"product_cat-mochilas","8":"product_cat-mochilas-bolsas","9":"product_cat-tru-spec","10":"product_tag-mochila","12":"first","13":"instock","14":"shipping-taxable","15":"purchasable","16":"product-type-variable"},"aioseo_notices":[],"jetpack_sharing_enabled":true,"_links":{"self":[{"href":"https:\/\/milicia-pro.com\/index.php\/wp-json\/wp\/v2\/product\/30708","targetHints":{"allow":["GET"]}}],"collection":[{"href":"https:\/\/milicia-pro.com\/index.php\/wp-json\/wp\/v2\/product"}],"about":[{"href":"https:\/\/milicia-pro.com\/index.php\/wp-json\/wp\/v2\/types\/product"}],"replies":[{"embeddable":true,"href":"https:\/\/milicia-pro.com\/index.php\/wp-json\/wp\/v2\/comments?post=30708"}],"wp:featuredmedia":[{"embeddable":true,"href":"https:\/\/milicia-pro.com\/index.php\/wp-json\/wp\/v2\/media\/28236"}],"wp:attachment":[{"href":"https:\/\/milicia-pro.com\/index.php\/wp-json\/wp\/v2\/media?parent=30708"}],"wp:term":[{"taxonomy":"product_brand","embeddable":true,"href":"https:\/\/milicia-pro.com\/index.php\/wp-json\/wp\/v2\/product_brand?post=30708"},{"taxonomy":"product_cat","embeddable":true,"href":"https:\/\/milicia-pro.com\/index.php\/wp-json\/wp\/v2\/product_cat?post=30708"},{"taxonomy":"product_tag","embeddable":true,"href":"https:\/\/milicia-pro.com\/index.php\/wp-json\/wp\/v2\/product_tag?post=30708"}],"curies":[{"name":"wp","href":"https:\/\/api.w.org\/{rel}","templated":true}]}}