{"id":30698,"date":"2022-09-01T17:05:28","date_gmt":"2022-09-01T17:05:28","guid":{"rendered":"https:\/\/milicia-pro.com\/?post_type=product&#038;p=30698"},"modified":"2025-10-13T09:53:29","modified_gmt":"2025-10-13T09:53:29","slug":"algema-ultimate-rig-dob-prata","status":"publish","type":"product","link":"https:\/\/milicia-pro.com\/index.php\/product\/algema-ultimate-rig-dob-prata\/","title":{"rendered":"ALGEMA ULTIMATE RIG\/ DOB PRATA"},"content":{"rendered":"<p style=\"margin: 0cm 0cm 0pt\">Novidade em algema de dobradi\u00e7a<\/p>\n<p style=\"margin: 0cm 0cm 0pt\">Feitas com material de alta qualidade em a\u00e7o.<\/p>\n<p style=\"margin: 0cm 0cm 0pt\">Com 18 dentes e 3 sistemas de reten\u00e7\u00e3o o que torna esta algema extremamente segura.<\/p>\n<p style=\"margin: 0cm 0cm 0pt\">Design da dobradi\u00e7a que pode ser aberto e fechado, criando um design barra s\u00f3lida r\u00edgida para maior pot\u00eancia e controle.<\/p>\n<p style=\"margin: 0cm 0cm 0pt\">Em a\u00e7o refor\u00e7ado, girat\u00f3rio para uma maior seguran\u00e7a e durabilidade.<\/p>\n","protected":false},"excerpt":{"rendered":"<p>Novidade em algema de dobradi\u00e7a Feitas com material de alta qualidade em a\u00e7o. Com 18 dentes e 3 sistemas de reten\u00e7\u00e3o o que torna esta algema extremamente segura. Design da dobradi\u00e7a que pode ser aberto e fechado, criando um design barra s\u00f3lida r\u00edgida para maior pot\u00eancia e controle. Em a\u00e7o refor\u00e7ado, girat\u00f3rio para uma maior [&#8230;]\n","protected":false},"featured_media":28201,"comment_status":"open","ping_status":"closed","template":"","meta":{"_monsterinsights_skip_tracking":false,"_monsterinsights_sitenote_active":false,"_monsterinsights_sitenote_note":"","_monsterinsights_sitenote_category":0},"product_brand":[],"product_cat":[1135,1064,829,1151],"product_tag":[501,505],"class_list":{"0":"post-30698","1":"product","2":"type-product","3":"status-publish","4":"has-post-thumbnail","6":"product_cat-algemas","7":"product_cat-equipamentotatico","8":"product_cat-marcas","9":"product_cat-safariland","10":"product_tag-algemas","11":"product_tag-seguranca","13":"first","14":"instock","15":"shipping-taxable","16":"purchasable","17":"product-type-variable"},"aioseo_notices":[],"jetpack_sharing_enabled":true,"_links":{"self":[{"href":"https:\/\/milicia-pro.com\/index.php\/wp-json\/wp\/v2\/product\/30698","targetHints":{"allow":["GET"]}}],"collection":[{"href":"https:\/\/milicia-pro.com\/index.php\/wp-json\/wp\/v2\/product"}],"about":[{"href":"https:\/\/milicia-pro.com\/index.php\/wp-json\/wp\/v2\/types\/product"}],"replies":[{"embeddable":true,"href":"https:\/\/milicia-pro.com\/index.php\/wp-json\/wp\/v2\/comments?post=30698"}],"wp:featuredmedia":[{"embeddable":true,"href":"https:\/\/milicia-pro.com\/index.php\/wp-json\/wp\/v2\/media\/28201"}],"wp:attachment":[{"href":"https:\/\/milicia-pro.com\/index.php\/wp-json\/wp\/v2\/media?parent=30698"}],"wp:term":[{"taxonomy":"product_brand","embeddable":true,"href":"https:\/\/milicia-pro.com\/index.php\/wp-json\/wp\/v2\/product_brand?post=30698"},{"taxonomy":"product_cat","embeddable":true,"href":"https:\/\/milicia-pro.com\/index.php\/wp-json\/wp\/v2\/product_cat?post=30698"},{"taxonomy":"product_tag","embeddable":true,"href":"https:\/\/milicia-pro.com\/index.php\/wp-json\/wp\/v2\/product_tag?post=30698"}],"curies":[{"name":"wp","href":"https:\/\/api.w.org\/{rel}","templated":true}]}}