{"id":30693,"date":"2022-09-01T17:05:28","date_gmt":"2022-09-01T17:05:28","guid":{"rendered":"https:\/\/milicia-pro.com\/?post_type=product&#038;p=30693"},"modified":"2025-07-29T13:23:37","modified_gmt":"2025-07-29T13:23:37","slug":"qls-22-plataforma-de-rececao-q-l-s-standard","status":"publish","type":"product","link":"https:\/\/milicia-pro.com\/index.php\/product\/qls-22-plataforma-de-rececao-q-l-s-standard\/","title":{"rendered":"QLS 22 PLATAFORMA DE RECE\u00c7\u00c3O Q.L.S. STANDARD"},"content":{"rendered":"<p>Plataforma de recep\u00e7\u00e3o para coldres, extendedores de perna e sistema Molle.<\/p>\n<p>Mant\u00e9m uma reten\u00e7\u00e3o N\u00edvel I sobre Coldres Duty.<\/p>\n","protected":false},"excerpt":{"rendered":"<p>Plataforma de recep\u00e7\u00e3o para coldres, extendedores de perna e sistema Molle. Mant\u00e9m uma reten\u00e7\u00e3o N\u00edvel I sobre Coldres Duty.<\/p>\n","protected":false},"featured_media":28193,"comment_status":"open","ping_status":"closed","template":"","meta":{"_monsterinsights_skip_tracking":false,"_monsterinsights_sitenote_active":false,"_monsterinsights_sitenote_note":"","_monsterinsights_sitenote_category":0},"product_brand":[],"product_cat":[1085,1064,829,1151],"product_tag":[55,607,807],"class_list":{"0":"post-30693","1":"product","2":"type-product","3":"status-publish","4":"has-post-thumbnail","6":"product_cat-coldre","7":"product_cat-equipamentotatico","8":"product_cat-marcas","9":"product_cat-safariland","10":"product_tag-acessorio","11":"product_tag-coldre","12":"product_tag-plataforma","14":"first","15":"instock","16":"shipping-taxable","17":"purchasable","18":"product-type-variable"},"aioseo_notices":[],"jetpack_sharing_enabled":true,"_links":{"self":[{"href":"https:\/\/milicia-pro.com\/index.php\/wp-json\/wp\/v2\/product\/30693","targetHints":{"allow":["GET"]}}],"collection":[{"href":"https:\/\/milicia-pro.com\/index.php\/wp-json\/wp\/v2\/product"}],"about":[{"href":"https:\/\/milicia-pro.com\/index.php\/wp-json\/wp\/v2\/types\/product"}],"replies":[{"embeddable":true,"href":"https:\/\/milicia-pro.com\/index.php\/wp-json\/wp\/v2\/comments?post=30693"}],"wp:featuredmedia":[{"embeddable":true,"href":"https:\/\/milicia-pro.com\/index.php\/wp-json\/wp\/v2\/media\/28193"}],"wp:attachment":[{"href":"https:\/\/milicia-pro.com\/index.php\/wp-json\/wp\/v2\/media?parent=30693"}],"wp:term":[{"taxonomy":"product_brand","embeddable":true,"href":"https:\/\/milicia-pro.com\/index.php\/wp-json\/wp\/v2\/product_brand?post=30693"},{"taxonomy":"product_cat","embeddable":true,"href":"https:\/\/milicia-pro.com\/index.php\/wp-json\/wp\/v2\/product_cat?post=30693"},{"taxonomy":"product_tag","embeddable":true,"href":"https:\/\/milicia-pro.com\/index.php\/wp-json\/wp\/v2\/product_tag?post=30693"}],"curies":[{"name":"wp","href":"https:\/\/api.w.org\/{rel}","templated":true}]}}