{"id":30684,"date":"2022-09-01T17:05:18","date_gmt":"2022-09-01T17:05:18","guid":{"rendered":"https:\/\/milicia-pro.com\/?post_type=product&#038;p=30684"},"modified":"2025-09-24T15:57:42","modified_gmt":"2025-09-24T15:57:42","slug":"mala-trolei-tam-i","status":"publish","type":"product","link":"https:\/\/milicia-pro.com\/index.php\/product\/mala-trolei-tam-i\/","title":{"rendered":"MALA TR\u00d3LEI (TAM I)"},"content":{"rendered":"<p>Equipamentos sens\u00edveis necessitam de prote\u00e7\u00e3o e, desde 1976, a resposta tem sido a PELI\u2122 Protector Case. Estas caixas s\u00e3o projetadas para serem resistentes e suportar os ambientes mais severos da terra. Contra o frio extremo e colar. S\u00e3o caixas robustas projetadas com uma v\u00e1lvula de purga autom\u00e1tica, que iguala a press\u00e3o de ar, uma tampa de silicones O-Ring vedada, al\u00e7as de borracho sobressalentes e ferragens de a\u00e7o inoxid\u00e1vel.<\/p>\n<ul>\n<li>Imperme\u00e1vel, \u00e0 prova de esmagamento e \u00e0 prova de poeira<\/li>\n<li>2 N\u00edveis de Pick N Pluk\u2122 com espuma de tampa convoluta<\/li>\n<li>N\u00facleo de c\u00e9lula aberta com design de parede s\u00f3lida forte e leve<\/li>\n<li>Cabo de borracha confort\u00e1vel com sobrecarga moldada<\/li>\n<li>Acess\u00f3rios de a\u00e7o inoxid\u00e1vel e protetores de cadeado<\/li>\n<li>V\u00e1lvula de equaliza\u00e7\u00e3o de press\u00e3o autom\u00e1tica- equilibra o interior, mant\u00e9m a \u00e1gua do lado de fora<\/li>\n<li>Veda\u00e7\u00e3o em O-ring<\/li>\n<\/ul>\n<p>&nbsp;<\/p>\n<p><strong>Dimens\u00f5es<\/strong>: Interior \u2013 54,6 x 42 x 20,2cm<\/p>\n<p>Exterior \u2013 61,8 \u00a0x 49,4 x 22,2cm<\/p>\n<p><strong>Medidas<\/strong>: Profundidade da Tampa \u2013 4,4cm<\/p>\n<p>Profundidade da Base \u2013 15,5cm<\/p>\n<p>Profundidade Total \u2013 20cm<\/p>\n<p>Volume Interno \u2013 0,046m\u00b3<\/p>\n<p>Di\u00e2metro do buraco da fechadura \u2013 8mm<\/p>\n<p><strong>Pesos<\/strong>: Peso com espuma \u2013 6,4Kg<\/p>\n<p>Peso vazio \u2013 5,9Kg<\/p>\n<p>Flutuabilidade \u2013 53,1Kg<\/p>\n<p>&nbsp;<\/p>\n","protected":false},"excerpt":{"rendered":"<p>Equipamentos sens\u00edveis necessitam de prote\u00e7\u00e3o e, desde 1976, a resposta tem sido a PELI\u2122 Protector Case. Estas caixas s\u00e3o projetadas para serem resistentes e suportar os ambientes mais severos da terra. Contra o frio extremo e colar. S\u00e3o caixas robustas projetadas com uma v\u00e1lvula de purga autom\u00e1tica, que iguala a press\u00e3o de ar, uma tampa [&#8230;]\n","protected":false},"featured_media":28158,"comment_status":"open","ping_status":"closed","template":"","meta":{"_monsterinsights_skip_tracking":false,"_monsterinsights_sitenote_active":false,"_monsterinsights_sitenote_note":"","_monsterinsights_sitenote_category":0},"product_brand":[1517],"product_cat":[1109,829,1467,1057],"product_tag":[516,518],"class_list":{"0":"post-30684","1":"product","2":"type-product","3":"status-publish","4":"has-post-thumbnail","6":"product_brand-pelican","7":"product_cat-caixas-de-transporte","8":"product_cat-marcas","9":"product_cat-mochilas-bolsas","10":"product_cat-pelican","11":"product_tag-caixa","12":"product_tag-rigida","14":"first","15":"onbackorder","16":"sold-individually","17":"shipping-taxable","18":"purchasable","19":"product-type-variable"},"aioseo_notices":[],"jetpack_sharing_enabled":true,"_links":{"self":[{"href":"https:\/\/milicia-pro.com\/index.php\/wp-json\/wp\/v2\/product\/30684","targetHints":{"allow":["GET"]}}],"collection":[{"href":"https:\/\/milicia-pro.com\/index.php\/wp-json\/wp\/v2\/product"}],"about":[{"href":"https:\/\/milicia-pro.com\/index.php\/wp-json\/wp\/v2\/types\/product"}],"replies":[{"embeddable":true,"href":"https:\/\/milicia-pro.com\/index.php\/wp-json\/wp\/v2\/comments?post=30684"}],"wp:featuredmedia":[{"embeddable":true,"href":"https:\/\/milicia-pro.com\/index.php\/wp-json\/wp\/v2\/media\/28158"}],"wp:attachment":[{"href":"https:\/\/milicia-pro.com\/index.php\/wp-json\/wp\/v2\/media?parent=30684"}],"wp:term":[{"taxonomy":"product_brand","embeddable":true,"href":"https:\/\/milicia-pro.com\/index.php\/wp-json\/wp\/v2\/product_brand?post=30684"},{"taxonomy":"product_cat","embeddable":true,"href":"https:\/\/milicia-pro.com\/index.php\/wp-json\/wp\/v2\/product_cat?post=30684"},{"taxonomy":"product_tag","embeddable":true,"href":"https:\/\/milicia-pro.com\/index.php\/wp-json\/wp\/v2\/product_tag?post=30684"}],"curies":[{"name":"wp","href":"https:\/\/api.w.org\/{rel}","templated":true}]}}