{"id":30679,"date":"2022-09-01T17:05:18","date_gmt":"2022-09-01T17:05:18","guid":{"rendered":"https:\/\/milicia-pro.com\/?post_type=product&#038;p=30679"},"modified":"2025-05-25T07:31:38","modified_gmt":"2025-05-25T07:31:38","slug":"lanterna-ledwave-vanguard-3w-led","status":"publish","type":"product","link":"https:\/\/milicia-pro.com\/index.php\/product\/lanterna-ledwave-vanguard-3w-led\/","title":{"rendered":"LANTERNA LEDWAVE VANGUARD 3W LED"},"content":{"rendered":"<p>Lanterna de LED pequena e pr\u00e1tica de formato t\u00e1ctico que garante uma vida \u00fatil sem problemas e com baixos custos de manuten\u00e7\u00e3o.<\/p>\n<ul>\n<li>Interruptor na parte traseira da lanterna (tipo t\u00e1ctico) com dois modos de funcionamento: Moment\u00e2neo e constante;<\/li>\n<li>65 Lumens de pot\u00eancia m\u00e1xima;<\/li>\n<li>2 Pilhas CR123A de lithium;<\/li>\n<li>Led de 3W de luz branca, com 50.000 horas de vida \u00fatil;<\/li>\n<li>Mais potente que uma lanterna 5D-cell;<\/li>\n<li>Autonomia de 150 minutos com duas pilhas Cr123A;<\/li>\n<li>Corpo em pol\u00edmero, extremamente leve, \u00e0 prova de riscos e resistente a choques e quedas.<\/li>\n<\/ul>\n","protected":false},"excerpt":{"rendered":"<p>Lanterna de LED pequena e pr\u00e1tica de formato t\u00e1ctico que garante uma vida \u00fatil sem problemas e com baixos custos de manuten\u00e7\u00e3o. Interruptor na parte traseira da lanterna (tipo t\u00e1ctico) com dois modos de funcionamento: Moment\u00e2neo e constante; 65 Lumens de pot\u00eancia m\u00e1xima; 2 Pilhas CR123A de lithium; Led de 3W de luz branca, com [&#8230;]\n","protected":false},"featured_media":28101,"comment_status":"open","ping_status":"closed","template":"","meta":{"_monsterinsights_skip_tracking":false,"_monsterinsights_sitenote_active":false,"_monsterinsights_sitenote_note":"","_monsterinsights_sitenote_category":0},"product_brand":[],"product_cat":[1064,1090,1186,829],"product_tag":[193],"class_list":{"0":"post-30679","1":"product","2":"type-product","3":"status-publish","4":"has-post-thumbnail","6":"product_cat-equipamentotatico","7":"product_cat-lanterna","8":"product_cat-ledwave","9":"product_cat-marcas","10":"product_tag-lanterna","12":"first","13":"instock","14":"shipping-taxable","15":"purchasable","16":"product-type-variable"},"aioseo_notices":[],"jetpack_sharing_enabled":true,"_links":{"self":[{"href":"https:\/\/milicia-pro.com\/index.php\/wp-json\/wp\/v2\/product\/30679","targetHints":{"allow":["GET"]}}],"collection":[{"href":"https:\/\/milicia-pro.com\/index.php\/wp-json\/wp\/v2\/product"}],"about":[{"href":"https:\/\/milicia-pro.com\/index.php\/wp-json\/wp\/v2\/types\/product"}],"replies":[{"embeddable":true,"href":"https:\/\/milicia-pro.com\/index.php\/wp-json\/wp\/v2\/comments?post=30679"}],"wp:featuredmedia":[{"embeddable":true,"href":"https:\/\/milicia-pro.com\/index.php\/wp-json\/wp\/v2\/media\/28101"}],"wp:attachment":[{"href":"https:\/\/milicia-pro.com\/index.php\/wp-json\/wp\/v2\/media?parent=30679"}],"wp:term":[{"taxonomy":"product_brand","embeddable":true,"href":"https:\/\/milicia-pro.com\/index.php\/wp-json\/wp\/v2\/product_brand?post=30679"},{"taxonomy":"product_cat","embeddable":true,"href":"https:\/\/milicia-pro.com\/index.php\/wp-json\/wp\/v2\/product_cat?post=30679"},{"taxonomy":"product_tag","embeddable":true,"href":"https:\/\/milicia-pro.com\/index.php\/wp-json\/wp\/v2\/product_tag?post=30679"}],"curies":[{"name":"wp","href":"https:\/\/api.w.org\/{rel}","templated":true}]}}