{"id":30678,"date":"2022-09-01T17:05:18","date_gmt":"2022-09-01T17:05:18","guid":{"rendered":"https:\/\/milicia-pro.com\/?post_type=product&#038;p=30678"},"modified":"2025-09-24T17:03:24","modified_gmt":"2025-09-24T17:03:24","slug":"ferramenta-multiusos-com-quebra-vidros","status":"publish","type":"product","link":"https:\/\/milicia-pro.com\/index.php\/product\/ferramenta-multiusos-com-quebra-vidros\/","title":{"rendered":"FERRAMENTA MULTIUSOS COM QUEBRA VIDROS"},"content":{"rendered":"<p>Ferramenta multiusos com L\u00e2mina de emerg\u00eancia e quebra-vidros.<\/p>\n<p>Principais caracter\u00edsticas:<\/p>\n<ul>\n<li>Quebra-vidros<\/li>\n<li>Ponta chave de fendas<\/li>\n<li>L\u00e2mina p\/ corte de cintos de seguran\u00e7a<\/li>\n<li>L\u00e2mina serrilhada<\/li>\n<li>Descarnador de fios<\/li>\n<li>Abertura ambidextra<\/li>\n<li>Abre c\u00e1psulas<\/li>\n<\/ul>\n<p><img loading=\"lazy\" decoding=\"async\" src=\"\/admin\/includes\/spaw\/empty\/\" alt=\"\" width=\"1\" height=\"1\" border=\"0\" \/>Comprimento L\u00e2mina: 5,7 cm<\/p>\n<p>Comprimento total: 14 cm<\/p>\n<p>L\u00e2mina: A\u00e7o AUS8<\/p>\n","protected":false},"excerpt":{"rendered":"<p>Ferramenta multiusos com L\u00e2mina de emerg\u00eancia e quebra-vidros. Principais caracter\u00edsticas: Quebra-vidros Ponta chave de fendas L\u00e2mina p\/ corte de cintos de seguran\u00e7a L\u00e2mina serrilhada Descarnador de fios Abertura ambidextra Abre c\u00e1psulas Comprimento L\u00e2mina: 5,7 cm Comprimento total: 14 cm L\u00e2mina: A\u00e7o AUS8<\/p>\n","protected":false},"featured_media":28100,"comment_status":"open","ping_status":"closed","template":"","meta":{"_monsterinsights_skip_tracking":false,"_monsterinsights_sitenote_active":false,"_monsterinsights_sitenote_note":"","_monsterinsights_sitenote_category":0},"product_brand":[1504],"product_cat":[1137,1065,1097,829],"product_tag":[148,1274],"class_list":{"0":"post-30678","1":"product","2":"type-product","3":"status-publish","4":"has-post-thumbnail","6":"product_brand-blackhawk","7":"product_cat-blackhawk","8":"product_cat-cutelariaferramentas","9":"product_cat-ferramentas","10":"product_cat-marcas","11":"product_tag-ferramenta","12":"product_tag-multiusos","14":"first","15":"instock","16":"shipping-taxable","17":"purchasable","18":"product-type-variable"},"aioseo_notices":[],"jetpack_sharing_enabled":true,"_links":{"self":[{"href":"https:\/\/milicia-pro.com\/index.php\/wp-json\/wp\/v2\/product\/30678","targetHints":{"allow":["GET"]}}],"collection":[{"href":"https:\/\/milicia-pro.com\/index.php\/wp-json\/wp\/v2\/product"}],"about":[{"href":"https:\/\/milicia-pro.com\/index.php\/wp-json\/wp\/v2\/types\/product"}],"replies":[{"embeddable":true,"href":"https:\/\/milicia-pro.com\/index.php\/wp-json\/wp\/v2\/comments?post=30678"}],"wp:featuredmedia":[{"embeddable":true,"href":"https:\/\/milicia-pro.com\/index.php\/wp-json\/wp\/v2\/media\/28100"}],"wp:attachment":[{"href":"https:\/\/milicia-pro.com\/index.php\/wp-json\/wp\/v2\/media?parent=30678"}],"wp:term":[{"taxonomy":"product_brand","embeddable":true,"href":"https:\/\/milicia-pro.com\/index.php\/wp-json\/wp\/v2\/product_brand?post=30678"},{"taxonomy":"product_cat","embeddable":true,"href":"https:\/\/milicia-pro.com\/index.php\/wp-json\/wp\/v2\/product_cat?post=30678"},{"taxonomy":"product_tag","embeddable":true,"href":"https:\/\/milicia-pro.com\/index.php\/wp-json\/wp\/v2\/product_tag?post=30678"}],"curies":[{"name":"wp","href":"https:\/\/api.w.org\/{rel}","templated":true}]}}