{"id":30677,"date":"2022-09-01T17:05:18","date_gmt":"2022-09-01T17:05:18","guid":{"rendered":"https:\/\/milicia-pro.com\/?post_type=product&#038;p=30677"},"modified":"2025-09-24T17:03:10","modified_gmt":"2025-09-24T17:03:10","slug":"porta-carregador-single-s-t-r-i-k-e","status":"publish","type":"product","link":"https:\/\/milicia-pro.com\/index.php\/product\/porta-carregador-single-s-t-r-i-k-e\/","title":{"rendered":"PORTA CARREGADOR SINGLE S.T.R.I.K.E."},"content":{"rendered":"<p>Porta-carregador single fornecido com um Speed-clip para acoplar facilmente a uma plataforma M.O.L.L.E., como um colete t\u00e1ctico ou uma mochila.<\/p>\n<ul>\n<li>Sistema Talonflex que mant\u00e9m os carregadores fixos at\u00e9 necess\u00e1rio a sua extrac\u00e7\u00e3o<\/li>\n<li>Pode ser utilizado com cobertura, com fecho em velcro, ou num sistema de acesso facilitado com os carregadores \u00e0 vista<\/li>\n<\/ul>\n","protected":false},"excerpt":{"rendered":"<p>Porta-carregador single fornecido com um Speed-clip para acoplar facilmente a uma plataforma M.O.L.L.E., como um colete t\u00e1ctico ou uma mochila. Sistema Talonflex que mant\u00e9m os carregadores fixos at\u00e9 necess\u00e1rio a sua extrac\u00e7\u00e3o Pode ser utilizado com cobertura, com fecho em velcro, ou num sistema de acesso facilitado com os carregadores \u00e0 vista<\/p>\n","protected":false},"featured_media":41320,"comment_status":"open","ping_status":"closed","template":"","meta":{"_monsterinsights_skip_tracking":false,"_monsterinsights_sitenote_active":false,"_monsterinsights_sitenote_note":"","_monsterinsights_sitenote_category":0},"product_brand":[1504],"product_cat":[1137,1064,829,1086],"product_tag":[255],"class_list":{"0":"post-30677","1":"product","2":"type-product","3":"status-publish","4":"has-post-thumbnail","6":"product_brand-blackhawk","7":"product_cat-blackhawk","8":"product_cat-equipamentotatico","9":"product_cat-marcas","10":"product_cat-portacarregador","11":"product_tag-porta-carregador","13":"first","14":"instock","15":"shipping-taxable","16":"purchasable","17":"product-type-variable"},"aioseo_notices":[],"jetpack_sharing_enabled":true,"_links":{"self":[{"href":"https:\/\/milicia-pro.com\/index.php\/wp-json\/wp\/v2\/product\/30677","targetHints":{"allow":["GET"]}}],"collection":[{"href":"https:\/\/milicia-pro.com\/index.php\/wp-json\/wp\/v2\/product"}],"about":[{"href":"https:\/\/milicia-pro.com\/index.php\/wp-json\/wp\/v2\/types\/product"}],"replies":[{"embeddable":true,"href":"https:\/\/milicia-pro.com\/index.php\/wp-json\/wp\/v2\/comments?post=30677"}],"wp:featuredmedia":[{"embeddable":true,"href":"https:\/\/milicia-pro.com\/index.php\/wp-json\/wp\/v2\/media\/41320"}],"wp:attachment":[{"href":"https:\/\/milicia-pro.com\/index.php\/wp-json\/wp\/v2\/media?parent=30677"}],"wp:term":[{"taxonomy":"product_brand","embeddable":true,"href":"https:\/\/milicia-pro.com\/index.php\/wp-json\/wp\/v2\/product_brand?post=30677"},{"taxonomy":"product_cat","embeddable":true,"href":"https:\/\/milicia-pro.com\/index.php\/wp-json\/wp\/v2\/product_cat?post=30677"},{"taxonomy":"product_tag","embeddable":true,"href":"https:\/\/milicia-pro.com\/index.php\/wp-json\/wp\/v2\/product_tag?post=30677"}],"curies":[{"name":"wp","href":"https:\/\/api.w.org\/{rel}","templated":true}]}}