{"id":30670,"date":"2022-09-01T17:05:17","date_gmt":"2022-09-01T17:05:17","guid":{"rendered":"https:\/\/milicia-pro.com\/?post_type=product&#038;p=30670"},"modified":"2025-12-19T14:54:41","modified_gmt":"2025-12-19T14:54:41","slug":"pedra-de-afiar-adicional","status":"publish","type":"product","link":"https:\/\/milicia-pro.com\/index.php\/product\/pedra-de-afiar-adicional\/","title":{"rendered":"AFIADOR DE FACAS &#8211; SERRATED STONE FINE"},"content":{"rendered":"<p>Afiador de Polimento Serrilhado Fino<br \/>\nO acess\u00f3rio definitivo para serrilhas para o seu Sistema de Afiamento Lansky\u00ae. Este afiador de cer\u00e2mica serrilhado de gr\u00e3o 1000 permite-lhe obter um acabamento ao estilo de f\u00e1brica em serrilhas j\u00e1 afiadas.<\/p>\n<p>Principais Caracter\u00edsticas:<\/p>\n<ul>\n<li>Afiador de Cer\u00e2mica de Gr\u00e3o Fino (1000)<\/li>\n<li>Inserto de Lat\u00e3o com Rosca para Parafuso de Polegar em A\u00e7o Inoxid\u00e1vel<\/li>\n<li>Carca\u00e7a Pl\u00e1stica Ergon\u00f3mica<\/li>\n<li>Sulco em Forma de Anzol<\/li>\n<\/ul>\n<p>*Este produto n\u00e3o est\u00e1 inclu\u00eddo em nenhum kit; \u00e9 vendido apenas separadamente.<\/p>\n<p>Sugest\u00f5es<br \/>\nEste produto \u00e9 para utiliza\u00e7\u00e3o com os Kits de Afia\u00e7\u00e3o de \u00c2ngulo Controlado Lansky\u00ae.<\/p>\n<p>1. Afiar uma l\u00e2mina serrilhada \u00e9 t\u00e3o f\u00e1cil quanto afiar uma l\u00e2mina convencional.<\/p>\n<p>2. Para serrilhas mais pequenas, um movimento de afia\u00e7\u00e3o tradicional \u00e9 ideal: a pedra deve mover-se em dire\u00e7\u00e3o \u00e0 l\u00e2mina, na dire\u00e7\u00e3o do orif\u00edcio guia da bra\u00e7adeira.<\/p>\n<p>3. Para serrilhas maiores, adicione um movimento de rota\u00e7\u00e3o ao movimento tradicional de afia\u00e7\u00e3o: ao empurrar para a frente na l\u00e2mina, comece de um lado da serrilha e role ao longo de todo o sulco.<\/p>\n<p>4. Repetir o movimento apropriado v\u00e1rias vezes para cada serrilha ajuda a proporcionar um fio de corte consistente.<\/p>\n<p>5. Ap\u00f3s a afia\u00e7\u00e3o, pode notar que pequenas part\u00edculas de a\u00e7o se acumulam no lado reverso da l\u00e2mina.<\/p>\n<p>Para remov\u00ea-las:<\/p>\n<ul>\n<li>Vire a l\u00e2mina<\/li>\n<li>Passe suavemente o lado plano da pedra de afiar ao longo da l\u00e2mina v\u00e1rias vezes<\/li>\n<\/ul>\n<p>Seja Inteligente, Seja Seguro e Mantenha-se&#8230; Um Corte \u00c0 Frente dos Outros\u00ae!<\/p>\n<p>CUIDADO: Afilar facas \u00e9 uma atividade inerentemente perigosa. Usado corretamente, este afiador n\u00e3o pode magoar, mas uma l\u00e2mina ou objeto pontiagudo manuseado de forma descuidada, pode.<\/p>\n<p>Detalhes:<\/p>\n<ul>\n<li>SKULSERT<\/li>\n<li>Material da Base\/Pe\u00e7a de M\u00e3o: Pl\u00e1stico<\/li>\n<li>Granula\u00e7\u00e3o: Fina (1.000)<\/li>\n<li>Material do Afiador: Cer\u00e2mica<\/li>\n<li>Usos: Gancho de Pesca Dentes Serrilhados<\/li>\n<\/ul>\n","protected":false},"excerpt":{"rendered":"<p>Afiador de Polimento Serrilhado Fino O acess\u00f3rio definitivo para serrilhas para o seu Sistema de Afiamento Lansky\u00ae. Este afiador de cer\u00e2mica serrilhado de gr\u00e3o 1000 permite-lhe obter um acabamento ao estilo de f\u00e1brica em serrilhas j\u00e1 afiadas. Principais Caracter\u00edsticas: Afiador de Cer\u00e2mica de Gr\u00e3o Fino (1000) Inserto de Lat\u00e3o com Rosca para Parafuso de Polegar [&#8230;]\n","protected":false},"featured_media":28091,"comment_status":"open","ping_status":"closed","template":"","meta":{"_monsterinsights_skip_tracking":false,"_monsterinsights_sitenote_active":false,"_monsterinsights_sitenote_note":"","_monsterinsights_sitenote_category":0},"product_brand":[1602],"product_cat":[1065,1097,1340,829],"product_tag":[1339,912],"class_list":{"0":"post-30670","1":"product","2":"type-product","3":"status-publish","4":"has-post-thumbnail","6":"product_brand-lansky","7":"product_cat-cutelariaferramentas","8":"product_cat-ferramentas","9":"product_cat-lansky","10":"product_cat-marcas","11":"product_tag-afiador-de-facas","12":"product_tag-cutelaria","13":"pa_navalha-afiador","15":"first","16":"instock","17":"shipping-taxable","18":"purchasable","19":"product-type-variable"},"aioseo_notices":[],"jetpack_sharing_enabled":true,"_links":{"self":[{"href":"https:\/\/milicia-pro.com\/index.php\/wp-json\/wp\/v2\/product\/30670","targetHints":{"allow":["GET"]}}],"collection":[{"href":"https:\/\/milicia-pro.com\/index.php\/wp-json\/wp\/v2\/product"}],"about":[{"href":"https:\/\/milicia-pro.com\/index.php\/wp-json\/wp\/v2\/types\/product"}],"replies":[{"embeddable":true,"href":"https:\/\/milicia-pro.com\/index.php\/wp-json\/wp\/v2\/comments?post=30670"}],"wp:featuredmedia":[{"embeddable":true,"href":"https:\/\/milicia-pro.com\/index.php\/wp-json\/wp\/v2\/media\/28091"}],"wp:attachment":[{"href":"https:\/\/milicia-pro.com\/index.php\/wp-json\/wp\/v2\/media?parent=30670"}],"wp:term":[{"taxonomy":"product_brand","embeddable":true,"href":"https:\/\/milicia-pro.com\/index.php\/wp-json\/wp\/v2\/product_brand?post=30670"},{"taxonomy":"product_cat","embeddable":true,"href":"https:\/\/milicia-pro.com\/index.php\/wp-json\/wp\/v2\/product_cat?post=30670"},{"taxonomy":"product_tag","embeddable":true,"href":"https:\/\/milicia-pro.com\/index.php\/wp-json\/wp\/v2\/product_tag?post=30670"}],"curies":[{"name":"wp","href":"https:\/\/api.w.org\/{rel}","templated":true}]}}