{"id":30669,"date":"2022-09-01T17:05:17","date_gmt":"2022-09-01T17:05:17","guid":{"rendered":"https:\/\/milicia-pro.com\/?post_type=product&#038;p=30669"},"modified":"2026-01-22T12:19:47","modified_gmt":"2026-01-22T12:19:47","slug":"afiador-de-facas-profissional-sharpening-system","status":"publish","type":"product","link":"https:\/\/milicia-pro.com\/index.php\/product\/afiador-de-facas-profissional-sharpening-system\/","title":{"rendered":"AFIADOR DE FACAS &#8211; PROFISSIONAL SHARPENING SYSTEM"},"content":{"rendered":"<p>Kit de Afiamento de Facas de Precis\u00e3o Standard 3-Pedras<br \/>\nO Sistema de Afiamento de \u00c2ngulo Controlado Lansky\u00ae \u00e9 um sistema guiado de afia\u00e7\u00e3o de facas que garante que a sua faca seja afiada exatamente no bisel que especificar todas as vezes. Este sistema foi concebido para dar \u00e0 sua l\u00e2mina um fio profissional e extremamente afiado, independentemente da sua habilidade em afiar. Excelente tanto para principiantes como para utilizadores avan\u00e7ados. O original e lend\u00e1rio Sistema de \u00c2ngulo Controlado \u00e9 o m\u00e1ximo em tecnologia de afia\u00e7\u00e3o de facas.<\/p>\n<p>O Suporte de Faca Standard inclu\u00eddo no sistema mant\u00e9m a faca firme e mant\u00e9m o guia de \u00e2ngulo est\u00e1tico e s\u00f3lido, para que o utilizador possa atingir o \u00e2ngulo desejado em cada passada do afiador. Os afiamentos do Grosso ao Fino fornecem uma boa variedade de granula\u00e7\u00f5es para o cuidado e manuten\u00e7\u00e3o do fio. O sistema Lansky\u00ae \u00e9 perfeito para facas de desporto ao ar livre, de cozinha ou de oficina, e oferece a mais ampla gama de acess\u00f3rios dispon\u00edveis. Em produ\u00e7\u00e3o h\u00e1 mais de 45 anos, o Sistema de Afiamento Lansky\u00ae tem sido o sistema de afiamento mais preferido e o melhor para entusiastas de bricolage e cutelaria em todo o mundo.<\/p>\n<p>O Sistema de Afiamento de \u00c2ngulo Controlado Lansky\u00ae permite ao utilizador seleccionar os \u00e2ngulos de afia\u00e7\u00e3o mais adequados para o uso pretendido da sua faca.<\/p>\n<p>Os quatro \u00e2ngulos de afia\u00e7\u00e3o e os seus usos est\u00e3o listados abaixo:<br \/>\n\u00c2ngulo de 17\u00b0 &#8211; Um \u00e2ngulo acentuado recomendado para l\u00e2minas de barbear, facas de filetes ou ferramentas similares. Uma l\u00e2mina extremamente afiada mas delicada.<br \/>\n\u00c2ngulo de 20\u00b0 &#8211; Um \u00e2ngulo comumente usado para l\u00e2minas de maior qualidade, proporcionando um corte excelente para cutelaria de cozinha e facas de fatiar.<br \/>\n\u00c2ngulo de 25\u00b0 &#8211; O \u00e2ngulo recomendado para a maioria das facas que necessitam de uma l\u00e2mina dur\u00e1vel e afiada. Ideal para facas de ca\u00e7a e de exterior.<br \/>\n\u00c2ngulo de 30\u00b0 &#8211; Um \u00e2ngulo excelente para facas que cortam cart\u00e3o, corda ou tapetes. Melhor para uso intenso.<\/p>\n<p>&nbsp;<\/p>\n<p>&nbsp;<\/p>\n<p>O Sistema de Afia\u00e7\u00e3o Profissional de \u00c2ngulo Controlado Lansky\u00ae inclui:<\/p>\n<ul>\n<li>Pedra Serrilhada M\u00e9dia: (gr\u00e3o 800) para afiar serrilhas<\/li>\n<li>Pedra Vermelha Grossa: (gr\u00e3o 120) para recondicionar o fio da l\u00e2mina<\/li>\n<li>Pedra Verde M\u00e9dia: (gr\u00e3o 280) para afia\u00e7\u00f5es e retoques menos frequentes<\/li>\n<li>Pedra Azul Fina: (gr\u00e3o 600) para retoques mais frequentes e manter a l\u00e2mina cortante como papel<\/li>\n<li>Pedra Cer\u00e2mica Amarela Ultra-Fina: (gr\u00e3o 1000) para polir o fio e obter um corte extremamente afiado<\/li>\n<li>\u00d3leo de Afia\u00e7\u00e3o: formulado especialmente para afia\u00e7\u00e3o<\/li>\n<li>Bra\u00e7adeira f\u00e1cil de usar e multi-\u00e2ngulo: para segurar a l\u00e2mina de forma segura<br \/>\nGuias: uma para cada pedra<\/li>\n<\/ul>\n<p>Todos os sistemas de afia\u00e7\u00e3o de facas Lansky\u00ae tamb\u00e9m incluem:<\/p>\n<ul>\n<li>Estojo de armazenamento\/transporte para guardar todos os componentes do sistema<br \/>\nInstru\u00e7\u00f5es completas, f\u00e1ceis de seguir e em m\u00faltiplos idiomas<\/li>\n<\/ul>\n<p>Configura\u00e7\u00f5es Adicionais do Kit:<br \/>\nSistema Universal<br \/>\nSistema Standard de 3 Pedras<br \/>\nSistema Deluxe de 5 Pedras<br \/>\nSistema Standard de Diamante com 3 Pentes<br \/>\nSistema Deluxe de Diamante com 4 Pentes<br \/>\nSistema Natural do Arkansas<br \/>\nSistema de Acabamento<\/p>\n<p>Como afiar uma l\u00e2mina usando o seu kit Lansky\u00ae<br \/>\nEstas instru\u00e7\u00f5es destinam-se a familiariz\u00e1-lo com o processo de afia\u00e7\u00e3o. Para instru\u00e7\u00f5es sobre a montagem do kit e o uso da bra\u00e7adeira, consulte o folheto informativo inclu\u00eddo em cada kit.<\/p>\n<p>Come\u00e7ando:<br \/>\nSe a l\u00e2mina tiver 7\u201d ou menos de comprimento:<\/p>\n<ul>\n<li>Coloque a bra\u00e7adeira no meio da l\u00e2mina.<\/li>\n<li>Depois de afiar, vire a bra\u00e7adeira (e a l\u00e2mina) e repita o processo de afia\u00e7\u00e3o no lado n\u00e3o afiado.<\/li>\n<\/ul>\n<p>Se a l\u00e2mina tiver mais de 7\u201d de comprimento:<\/p>\n<ul>\n<li>Escolha a extremidade da l\u00e2mina onde deseja come\u00e7ar a afiar e coloque a bra\u00e7adeira a duas larguras de dedo dessa extremidade da l\u00e2mina. (Por exemplo, se escolher a ponta, coloque a bra\u00e7adeira a duas larguras de dedo da ponta.)<\/li>\n<li>Quando tiver a l\u00e2mina segura na bra\u00e7adeira, coloque os seus 2 dedos ao longo de ambos os lados da bra\u00e7adeira da faca. A \u00e1rea coberta pelos seus dedos (em ambos os lados da bra\u00e7adeira) \u00e9 a sua zona de afia\u00e7\u00e3o alvo. Tente n\u00e3o afiar fora desta zona, pois isso mudar\u00e1 o \u00e2ngulo do afiador e resultar\u00e1 numa l\u00e2mina mal afiada.<\/li>\n<li>Afia a zona de alvo e, com a faca ainda presa na bra\u00e7adeira, vira a pin\u00e7a (e a faca) e repete este processo do outro lado da l\u00e2mina.<\/li>\n<li>Quando terminares com a primeira zona de ambos os lados da l\u00e2mina, me\u00e7a mais dois dedos de largura come\u00e7ando na borda da \u00e1rea rec\u00e9m-afiada e coloca o grampo ao lado dos teus dedos.<\/li>\n<li>Afile esta nova zona-alvo como fez com a primeira, usando aproximadamente o mesmo n\u00famero de passadas de afiar.<\/li>\n<li>O uso deste m\u00e9todo ir\u00e1 minimizar lacunas e sobreposi\u00e7\u00f5es entre as suas zonas-alvo, ajudando a garantir uma borda afiada e cont\u00ednua quando terminar.<\/li>\n<\/ul>\n<p>Sele\u00e7\u00e3o da pedra de afiar:<\/p>\n<ul>\n<li>Progrida sempre pelas pedras de afiar pela ordem de granula\u00e7\u00e3o decrescente \u2014 ou seja, comece com uma pedra mais grossa e v\u00e1 avan\u00e7ando at\u00e9 \u00e0 mais fina.<\/li>\n<li>A pedra que escolher depender\u00e1 do tipo de afia\u00e7\u00e3o que pretende realizar.<\/li>\n<li>Para tarefas de afia\u00e7\u00e3o intensiva, como alterar o \u00e2ngulo da l\u00e2mina ou afiar um fio muito cego, comece com a pedra mais grossa do seu conjunto (grossa ou extra-grossa) e depois avance para m\u00e9dia, fina, etc.<\/li>\n<li>Para trabalhos de afia\u00e7\u00e3o mais ligeiros, como manuten\u00e7\u00e3o do \u00e2ngulo ou trabalhos gerais de \u201cretoque\u201d, comece com a pedra m\u00e9dia.<\/li>\n<\/ul>\n<p>Movimentos de Afiamento:<\/p>\n<ul>\n<li>Para obter os melhores resultados, os seus movimentos devem ser feitos diagonalmente para a frente (na dire\u00e7\u00e3o do orif\u00edcio de guia na bra\u00e7adeira) e numa pequena se\u00e7\u00e3o da l\u00e2mina, utilizando toda a extens\u00e3o da pedra de amolar a cada movimento.<\/li>\n<\/ul>\n<p>Lembre-se:<\/p>\n<ul>\n<li>Afie sempre em dire\u00e7\u00e3o \u00e0 l\u00e2mina! (N\u00c3O afie ao longo do comprimento da l\u00e2mina, nem para fora da l\u00e2mina, pois isso pode danificar tanto a l\u00e2mina como a pedra de afiar).<\/li>\n<li>\u00c9 importante usar aproximadamente o mesmo n\u00famero de passadas em cada zona de afia\u00e7\u00e3o, pois isso ajudar\u00e1 a garantir que a l\u00e2mina fique uniformemente afiadas.<\/li>\n<\/ul>\n<p>&nbsp;<\/p>\n<p>Uso de \u00d3leo:<\/p>\n<ul>\n<li>Pedras de Arkansas: Ao usar estas, aplique algumas gotas do \u00f3leo de afia\u00e7\u00e3o fornecido na superf\u00edcie da pedra antes de afiar. Mantenha as pedras de Arkansas oleadas enquanto trabalha.<\/li>\n<li>Pedras padr\u00e3o (\u00d3xido de Alum\u00ednio): N\u00e3o requerem \u00f3leo, no entanto, notar\u00e1s que, ao afiar, as pedras come\u00e7ar\u00e3o a deslizar com mais suavidade. Isso indica que os poros das pedras podem estar a entupir-se com limalhas, o que reduz a efic\u00e1cia da pedra. Limpe colocando algumas gotas de \u00f3leo na pedra. O \u00f3leo levantar\u00e1 os res\u00edduos de metal da superf\u00edcie da pedra, onde podem ser limpos com um pano.<\/li>\n<li>Pedras de diamante: N\u00e3o aplique \u00f3leo nas pedras de diamante Lansky\u00ae: limpe as pedras de diamante com \u00e1gua e a escova de nylon de cerdas suaves inclu\u00edda no seu kit de diamante. As pedras de diamante devem estar completamente secas antes do pr\u00f3ximo uso.<\/li>\n<\/ul>\n<p>Press\u00e3o:<\/p>\n<ul>\n<li>Ao usar a pedra de gr\u00e3o grosso, aplique uma quantidade generosa de press\u00e3o. Ao passar para as pedras de gr\u00e3o m\u00e9dio e fino, use menos press\u00e3o.Finaliza\u00e7\u00e3o:<\/li>\n<li>Se, quando terminar, o fio ainda n\u00e3o estiver t\u00e3o afiado quanto gostaria, continue a polir a l\u00e2mina com a pedra de gr\u00e3o fino.<br \/>\nSe tiver uma l\u00e2mina de um lado s\u00f3 ou serrilhada, arraste a pedra de gr\u00e3o fino ao longo do lado n\u00e3o afiado algumas vezes para remover quaisquer rebarbas met\u00e1licas soltas que possam ter-se acumulado durante o afiar.<\/li>\n<\/ul>\n<p>Seja Inteligente, Seja Seguro e Mantenha-se&#8230; Um N\u00edvel Acima do Resto\u00ae!<\/p>\n<p>CUIDADO: O afiamento de facas \u00e9 uma atividade inerentemente perigosa. Utilizado corretamente, este sistema de afiamento n\u00e3o pode mago\u00e1-lo, mas uma l\u00e2mina ou objeto pontiagudo manuseado descuidadamente pode causar ferimentos.<\/p>\n","protected":false},"excerpt":{"rendered":"<p>Kit de Afiamento de Facas de Precis\u00e3o Standard 3-Pedras O Sistema de Afiamento de \u00c2ngulo Controlado Lansky\u00ae \u00e9 um sistema guiado de afia\u00e7\u00e3o de facas que garante que a sua faca seja afiada exatamente no bisel que especificar todas as vezes. Este sistema foi concebido para dar \u00e0 sua l\u00e2mina um fio profissional e extremamente [&#8230;]\n","protected":false},"featured_media":28090,"comment_status":"open","ping_status":"closed","template":"","meta":{"_monsterinsights_skip_tracking":false,"_monsterinsights_sitenote_active":false,"_monsterinsights_sitenote_note":"","_monsterinsights_sitenote_category":0},"product_brand":[],"product_cat":[1065,1097,1340,829],"product_tag":[1339,912,185],"class_list":{"0":"post-30669","1":"product","2":"type-product","3":"status-publish","4":"has-post-thumbnail","6":"product_cat-cutelariaferramentas","7":"product_cat-ferramentas","8":"product_cat-lansky","9":"product_cat-marcas","10":"product_tag-afiador-de-facas","11":"product_tag-cutelaria","12":"product_tag-kit","13":"pa_navalha-afiador","15":"first","16":"outofstock","17":"shipping-taxable","18":"purchasable","19":"product-type-variable"},"aioseo_notices":[],"jetpack_sharing_enabled":true,"_links":{"self":[{"href":"https:\/\/milicia-pro.com\/index.php\/wp-json\/wp\/v2\/product\/30669","targetHints":{"allow":["GET"]}}],"collection":[{"href":"https:\/\/milicia-pro.com\/index.php\/wp-json\/wp\/v2\/product"}],"about":[{"href":"https:\/\/milicia-pro.com\/index.php\/wp-json\/wp\/v2\/types\/product"}],"replies":[{"embeddable":true,"href":"https:\/\/milicia-pro.com\/index.php\/wp-json\/wp\/v2\/comments?post=30669"}],"wp:featuredmedia":[{"embeddable":true,"href":"https:\/\/milicia-pro.com\/index.php\/wp-json\/wp\/v2\/media\/28090"}],"wp:attachment":[{"href":"https:\/\/milicia-pro.com\/index.php\/wp-json\/wp\/v2\/media?parent=30669"}],"wp:term":[{"taxonomy":"product_brand","embeddable":true,"href":"https:\/\/milicia-pro.com\/index.php\/wp-json\/wp\/v2\/product_brand?post=30669"},{"taxonomy":"product_cat","embeddable":true,"href":"https:\/\/milicia-pro.com\/index.php\/wp-json\/wp\/v2\/product_cat?post=30669"},{"taxonomy":"product_tag","embeddable":true,"href":"https:\/\/milicia-pro.com\/index.php\/wp-json\/wp\/v2\/product_tag?post=30669"}],"curies":[{"name":"wp","href":"https:\/\/api.w.org\/{rel}","templated":true}]}}