{"id":30666,"date":"2022-09-01T17:05:11","date_gmt":"2022-09-01T17:05:11","guid":{"rendered":"https:\/\/milicia-pro.com\/?post_type=product&#038;p=30666"},"modified":"2025-09-24T17:03:46","modified_gmt":"2025-09-24T17:03:46","slug":"acessorio-rotativo-para-sistema-molle","status":"publish","type":"product","link":"https:\/\/milicia-pro.com\/index.php\/product\/acessorio-rotativo-para-sistema-molle\/","title":{"rendered":"ACESS\u00d3RIO ROTATIVO PARA  SISTEMA MOLLE"},"content":{"rendered":"<p align=\"justify\"><img loading=\"lazy\" decoding=\"async\" class=\"size-medium wp-image-41991 alignleft\" src=\"https:\/\/milicia-pro.com\/wp-content\/uploads\/2022\/09\/BKH.430950CT-300x300.jpg\" alt=\"\" width=\"300\" height=\"300\" srcset=\"https:\/\/milicia-pro.com\/wp-content\/uploads\/2022\/09\/BKH.430950CT-300x300.jpg 300w, https:\/\/milicia-pro.com\/wp-content\/uploads\/2022\/09\/BKH.430950CT-150x150.jpg 150w, https:\/\/milicia-pro.com\/wp-content\/uploads\/2022\/09\/BKH.430950CT-247x247.jpg 247w, https:\/\/milicia-pro.com\/wp-content\/uploads\/2022\/09\/BKH.430950CT-100x100.jpg 100w, https:\/\/milicia-pro.com\/wp-content\/uploads\/2022\/09\/BKH.430950CT-50x50.jpg 50w, https:\/\/milicia-pro.com\/wp-content\/uploads\/2022\/09\/BKH.430950CT.jpg 500w\" sizes=\"auto, (max-width: 300px) 100vw, 300px\" \/>Transfira facilmente o seu coldre Serpa entre plataformas, quer seja de perna, num colete t\u00e1ctico ou outra qualquer configura\u00e7\u00e3o e ainda consiga obter um \u00e2ngulo perfeito da sua arma para abranger qualquer cen\u00e1rio t\u00e1ctico que lhe surja.<\/p>\n<p align=\"justify\">O Kit \u00e9 constitu\u00eddo por um adaptador macho para colocar no coldre e duas f\u00eamea para colocar nas plataformas.<\/p>\n<p align=\"justify\">Inclui parafusos de montagem.<\/p>\n<p align=\"justify\">\n","protected":false},"excerpt":{"rendered":"<p>Transfira facilmente o seu coldre Serpa entre plataformas, quer seja de perna, num colete t\u00e1ctico ou outra qualquer configura\u00e7\u00e3o e ainda consiga obter um \u00e2ngulo perfeito da sua arma para abranger qualquer cen\u00e1rio t\u00e1ctico que lhe surja. O Kit \u00e9 constitu\u00eddo por um adaptador macho para colocar no coldre e duas f\u00eamea para colocar nas [&#8230;]\n","protected":false},"featured_media":28065,"comment_status":"open","ping_status":"closed","template":"","meta":{"_monsterinsights_skip_tracking":false,"_monsterinsights_sitenote_active":false,"_monsterinsights_sitenote_note":"","_monsterinsights_sitenote_category":0},"product_brand":[1504],"product_cat":[1115,1137,1064,829],"product_tag":[],"class_list":{"0":"post-30666","1":"product","2":"type-product","3":"status-publish","4":"has-post-thumbnail","6":"product_brand-blackhawk","7":"product_cat-acessorios-armas","8":"product_cat-blackhawk","9":"product_cat-equipamentotatico","10":"product_cat-marcas","12":"first","13":"instock","14":"shipping-taxable","15":"purchasable","16":"product-type-variable"},"aioseo_notices":[],"jetpack_sharing_enabled":true,"_links":{"self":[{"href":"https:\/\/milicia-pro.com\/index.php\/wp-json\/wp\/v2\/product\/30666","targetHints":{"allow":["GET"]}}],"collection":[{"href":"https:\/\/milicia-pro.com\/index.php\/wp-json\/wp\/v2\/product"}],"about":[{"href":"https:\/\/milicia-pro.com\/index.php\/wp-json\/wp\/v2\/types\/product"}],"replies":[{"embeddable":true,"href":"https:\/\/milicia-pro.com\/index.php\/wp-json\/wp\/v2\/comments?post=30666"}],"wp:featuredmedia":[{"embeddable":true,"href":"https:\/\/milicia-pro.com\/index.php\/wp-json\/wp\/v2\/media\/28065"}],"wp:attachment":[{"href":"https:\/\/milicia-pro.com\/index.php\/wp-json\/wp\/v2\/media?parent=30666"}],"wp:term":[{"taxonomy":"product_brand","embeddable":true,"href":"https:\/\/milicia-pro.com\/index.php\/wp-json\/wp\/v2\/product_brand?post=30666"},{"taxonomy":"product_cat","embeddable":true,"href":"https:\/\/milicia-pro.com\/index.php\/wp-json\/wp\/v2\/product_cat?post=30666"},{"taxonomy":"product_tag","embeddable":true,"href":"https:\/\/milicia-pro.com\/index.php\/wp-json\/wp\/v2\/product_tag?post=30666"}],"curies":[{"name":"wp","href":"https:\/\/api.w.org\/{rel}","templated":true}]}}