{"id":30663,"date":"2022-09-01T17:05:10","date_gmt":"2022-09-01T17:05:10","guid":{"rendered":"https:\/\/milicia-pro.com\/?post_type=product&#038;p=30663"},"modified":"2025-07-04T09:18:57","modified_gmt":"2025-07-04T09:18:57","slug":"mls-18-plataforma-de-recepcao-s-molle-com-seguranca","status":"publish","type":"product","link":"https:\/\/milicia-pro.com\/index.php\/product\/mls-18-plataforma-de-recepcao-s-molle-com-seguranca\/","title":{"rendered":"MLS-18 PLATAFORMA DE RECEP\u00c7\u00c3O S.MOLLE COM SEGURAN\u00c7A"},"content":{"rendered":"<p align=\"justify\">Parte integrante do KIT M.O.L.L.E, este acess\u00f3rio pode ser adquirido separadamente caso haja necessidade de uma nova plataforma para colocar o Coldre num novo conjunto de servi\u00e7o como por exemplo um plataforma de perna ou de cintur\u00e3o.<\/p>\n<p align=\"justify\">Fornecido com parafusos e respectiva chave de aperto.<\/p>\n","protected":false},"excerpt":{"rendered":"<p><strong>Ref.<\/strong> SL.6004.18.2<\/p>\n","protected":false},"featured_media":28061,"comment_status":"open","ping_status":"closed","template":"","meta":{"_monsterinsights_skip_tracking":false,"_monsterinsights_sitenote_active":false,"_monsterinsights_sitenote_note":"","_monsterinsights_sitenote_category":0},"product_brand":[],"product_cat":[1085,1064,829,1151],"product_tag":[55,607,807],"class_list":{"0":"post-30663","1":"product","2":"type-product","3":"status-publish","4":"has-post-thumbnail","6":"product_cat-coldre","7":"product_cat-equipamentotatico","8":"product_cat-marcas","9":"product_cat-safariland","10":"product_tag-acessorio","11":"product_tag-coldre","12":"product_tag-plataforma","14":"first","15":"instock","16":"shipping-taxable","17":"purchasable","18":"product-type-variable"},"aioseo_notices":[],"jetpack_sharing_enabled":true,"_links":{"self":[{"href":"https:\/\/milicia-pro.com\/index.php\/wp-json\/wp\/v2\/product\/30663","targetHints":{"allow":["GET"]}}],"collection":[{"href":"https:\/\/milicia-pro.com\/index.php\/wp-json\/wp\/v2\/product"}],"about":[{"href":"https:\/\/milicia-pro.com\/index.php\/wp-json\/wp\/v2\/types\/product"}],"replies":[{"embeddable":true,"href":"https:\/\/milicia-pro.com\/index.php\/wp-json\/wp\/v2\/comments?post=30663"}],"wp:featuredmedia":[{"embeddable":true,"href":"https:\/\/milicia-pro.com\/index.php\/wp-json\/wp\/v2\/media\/28061"}],"wp:attachment":[{"href":"https:\/\/milicia-pro.com\/index.php\/wp-json\/wp\/v2\/media?parent=30663"}],"wp:term":[{"taxonomy":"product_brand","embeddable":true,"href":"https:\/\/milicia-pro.com\/index.php\/wp-json\/wp\/v2\/product_brand?post=30663"},{"taxonomy":"product_cat","embeddable":true,"href":"https:\/\/milicia-pro.com\/index.php\/wp-json\/wp\/v2\/product_cat?post=30663"},{"taxonomy":"product_tag","embeddable":true,"href":"https:\/\/milicia-pro.com\/index.php\/wp-json\/wp\/v2\/product_tag?post=30663"}],"curies":[{"name":"wp","href":"https:\/\/api.w.org\/{rel}","templated":true}]}}