{"id":30662,"date":"2022-09-12T17:05:10","date_gmt":"2022-09-12T17:05:10","guid":{"rendered":"https:\/\/milicia-pro.com\/?post_type=product&#038;p=30662"},"modified":"2025-07-04T09:09:01","modified_gmt":"2025-07-04T09:09:01","slug":"mls-17-plataforma-de-recepcao-s-molle-standard","status":"publish","type":"product","link":"https:\/\/milicia-pro.com\/index.php\/product\/mls-17-plataforma-de-recepcao-s-molle-standard\/","title":{"rendered":"MLS-17 PLATAFORMA DE RECEP\u00c7\u00c3O S.MOLLE STANDARD"},"content":{"rendered":"<p align=\"justify\">Plataforma Standard, parte integrante do KIT M.O.L.L.E, este acess\u00f3rio pode ser adquirido separadamente caso haja necessidade de acrescentar a uma nova coloca\u00e7\u00e3o para o Coldre. Por exemplo: uma plataforma de cintur\u00e3o, uma plataforma de perna, uma viatura, uma secret\u00e1ria, um colete M.O.L.L.E. (com recurso ao acess\u00f3rio SL.6004.16.2), e outras possibilidades conforme a necessidade verificada.<\/p>\n<p align=\"justify\">Fornecido com parafusos e respectiva chave de aperto<\/p>\n","protected":false},"excerpt":{"rendered":"<p>Plataforma Standard, parte integrante do KIT M.O.L.L.E, este acess\u00f3rio pode ser adquirido separadamente caso haja necessidade de acrescentar a uma nova coloca\u00e7\u00e3o para o Coldre. Por exemplo: uma plataforma de cintur\u00e3o, uma plataforma de perna, uma viatura, uma secret\u00e1ria, um colete M.O.L.L.E. (com recurso ao acess\u00f3rio SL.6004.16.2), e outras possibilidades conforme a necessidade verificada. Fornecido [&#8230;]\n","protected":false},"featured_media":28060,"comment_status":"open","ping_status":"closed","template":"","meta":{"_monsterinsights_skip_tracking":false,"_monsterinsights_sitenote_active":false,"_monsterinsights_sitenote_note":"","_monsterinsights_sitenote_category":0},"product_brand":[],"product_cat":[1085,1064,829,1151],"product_tag":[607,1350,807],"class_list":{"0":"post-30662","1":"product","2":"type-product","3":"status-publish","4":"has-post-thumbnail","6":"product_cat-coldre","7":"product_cat-equipamentotatico","8":"product_cat-marcas","9":"product_cat-safariland","10":"product_tag-coldre","11":"product_tag-molle","12":"product_tag-plataforma","14":"first","15":"instock","16":"shipping-taxable","17":"purchasable","18":"product-type-variable"},"aioseo_notices":[],"jetpack_sharing_enabled":true,"_links":{"self":[{"href":"https:\/\/milicia-pro.com\/index.php\/wp-json\/wp\/v2\/product\/30662","targetHints":{"allow":["GET"]}}],"collection":[{"href":"https:\/\/milicia-pro.com\/index.php\/wp-json\/wp\/v2\/product"}],"about":[{"href":"https:\/\/milicia-pro.com\/index.php\/wp-json\/wp\/v2\/types\/product"}],"replies":[{"embeddable":true,"href":"https:\/\/milicia-pro.com\/index.php\/wp-json\/wp\/v2\/comments?post=30662"}],"wp:featuredmedia":[{"embeddable":true,"href":"https:\/\/milicia-pro.com\/index.php\/wp-json\/wp\/v2\/media\/28060"}],"wp:attachment":[{"href":"https:\/\/milicia-pro.com\/index.php\/wp-json\/wp\/v2\/media?parent=30662"}],"wp:term":[{"taxonomy":"product_brand","embeddable":true,"href":"https:\/\/milicia-pro.com\/index.php\/wp-json\/wp\/v2\/product_brand?post=30662"},{"taxonomy":"product_cat","embeddable":true,"href":"https:\/\/milicia-pro.com\/index.php\/wp-json\/wp\/v2\/product_cat?post=30662"},{"taxonomy":"product_tag","embeddable":true,"href":"https:\/\/milicia-pro.com\/index.php\/wp-json\/wp\/v2\/product_tag?post=30662"}],"curies":[{"name":"wp","href":"https:\/\/api.w.org\/{rel}","templated":true}]}}