{"id":30661,"date":"2022-09-01T17:05:10","date_gmt":"2022-09-01T17:05:10","guid":{"rendered":"https:\/\/milicia-pro.com\/?post_type=product&#038;p=30661"},"modified":"2025-07-04T09:19:32","modified_gmt":"2025-07-04T09:19:32","slug":"mls-16-gancho-molle-acessorios","status":"publish","type":"product","link":"https:\/\/milicia-pro.com\/index.php\/product\/mls-16-gancho-molle-acessorios\/","title":{"rendered":"MLS-16 GANCHO MOLLE ACESS\u00d3RIOS"},"content":{"rendered":"<p>&nbsp;<\/p>\n<p align=\"justify\">Parte integrante do KIT M.O.L.L.E, este acess\u00f3rio pode ser adquirido separadamente.<\/p>\n<p align=\"justify\">A sua fun\u00e7\u00e3o \u00e9 a de permitir colocar a plataforma MLS Standard num colete M.O.L.L.E., se j\u00e1 tiver essa plataforma colocada no cintur\u00e3o ou numa plataforma de perna.<\/p>\n<p align=\"justify\">Fornecido com parafusos e respectiva chave de aperto<\/p>\n","protected":false},"excerpt":{"rendered":"<p>Ref. SL.6004.16.2<\/p>\n","protected":false},"featured_media":28059,"comment_status":"open","ping_status":"closed","template":"","meta":{"_monsterinsights_skip_tracking":false,"_monsterinsights_sitenote_active":false,"_monsterinsights_sitenote_note":"","_monsterinsights_sitenote_category":0},"product_brand":[],"product_cat":[1085,1064,829,1151],"product_tag":[55,64,1351,1350],"class_list":{"0":"post-30661","1":"product","2":"type-product","3":"status-publish","4":"has-post-thumbnail","6":"product_cat-coldre","7":"product_cat-equipamentotatico","8":"product_cat-marcas","9":"product_cat-safariland","10":"product_tag-acessorio","11":"product_tag-arma","12":"product_tag-gancho","13":"product_tag-molle","15":"first","16":"instock","17":"shipping-taxable","18":"purchasable","19":"product-type-variable"},"aioseo_notices":[],"jetpack_sharing_enabled":true,"_links":{"self":[{"href":"https:\/\/milicia-pro.com\/index.php\/wp-json\/wp\/v2\/product\/30661","targetHints":{"allow":["GET"]}}],"collection":[{"href":"https:\/\/milicia-pro.com\/index.php\/wp-json\/wp\/v2\/product"}],"about":[{"href":"https:\/\/milicia-pro.com\/index.php\/wp-json\/wp\/v2\/types\/product"}],"replies":[{"embeddable":true,"href":"https:\/\/milicia-pro.com\/index.php\/wp-json\/wp\/v2\/comments?post=30661"}],"wp:featuredmedia":[{"embeddable":true,"href":"https:\/\/milicia-pro.com\/index.php\/wp-json\/wp\/v2\/media\/28059"}],"wp:attachment":[{"href":"https:\/\/milicia-pro.com\/index.php\/wp-json\/wp\/v2\/media?parent=30661"}],"wp:term":[{"taxonomy":"product_brand","embeddable":true,"href":"https:\/\/milicia-pro.com\/index.php\/wp-json\/wp\/v2\/product_brand?post=30661"},{"taxonomy":"product_cat","embeddable":true,"href":"https:\/\/milicia-pro.com\/index.php\/wp-json\/wp\/v2\/product_cat?post=30661"},{"taxonomy":"product_tag","embeddable":true,"href":"https:\/\/milicia-pro.com\/index.php\/wp-json\/wp\/v2\/product_tag?post=30661"}],"curies":[{"name":"wp","href":"https:\/\/api.w.org\/{rel}","templated":true}]}}