{"id":30659,"date":"2022-09-01T17:05:10","date_gmt":"2022-09-01T17:05:10","guid":{"rendered":"https:\/\/milicia-pro.com\/?post_type=product&#038;p=30659"},"modified":"2025-09-24T16:55:12","modified_gmt":"2025-09-24T16:55:12","slug":"red-gun-hk-ump","status":"publish","type":"product","link":"https:\/\/milicia-pro.com\/index.php\/product\/red-gun-hk-ump\/","title":{"rendered":"RED GUN H&amp;K UMP"},"content":{"rendered":"<p>Para todos aqueles que necessitam de uma r\u00e9plica de treino com as dimens\u00f5es e peso exactas da\u00a0arma real.<\/p>\n<p>Ideal para testar acess\u00f3rios e coldres.<\/p>\n<p>Pol\u00edmero ultra resistente.<\/p>\n<p>R\u00e9plica de uma H&amp;K UMP<\/p>\n","protected":false},"excerpt":{"rendered":"<p>Para todos aqueles que necessitam de uma r\u00e9plica de treino com as dimens\u00f5es e peso exactas da\u00a0arma real. Ideal para testar acess\u00f3rios e coldres. Pol\u00edmero ultra resistente. R\u00e9plica de uma H&amp;K UMP<\/p>\n","protected":false},"featured_media":28057,"comment_status":"open","ping_status":"closed","template":"","meta":{"_monsterinsights_skip_tracking":false,"_monsterinsights_sitenote_active":false,"_monsterinsights_sitenote_note":"","_monsterinsights_sitenote_category":0},"product_brand":[1501],"product_cat":[1115,1314,1064,829,1354],"product_tag":[65,1316,333],"class_list":{"0":"post-30659","1":"product","2":"type-product","3":"status-publish","4":"has-post-thumbnail","6":"product_brand-asp","7":"product_cat-acessorios-armas","8":"product_cat-asp","9":"product_cat-equipamentotatico","10":"product_cat-marcas","11":"product_cat-red-gun","12":"product_tag-arma-longa","13":"product_tag-red-gun","14":"product_tag-treino","16":"first","17":"outofstock","18":"shipping-taxable","19":"purchasable","20":"product-type-variable"},"aioseo_notices":[],"jetpack_sharing_enabled":true,"_links":{"self":[{"href":"https:\/\/milicia-pro.com\/index.php\/wp-json\/wp\/v2\/product\/30659","targetHints":{"allow":["GET"]}}],"collection":[{"href":"https:\/\/milicia-pro.com\/index.php\/wp-json\/wp\/v2\/product"}],"about":[{"href":"https:\/\/milicia-pro.com\/index.php\/wp-json\/wp\/v2\/types\/product"}],"replies":[{"embeddable":true,"href":"https:\/\/milicia-pro.com\/index.php\/wp-json\/wp\/v2\/comments?post=30659"}],"wp:featuredmedia":[{"embeddable":true,"href":"https:\/\/milicia-pro.com\/index.php\/wp-json\/wp\/v2\/media\/28057"}],"wp:attachment":[{"href":"https:\/\/milicia-pro.com\/index.php\/wp-json\/wp\/v2\/media?parent=30659"}],"wp:term":[{"taxonomy":"product_brand","embeddable":true,"href":"https:\/\/milicia-pro.com\/index.php\/wp-json\/wp\/v2\/product_brand?post=30659"},{"taxonomy":"product_cat","embeddable":true,"href":"https:\/\/milicia-pro.com\/index.php\/wp-json\/wp\/v2\/product_cat?post=30659"},{"taxonomy":"product_tag","embeddable":true,"href":"https:\/\/milicia-pro.com\/index.php\/wp-json\/wp\/v2\/product_tag?post=30659"}],"curies":[{"name":"wp","href":"https:\/\/api.w.org\/{rel}","templated":true}]}}