{"id":30650,"date":"2022-09-01T17:05:09","date_gmt":"2022-09-01T17:05:09","guid":{"rendered":"https:\/\/milicia-pro.com\/?post_type=product&#038;p=30650"},"modified":"2025-05-16T14:12:16","modified_gmt":"2025-05-16T14:12:16","slug":"porta-carregador-sigle-stx-hk-p2000","status":"publish","type":"product","link":"https:\/\/milicia-pro.com\/index.php\/product\/porta-carregador-sigle-stx-hk-p2000\/","title":{"rendered":"PORTA CARREGADOR SINGLE STX HK P2000"},"content":{"rendered":"<p align=\"justify\">Porta carregador single em material STX Tactical, para carregadores 9MM.<\/p>\n<p align=\"justify\">Pode regular-se em duas posi\u00e7\u00f5es distintas para se adaptar a diversos tamanhos de carregador.<\/p>\n<p align=\"justify\">Adapt\u00e1vel a cintur\u00e3o, na posi\u00e7\u00e3o vertical.<\/p>\n","protected":false},"excerpt":{"rendered":"<p>Porta carregador single em material STX Tactical, para carregadores 9MM. Pode regular-se em duas posi\u00e7\u00f5es distintas para se adaptar a diversos tamanhos de carregador. Adapt\u00e1vel a cintur\u00e3o, na posi\u00e7\u00e3o vertical.<\/p>\n","protected":false},"featured_media":28048,"comment_status":"open","ping_status":"closed","template":"","meta":{"_monsterinsights_skip_tracking":false,"_monsterinsights_sitenote_active":false,"_monsterinsights_sitenote_note":"","_monsterinsights_sitenote_category":0},"product_brand":[],"product_cat":[1064,829,1086,1151],"product_tag":[255,303],"class_list":{"0":"post-30650","1":"product","2":"type-product","3":"status-publish","4":"has-post-thumbnail","6":"product_cat-equipamentotatico","7":"product_cat-marcas","8":"product_cat-portacarregador","9":"product_cat-safariland","10":"product_tag-porta-carregador","11":"product_tag-single","13":"first","14":"instock","15":"shipping-taxable","16":"purchasable","17":"product-type-variable"},"aioseo_notices":[],"jetpack_sharing_enabled":true,"_links":{"self":[{"href":"https:\/\/milicia-pro.com\/index.php\/wp-json\/wp\/v2\/product\/30650","targetHints":{"allow":["GET"]}}],"collection":[{"href":"https:\/\/milicia-pro.com\/index.php\/wp-json\/wp\/v2\/product"}],"about":[{"href":"https:\/\/milicia-pro.com\/index.php\/wp-json\/wp\/v2\/types\/product"}],"replies":[{"embeddable":true,"href":"https:\/\/milicia-pro.com\/index.php\/wp-json\/wp\/v2\/comments?post=30650"}],"wp:featuredmedia":[{"embeddable":true,"href":"https:\/\/milicia-pro.com\/index.php\/wp-json\/wp\/v2\/media\/28048"}],"wp:attachment":[{"href":"https:\/\/milicia-pro.com\/index.php\/wp-json\/wp\/v2\/media?parent=30650"}],"wp:term":[{"taxonomy":"product_brand","embeddable":true,"href":"https:\/\/milicia-pro.com\/index.php\/wp-json\/wp\/v2\/product_brand?post=30650"},{"taxonomy":"product_cat","embeddable":true,"href":"https:\/\/milicia-pro.com\/index.php\/wp-json\/wp\/v2\/product_cat?post=30650"},{"taxonomy":"product_tag","embeddable":true,"href":"https:\/\/milicia-pro.com\/index.php\/wp-json\/wp\/v2\/product_tag?post=30650"}],"curies":[{"name":"wp","href":"https:\/\/api.w.org\/{rel}","templated":true}]}}