{"id":30646,"date":"2022-09-01T17:05:09","date_gmt":"2022-09-01T17:05:09","guid":{"rendered":"https:\/\/milicia-pro.com\/?post_type=product&#038;p=30646"},"modified":"2025-09-24T17:03:58","modified_gmt":"2025-09-24T17:03:58","slug":"bolsa-porta-municoes-308-com-speed-clips","status":"publish","type":"product","link":"https:\/\/milicia-pro.com\/index.php\/product\/bolsa-porta-municoes-308-com-speed-clips\/","title":{"rendered":"BOLSA PORTA MUNI\u00c7\u00d5ES, 308 COM SPEED CLIPS"},"content":{"rendered":"<ul>\n<li>Acomoda facilmente 20 muni\u00e7\u00f5es de calibre .308<\/li>\n<li>Banda el\u00e1stica que fica por cima das muni\u00e7\u00f5es para prote\u00e7\u00e3o<\/li>\n<li>Inclui um suporte el\u00e1stico para caneta ou l\u00e1pis<\/li>\n<li>As bolsas interiores laterais possuem o topo em material transparente para leitura de dados sobre o tiro<\/li>\n<li>Compat\u00edvel com qualquer plataforma M.O.L.L.E., \u00e9 fornecida com dois Speed clips<\/li>\n<li>Dois fechos de aperto ajust\u00e1veis<\/li>\n<\/ul>\n","protected":false},"excerpt":{"rendered":"<p>Acomoda facilmente 20 muni\u00e7\u00f5es de calibre .308 Banda el\u00e1stica que fica por cima das muni\u00e7\u00f5es para prote\u00e7\u00e3o Inclui um suporte el\u00e1stico para caneta ou l\u00e1pis As bolsas interiores laterais possuem o topo em material transparente para leitura de dados sobre o tiro Compat\u00edvel com qualquer plataforma M.O.L.L.E., \u00e9 fornecida com dois Speed clips Dois fechos [&#8230;]\n","protected":false},"featured_media":28022,"comment_status":"open","ping_status":"closed","template":"","meta":{"_monsterinsights_skip_tracking":false,"_monsterinsights_sitenote_active":false,"_monsterinsights_sitenote_note":"","_monsterinsights_sitenote_category":0},"product_brand":[1504],"product_cat":[1137,1107,829,1467],"product_tag":[80,265],"class_list":{"0":"post-30646","1":"product","2":"type-product","3":"status-publish","4":"has-post-thumbnail","6":"product_brand-blackhawk","7":"product_cat-blackhawk","8":"product_cat-bolsas","9":"product_cat-marcas","10":"product_cat-mochilas-bolsas","11":"product_tag-bolsa","12":"product_tag-porta-municoes","14":"first","15":"instock","16":"shipping-taxable","17":"purchasable","18":"product-type-variable"},"aioseo_notices":[],"jetpack_sharing_enabled":true,"_links":{"self":[{"href":"https:\/\/milicia-pro.com\/index.php\/wp-json\/wp\/v2\/product\/30646","targetHints":{"allow":["GET"]}}],"collection":[{"href":"https:\/\/milicia-pro.com\/index.php\/wp-json\/wp\/v2\/product"}],"about":[{"href":"https:\/\/milicia-pro.com\/index.php\/wp-json\/wp\/v2\/types\/product"}],"replies":[{"embeddable":true,"href":"https:\/\/milicia-pro.com\/index.php\/wp-json\/wp\/v2\/comments?post=30646"}],"wp:featuredmedia":[{"embeddable":true,"href":"https:\/\/milicia-pro.com\/index.php\/wp-json\/wp\/v2\/media\/28022"}],"wp:attachment":[{"href":"https:\/\/milicia-pro.com\/index.php\/wp-json\/wp\/v2\/media?parent=30646"}],"wp:term":[{"taxonomy":"product_brand","embeddable":true,"href":"https:\/\/milicia-pro.com\/index.php\/wp-json\/wp\/v2\/product_brand?post=30646"},{"taxonomy":"product_cat","embeddable":true,"href":"https:\/\/milicia-pro.com\/index.php\/wp-json\/wp\/v2\/product_cat?post=30646"},{"taxonomy":"product_tag","embeddable":true,"href":"https:\/\/milicia-pro.com\/index.php\/wp-json\/wp\/v2\/product_tag?post=30646"}],"curies":[{"name":"wp","href":"https:\/\/api.w.org\/{rel}","templated":true}]}}