{"id":30645,"date":"2022-09-01T17:05:08","date_gmt":"2022-09-01T17:05:08","guid":{"rendered":"https:\/\/milicia-pro.com\/?post_type=product&#038;p=30645"},"modified":"2025-09-24T17:04:55","modified_gmt":"2025-09-24T17:04:55","slug":"funda-para-faca-7","status":"publish","type":"product","link":"https:\/\/milicia-pro.com\/index.php\/product\/funda-para-faca-7\/","title":{"rendered":"FUNDA PARA FACA 7&#8243;"},"content":{"rendered":"<p align=\"justify\">Desenvolvida de modo a ser usada \u00e0 cintura ou sobre um colete tactico \u00e9 o complemento ideal da sua faca de assalto.<\/p>\n<ul>\n<li>Em Nylon bal\u00edstico<\/li>\n<li>Protec\u00e7\u00e3o da l\u00e2mina emTalonflex\u2122<\/li>\n<li>Para facas de l\u00e2mina fixa at\u00e9178mm comprimento, 32mm largura, 6mm espessura m\u00e1xima<\/li>\n<li>Possui uma bolsa exterior para transportar uma pedra de amolar ou uma pequena ferramenta<\/li>\n<li>Diversas regula\u00e7\u00f5es em Velcro para uma versatilidade total, quer em termos de aplica\u00e7\u00e3o, quer em termos da faca a transportar<\/li>\n<\/ul>\n<p>&nbsp;<\/p>\n","protected":false},"excerpt":{"rendered":"<p>&nbsp;<\/p>\n<p>&nbsp;<\/p>\n","protected":false},"featured_media":28020,"comment_status":"open","ping_status":"closed","template":"","meta":{"_monsterinsights_skip_tracking":false,"_monsterinsights_sitenote_active":false,"_monsterinsights_sitenote_note":"","_monsterinsights_sitenote_category":0},"product_brand":[1504],"product_cat":[1137,1064,1269,829],"product_tag":[147,1270],"class_list":{"0":"post-30645","1":"product","2":"type-product","3":"status-publish","4":"has-post-thumbnail","6":"product_brand-blackhawk","7":"product_cat-blackhawk","8":"product_cat-equipamentotatico","9":"product_cat-funda-para-faca","10":"product_cat-marcas","11":"product_tag-faca","12":"product_tag-funda-para-faca","14":"first","15":"instock","16":"shipping-taxable","17":"purchasable","18":"product-type-variable"},"aioseo_notices":[],"jetpack_sharing_enabled":true,"_links":{"self":[{"href":"https:\/\/milicia-pro.com\/index.php\/wp-json\/wp\/v2\/product\/30645","targetHints":{"allow":["GET"]}}],"collection":[{"href":"https:\/\/milicia-pro.com\/index.php\/wp-json\/wp\/v2\/product"}],"about":[{"href":"https:\/\/milicia-pro.com\/index.php\/wp-json\/wp\/v2\/types\/product"}],"replies":[{"embeddable":true,"href":"https:\/\/milicia-pro.com\/index.php\/wp-json\/wp\/v2\/comments?post=30645"}],"wp:featuredmedia":[{"embeddable":true,"href":"https:\/\/milicia-pro.com\/index.php\/wp-json\/wp\/v2\/media\/28020"}],"wp:attachment":[{"href":"https:\/\/milicia-pro.com\/index.php\/wp-json\/wp\/v2\/media?parent=30645"}],"wp:term":[{"taxonomy":"product_brand","embeddable":true,"href":"https:\/\/milicia-pro.com\/index.php\/wp-json\/wp\/v2\/product_brand?post=30645"},{"taxonomy":"product_cat","embeddable":true,"href":"https:\/\/milicia-pro.com\/index.php\/wp-json\/wp\/v2\/product_cat?post=30645"},{"taxonomy":"product_tag","embeddable":true,"href":"https:\/\/milicia-pro.com\/index.php\/wp-json\/wp\/v2\/product_tag?post=30645"}],"curies":[{"name":"wp","href":"https:\/\/api.w.org\/{rel}","templated":true}]}}