{"id":30643,"date":"2022-09-01T17:05:02","date_gmt":"2022-09-01T17:05:02","guid":{"rendered":"https:\/\/milicia-pro.com\/?post_type=product&#038;p=30643"},"modified":"2025-09-24T17:05:23","modified_gmt":"2025-09-24T17:05:23","slug":"porta-luvas-em-cordura","status":"publish","type":"product","link":"https:\/\/milicia-pro.com\/index.php\/product\/porta-luvas-em-cordura\/","title":{"rendered":"PORTA LUVAS DE LATEX-NYLON RIGIDIO\u00ae"},"content":{"rendered":"<p>Transporte as luvas latex de servi\u00e7o de uma forma profissional e sempre agrad\u00e1vel \u00e0 vista, com a funda de transporte Duty Gear, fabricada em Cordura\u00ae, nunca mais vai precisar de se preocupar com a abras\u00e3o do nylon.<\/p>\n<ul>\n<li>Fabricada com a tecnologia patenteada de 5 camadas de Nylon de Cordura\u00ae<\/li>\n<li>Resistente \u00e0 abras\u00e3o, cortes e rasp\u00f5es<\/li>\n<li>Material leve, mas extremamente resistente<\/li>\n<\/ul>\n<p>&nbsp;<\/p>\n","protected":false},"excerpt":{"rendered":"<p>Transporte as luvas latex de servi\u00e7o de uma forma profissional e sempre agrad\u00e1vel \u00e0 vista, com a funda de transporte Duty Gear, fabricada em Cordura\u00ae, nunca mais vai precisar de se preocupar com a abras\u00e3o do nylon. Fabricada com a tecnologia patenteada de 5 camadas de Nylon de Cordura\u00ae Resistente \u00e0 abras\u00e3o, cortes e rasp\u00f5es [&#8230;]\n","protected":false},"featured_media":28017,"comment_status":"open","ping_status":"closed","template":"","meta":{"_monsterinsights_skip_tracking":false,"_monsterinsights_sitenote_active":false,"_monsterinsights_sitenote_note":"","_monsterinsights_sitenote_category":0},"product_brand":[1504],"product_cat":[1137,1064,1088,829],"product_tag":[1272,1273],"class_list":{"0":"post-30643","1":"product","2":"type-product","3":"status-publish","4":"has-post-thumbnail","6":"product_brand-blackhawk","7":"product_cat-blackhawk","8":"product_cat-equipamentotatico","9":"product_cat-luvas","10":"product_cat-marcas","11":"product_tag-luvas-latex","12":"product_tag-porta-luvas","14":"first","15":"instock","16":"shipping-taxable","17":"purchasable","18":"product-type-variable"},"aioseo_notices":[],"jetpack_sharing_enabled":true,"_links":{"self":[{"href":"https:\/\/milicia-pro.com\/index.php\/wp-json\/wp\/v2\/product\/30643","targetHints":{"allow":["GET"]}}],"collection":[{"href":"https:\/\/milicia-pro.com\/index.php\/wp-json\/wp\/v2\/product"}],"about":[{"href":"https:\/\/milicia-pro.com\/index.php\/wp-json\/wp\/v2\/types\/product"}],"replies":[{"embeddable":true,"href":"https:\/\/milicia-pro.com\/index.php\/wp-json\/wp\/v2\/comments?post=30643"}],"wp:featuredmedia":[{"embeddable":true,"href":"https:\/\/milicia-pro.com\/index.php\/wp-json\/wp\/v2\/media\/28017"}],"wp:attachment":[{"href":"https:\/\/milicia-pro.com\/index.php\/wp-json\/wp\/v2\/media?parent=30643"}],"wp:term":[{"taxonomy":"product_brand","embeddable":true,"href":"https:\/\/milicia-pro.com\/index.php\/wp-json\/wp\/v2\/product_brand?post=30643"},{"taxonomy":"product_cat","embeddable":true,"href":"https:\/\/milicia-pro.com\/index.php\/wp-json\/wp\/v2\/product_cat?post=30643"},{"taxonomy":"product_tag","embeddable":true,"href":"https:\/\/milicia-pro.com\/index.php\/wp-json\/wp\/v2\/product_tag?post=30643"}],"curies":[{"name":"wp","href":"https:\/\/api.w.org\/{rel}","templated":true}]}}