{"id":30641,"date":"2022-09-01T17:05:02","date_gmt":"2022-09-01T17:05:02","guid":{"rendered":"https:\/\/milicia-pro.com\/?post_type=product&#038;p=30641"},"modified":"2025-09-24T17:05:05","modified_gmt":"2025-09-24T17:05:05","slug":"plataforma-m-o-l-l-e-p-coldre-serpa","status":"publish","type":"product","link":"https:\/\/milicia-pro.com\/index.php\/product\/plataforma-m-o-l-l-e-p-coldre-serpa\/","title":{"rendered":"PLATAFORMA M.O.L.L.E. PARA COLDRE SERPA"},"content":{"rendered":"<p>Plataforma SERPA S.T.R.I.K.E.\u00ae CQC\u2122. Coloque o seu coldre Serpa num colete tactico na posi\u00e7\u00e3o que melhor se adaptar \u00e0s necessidades da sua miss\u00e3o com a plataforma modular Serpa.<\/p>\n<ul>\n<li>Plataforma ambidextra em pol\u00edmero de fibra de carbono<\/li>\n<li>Possibilidade de montar o coldre em diversos \u00e2ngulos<\/li>\n<li>Podem ser adaptados Rails para montagem de diferentes acess\u00f3rios como: porta-carregadores, fundas de lanternas ou de navalhas, etc.<\/li>\n<li>Monte o seu coldre Serpa em qualquer plataforma S.T.R.I.K.E. ou MOLLE (coletes,plataformas de perna, mochilas, etc.)<\/li>\n<li>design patenteado<\/li>\n<\/ul>\n","protected":false},"excerpt":{"rendered":"<p>Plataforma SERPA S.T.R.I.K.E.\u00ae CQC\u2122. Coloque o seu coldre Serpa num colete tactico na posi\u00e7\u00e3o que melhor se adaptar \u00e0s necessidades da sua miss\u00e3o com a plataforma modular Serpa. Plataforma ambidextra em pol\u00edmero de fibra de carbono Possibilidade de montar o coldre em diversos \u00e2ngulos Podem ser adaptados Rails para montagem de diferentes acess\u00f3rios como: porta-carregadores, [&#8230;]\n","protected":false},"featured_media":28015,"comment_status":"open","ping_status":"closed","template":"","meta":{"_monsterinsights_skip_tracking":false,"_monsterinsights_sitenote_active":false,"_monsterinsights_sitenote_note":"","_monsterinsights_sitenote_category":0},"product_brand":[1504],"product_cat":[1137,1085,1064,829],"product_tag":[607,807],"class_list":{"0":"post-30641","1":"product","2":"type-product","3":"status-publish","4":"has-post-thumbnail","6":"product_brand-blackhawk","7":"product_cat-blackhawk","8":"product_cat-coldre","9":"product_cat-equipamentotatico","10":"product_cat-marcas","11":"product_tag-coldre","12":"product_tag-plataforma","14":"first","15":"instock","16":"shipping-taxable","17":"purchasable","18":"product-type-variable"},"aioseo_notices":[],"jetpack_sharing_enabled":true,"_links":{"self":[{"href":"https:\/\/milicia-pro.com\/index.php\/wp-json\/wp\/v2\/product\/30641","targetHints":{"allow":["GET"]}}],"collection":[{"href":"https:\/\/milicia-pro.com\/index.php\/wp-json\/wp\/v2\/product"}],"about":[{"href":"https:\/\/milicia-pro.com\/index.php\/wp-json\/wp\/v2\/types\/product"}],"replies":[{"embeddable":true,"href":"https:\/\/milicia-pro.com\/index.php\/wp-json\/wp\/v2\/comments?post=30641"}],"wp:featuredmedia":[{"embeddable":true,"href":"https:\/\/milicia-pro.com\/index.php\/wp-json\/wp\/v2\/media\/28015"}],"wp:attachment":[{"href":"https:\/\/milicia-pro.com\/index.php\/wp-json\/wp\/v2\/media?parent=30641"}],"wp:term":[{"taxonomy":"product_brand","embeddable":true,"href":"https:\/\/milicia-pro.com\/index.php\/wp-json\/wp\/v2\/product_brand?post=30641"},{"taxonomy":"product_cat","embeddable":true,"href":"https:\/\/milicia-pro.com\/index.php\/wp-json\/wp\/v2\/product_cat?post=30641"},{"taxonomy":"product_tag","embeddable":true,"href":"https:\/\/milicia-pro.com\/index.php\/wp-json\/wp\/v2\/product_tag?post=30641"}],"curies":[{"name":"wp","href":"https:\/\/api.w.org\/{rel}","templated":true}]}}