{"id":30640,"date":"2022-09-01T17:05:01","date_gmt":"2022-09-01T17:05:01","guid":{"rendered":"https:\/\/milicia-pro.com\/?post_type=product&#038;p=30640"},"modified":"2025-09-24T17:06:21","modified_gmt":"2025-09-24T17:06:21","slug":"porta-carregador-tactical-single","status":"publish","type":"product","link":"https:\/\/milicia-pro.com\/index.php\/product\/porta-carregador-tactical-single\/","title":{"rendered":"PORTA CARREGADOR TACTICAL SINGLE"},"content":{"rendered":"<p align=\"justify\">Os porta carregadores da linha Carbon Fiber da Blackhawk possuem uma mola tensora interior que mant\u00e9m o carregador firmemente posicionado at\u00e9 ser necess\u00e1rio a sua extra\u00e7\u00e3o. A funda Tactica possui uma tampa no mesmo material composto com um fecho por mola.<\/p>\n<ul>\n<li>Pode ser utilizado com diversos tipos de carregadores<\/li>\n<li>Pode ser montado directamente na plataforma de perna Serpa<\/li>\n<\/ul>\n<p>&nbsp;<\/p>\n","protected":false},"excerpt":{"rendered":"<p>Os porta carregadores da linha Carbon Fiber da Blackhawk possuem uma mola tensora interior que mant\u00e9m o carregador firmemente posicionado at\u00e9 ser necess\u00e1rio a sua extra\u00e7\u00e3o. A funda Tactica possui uma tampa no mesmo material composto com um fecho por mola. Pode ser utilizado com diversos tipos de carregadores Pode ser montado directamente na plataforma [&#8230;]\n","protected":false},"featured_media":28012,"comment_status":"open","ping_status":"closed","template":"","meta":{"_monsterinsights_skip_tracking":false,"_monsterinsights_sitenote_active":false,"_monsterinsights_sitenote_note":"","_monsterinsights_sitenote_category":0},"product_brand":[1504],"product_cat":[1137,1064,829,1086],"product_tag":[255],"class_list":{"0":"post-30640","1":"product","2":"type-product","3":"status-publish","4":"has-post-thumbnail","6":"product_brand-blackhawk","7":"product_cat-blackhawk","8":"product_cat-equipamentotatico","9":"product_cat-marcas","10":"product_cat-portacarregador","11":"product_tag-porta-carregador","13":"first","14":"instock","15":"shipping-taxable","16":"purchasable","17":"product-type-variable"},"aioseo_notices":[],"jetpack_sharing_enabled":true,"_links":{"self":[{"href":"https:\/\/milicia-pro.com\/index.php\/wp-json\/wp\/v2\/product\/30640","targetHints":{"allow":["GET"]}}],"collection":[{"href":"https:\/\/milicia-pro.com\/index.php\/wp-json\/wp\/v2\/product"}],"about":[{"href":"https:\/\/milicia-pro.com\/index.php\/wp-json\/wp\/v2\/types\/product"}],"replies":[{"embeddable":true,"href":"https:\/\/milicia-pro.com\/index.php\/wp-json\/wp\/v2\/comments?post=30640"}],"wp:featuredmedia":[{"embeddable":true,"href":"https:\/\/milicia-pro.com\/index.php\/wp-json\/wp\/v2\/media\/28012"}],"wp:attachment":[{"href":"https:\/\/milicia-pro.com\/index.php\/wp-json\/wp\/v2\/media?parent=30640"}],"wp:term":[{"taxonomy":"product_brand","embeddable":true,"href":"https:\/\/milicia-pro.com\/index.php\/wp-json\/wp\/v2\/product_brand?post=30640"},{"taxonomy":"product_cat","embeddable":true,"href":"https:\/\/milicia-pro.com\/index.php\/wp-json\/wp\/v2\/product_cat?post=30640"},{"taxonomy":"product_tag","embeddable":true,"href":"https:\/\/milicia-pro.com\/index.php\/wp-json\/wp\/v2\/product_tag?post=30640"}],"curies":[{"name":"wp","href":"https:\/\/api.w.org\/{rel}","templated":true}]}}