{"id":30639,"date":"2022-09-01T17:05:01","date_gmt":"2022-09-01T17:05:01","guid":{"rendered":"https:\/\/milicia-pro.com\/?post_type=product&#038;p=30639"},"modified":"2026-02-11T18:10:23","modified_gmt":"2026-02-11T18:10:23","slug":"funda-para-lanterna-carbon-fiber","status":"publish","type":"product","link":"https:\/\/milicia-pro.com\/index.php\/product\/funda-para-lanterna-carbon-fiber\/","title":{"rendered":"FUNDA PARA LANTERNA CARBON FIBER"},"content":{"rendered":"<p align=\"justify\">As fundas para lanterna da linha Carbon Fiber da Blackhawk possuem uma mola tensora interior que mant\u00e9m a lanterna firmemente posicionada at\u00e9 ser necess\u00e1ria a sua extra\u00e7\u00e3o. Esta funda possui ainda um formato que a torna \u00fanica, evitando o accionamento acidental da lanterna.<\/p>\n<ul>\n<li>Pode ser utilizado com diversos tipos de lanternas<\/li>\n<li>Possui um clip para cinto remov\u00edvel<\/li>\n<li>Pode ser montado em qualquer plataforma CQC da Blackhawk<\/li>\n<\/ul>\n","protected":false},"excerpt":{"rendered":"<p>As fundas para lanterna da linha Carbon Fiber da Blackhawk possuem uma mola tensora interior que mant\u00e9m a lanterna firmemente posicionada at\u00e9 ser necess\u00e1ria a sua extra\u00e7\u00e3o. Esta funda possui ainda um formato que a torna \u00fanica, evitando o accionamento acidental da lanterna. Pode ser utilizado com diversos tipos de lanternas Possui um clip para [&#8230;]\n","protected":false},"featured_media":27988,"comment_status":"open","ping_status":"closed","template":"","meta":{"_monsterinsights_skip_tracking":false,"_monsterinsights_sitenote_active":false,"_monsterinsights_sitenote_note":"","_monsterinsights_sitenote_category":0},"product_brand":[1504],"product_cat":[1137,1064,1333,829],"product_tag":[928,262],"class_list":{"0":"post-30639","1":"product","2":"type-product","3":"status-publish","4":"has-post-thumbnail","6":"product_brand-blackhawk","7":"product_cat-blackhawk","8":"product_cat-equipamentotatico","9":"product_cat-lanterna-acessorios-armas","10":"product_cat-marcas","11":"product_tag-funda","12":"product_tag-porta-lanterna","14":"first","15":"instock","16":"shipping-taxable","17":"purchasable","18":"product-type-variable"},"aioseo_notices":[],"jetpack_sharing_enabled":true,"_links":{"self":[{"href":"https:\/\/milicia-pro.com\/index.php\/wp-json\/wp\/v2\/product\/30639","targetHints":{"allow":["GET"]}}],"collection":[{"href":"https:\/\/milicia-pro.com\/index.php\/wp-json\/wp\/v2\/product"}],"about":[{"href":"https:\/\/milicia-pro.com\/index.php\/wp-json\/wp\/v2\/types\/product"}],"replies":[{"embeddable":true,"href":"https:\/\/milicia-pro.com\/index.php\/wp-json\/wp\/v2\/comments?post=30639"}],"wp:featuredmedia":[{"embeddable":true,"href":"https:\/\/milicia-pro.com\/index.php\/wp-json\/wp\/v2\/media\/27988"}],"wp:attachment":[{"href":"https:\/\/milicia-pro.com\/index.php\/wp-json\/wp\/v2\/media?parent=30639"}],"wp:term":[{"taxonomy":"product_brand","embeddable":true,"href":"https:\/\/milicia-pro.com\/index.php\/wp-json\/wp\/v2\/product_brand?post=30639"},{"taxonomy":"product_cat","embeddable":true,"href":"https:\/\/milicia-pro.com\/index.php\/wp-json\/wp\/v2\/product_cat?post=30639"},{"taxonomy":"product_tag","embeddable":true,"href":"https:\/\/milicia-pro.com\/index.php\/wp-json\/wp\/v2\/product_tag?post=30639"}],"curies":[{"name":"wp","href":"https:\/\/api.w.org\/{rel}","templated":true}]}}