{"id":30638,"date":"2022-09-01T17:05:01","date_gmt":"2022-09-01T17:05:01","guid":{"rendered":"https:\/\/milicia-pro.com\/?post_type=product&#038;p=30638"},"modified":"2025-09-24T16:56:01","modified_gmt":"2025-09-24T16:56:01","slug":"lanterna-asp-c-led-tungsten-1","status":"publish","type":"product","link":"https:\/\/milicia-pro.com\/index.php\/product\/lanterna-asp-c-led-tungsten-1\/","title":{"rendered":"LANTERNA ASP C\/LED TUNGSTEN 1"},"content":{"rendered":"<p>As novas lanternas ASP Tungsten utilizam a tecnologia LED, proporcionando uma incr\u00edvel luminosidade apesar do seu pequeno tamanho. Constru\u00edda em alum\u00ednio Aeroespacial. Ao serem herm\u00e9ticas tornam-se resistentes \u00e0 \u00e1gua, p\u00f3 e humidade. Foco perfeitamente branco e sem sombras.<\/p>\n<p>Perfeita para trazer no bolso, tem a possibilidade de colocar um clip para prender ao cinto.<\/p>\n<p>Interruptor sens\u00edvel e silencioso.<\/p>\n<p>1 Pilha de lithium de 3 volts (inclu\u00eddas), com protec\u00e7\u00e3o PTC contra curto circuito.<\/p>\n<p>Autonomia: +1.5h funcionamento ininterrupto.<\/p>\n<p>Potencia: 70 Lumens<\/p>\n","protected":false},"excerpt":{"rendered":"<p>As novas lanternas ASP Tungsten utilizam a tecnologia LED, proporcionando uma incr\u00edvel luminosidade apesar do seu pequeno tamanho. Constru\u00edda em alum\u00ednio Aeroespacial. Ao serem herm\u00e9ticas tornam-se resistentes \u00e0 \u00e1gua, p\u00f3 e humidade. Foco perfeitamente branco e sem sombras. Perfeita para trazer no bolso, tem a possibilidade de colocar um clip para prender ao cinto. Interruptor [&#8230;]\n","protected":false},"featured_media":27987,"comment_status":"open","ping_status":"closed","template":"","meta":{"_monsterinsights_skip_tracking":false,"_monsterinsights_sitenote_active":false,"_monsterinsights_sitenote_note":"","_monsterinsights_sitenote_category":0},"product_brand":[1501],"product_cat":[1314,1064,1333,829],"product_tag":[502,193],"class_list":{"0":"post-30638","1":"product","2":"type-product","3":"status-publish","4":"has-post-thumbnail","6":"product_brand-asp","7":"product_cat-asp","8":"product_cat-equipamentotatico","9":"product_cat-lanterna-acessorios-armas","10":"product_cat-marcas","11":"product_tag-asp","12":"product_tag-lanterna","14":"first","15":"instock","16":"shipping-taxable","17":"purchasable","18":"product-type-variable"},"aioseo_notices":[],"jetpack_sharing_enabled":true,"_links":{"self":[{"href":"https:\/\/milicia-pro.com\/index.php\/wp-json\/wp\/v2\/product\/30638","targetHints":{"allow":["GET"]}}],"collection":[{"href":"https:\/\/milicia-pro.com\/index.php\/wp-json\/wp\/v2\/product"}],"about":[{"href":"https:\/\/milicia-pro.com\/index.php\/wp-json\/wp\/v2\/types\/product"}],"replies":[{"embeddable":true,"href":"https:\/\/milicia-pro.com\/index.php\/wp-json\/wp\/v2\/comments?post=30638"}],"wp:featuredmedia":[{"embeddable":true,"href":"https:\/\/milicia-pro.com\/index.php\/wp-json\/wp\/v2\/media\/27987"}],"wp:attachment":[{"href":"https:\/\/milicia-pro.com\/index.php\/wp-json\/wp\/v2\/media?parent=30638"}],"wp:term":[{"taxonomy":"product_brand","embeddable":true,"href":"https:\/\/milicia-pro.com\/index.php\/wp-json\/wp\/v2\/product_brand?post=30638"},{"taxonomy":"product_cat","embeddable":true,"href":"https:\/\/milicia-pro.com\/index.php\/wp-json\/wp\/v2\/product_cat?post=30638"},{"taxonomy":"product_tag","embeddable":true,"href":"https:\/\/milicia-pro.com\/index.php\/wp-json\/wp\/v2\/product_tag?post=30638"}],"curies":[{"name":"wp","href":"https:\/\/api.w.org\/{rel}","templated":true}]}}