{"id":30636,"date":"2022-09-01T17:05:01","date_gmt":"2022-09-01T17:05:01","guid":{"rendered":"https:\/\/milicia-pro.com\/?post_type=product&#038;p=30636"},"modified":"2025-09-24T15:58:57","modified_gmt":"2025-09-24T15:58:57","slug":"espelho-de-sobrevivencia-para-sinalizacao","status":"publish","type":"product","link":"https:\/\/milicia-pro.com\/index.php\/product\/espelho-de-sobrevivencia-para-sinalizacao\/","title":{"rendered":"ESPELHO DE SOBREVIV\u00caNCIA PARA SINALIZA\u00c7\u00c3O"},"content":{"rendered":"<p>Espelho de sinaliza\u00e7\u00e3o inovador pela sua extrema leveza e resist\u00eancia aliada a uma capacidade de reflectir a luz a grande dist\u00e2ncia &#8211; cerca de 16Km.<\/p>\n<p>Fornecido com um fio para f\u00e1cil transporte, por exemplo, numa plataforma M.U.L.L.E. de uma mochila. As instru\u00e7\u00f5es de funcionamento (posicionamento do reflexo em direc\u00e7\u00e3o ao alvo) encontram-se no verso do espelho.<\/p>\n","protected":false},"excerpt":{"rendered":"<p>Espelho de sinaliza\u00e7\u00e3o inovador pela sua extrema leveza e resist\u00eancia aliada a uma capacidade de reflectir a luz a grande dist\u00e2ncia &#8211; cerca de 16Km. Fornecido com um fio para f\u00e1cil transporte, por exemplo, numa plataforma M.U.L.L.E. de uma mochila. As instru\u00e7\u00f5es de funcionamento (posicionamento do reflexo em direc\u00e7\u00e3o ao alvo) encontram-se no verso do [&#8230;]\n","protected":false},"featured_media":27984,"comment_status":"open","ping_status":"closed","template":"","meta":{"_monsterinsights_skip_tracking":false,"_monsterinsights_sitenote_active":false,"_monsterinsights_sitenote_note":"","_monsterinsights_sitenote_category":0},"product_brand":[1502],"product_cat":[1176,1257,829],"product_tag":[511,306],"class_list":{"0":"post-30636","1":"product","2":"type-product","3":"status-publish","4":"has-post-thumbnail","6":"product_brand-bcb","7":"product_cat-bcb","8":"product_cat-espelho","9":"product_cat-marcas","10":"product_tag-espelho","11":"product_tag-sobrevivencia","13":"first","14":"instock","15":"shipping-taxable","16":"purchasable","17":"product-type-variable"},"aioseo_notices":[],"jetpack_sharing_enabled":true,"_links":{"self":[{"href":"https:\/\/milicia-pro.com\/index.php\/wp-json\/wp\/v2\/product\/30636","targetHints":{"allow":["GET"]}}],"collection":[{"href":"https:\/\/milicia-pro.com\/index.php\/wp-json\/wp\/v2\/product"}],"about":[{"href":"https:\/\/milicia-pro.com\/index.php\/wp-json\/wp\/v2\/types\/product"}],"replies":[{"embeddable":true,"href":"https:\/\/milicia-pro.com\/index.php\/wp-json\/wp\/v2\/comments?post=30636"}],"wp:featuredmedia":[{"embeddable":true,"href":"https:\/\/milicia-pro.com\/index.php\/wp-json\/wp\/v2\/media\/27984"}],"wp:attachment":[{"href":"https:\/\/milicia-pro.com\/index.php\/wp-json\/wp\/v2\/media?parent=30636"}],"wp:term":[{"taxonomy":"product_brand","embeddable":true,"href":"https:\/\/milicia-pro.com\/index.php\/wp-json\/wp\/v2\/product_brand?post=30636"},{"taxonomy":"product_cat","embeddable":true,"href":"https:\/\/milicia-pro.com\/index.php\/wp-json\/wp\/v2\/product_cat?post=30636"},{"taxonomy":"product_tag","embeddable":true,"href":"https:\/\/milicia-pro.com\/index.php\/wp-json\/wp\/v2\/product_tag?post=30636"}],"curies":[{"name":"wp","href":"https:\/\/api.w.org\/{rel}","templated":true}]}}