{"id":30630,"date":"2022-09-01T17:05:00","date_gmt":"2022-09-01T17:05:00","guid":{"rendered":"https:\/\/milicia-pro.com\/?post_type=product&#038;p=30630"},"modified":"2026-01-26T18:02:56","modified_gmt":"2026-01-26T18:02:56","slug":"kit-profissional-limpeza-sniper-p-carabinas-7-62mm","status":"publish","type":"product","link":"https:\/\/milicia-pro.com\/index.php\/product\/kit-profissional-limpeza-sniper-p-carabinas-7-62mm\/","title":{"rendered":"KIT PROFISSIONAL LIMPEZA SNIPER P\/ CARABINAS 7.62MM"},"content":{"rendered":"<p>Kit para limpeza e manuten\u00e7\u00e3o integral de carabinas de precis\u00e3o. Permite tornar o sistema de limpeza transport\u00e1vel para qualquer cen\u00e1rio de opera\u00e7\u00f5es.<\/p>\n<p>Inclui o sistema de limpeza de lentes de conjuntos \u00f3pticos.<\/p>\n","protected":false},"excerpt":{"rendered":"<p>Kit para limpeza e manuten\u00e7\u00e3o integral de carabinas de precis\u00e3o. Permite tornar o sistema de limpeza transport\u00e1vel para qualquer cen\u00e1rio de opera\u00e7\u00f5es. Inclui o sistema de limpeza de lentes de conjuntos \u00f3pticos.<\/p>\n","protected":false},"featured_media":27978,"comment_status":"open","ping_status":"closed","template":"","meta":{"_monsterinsights_skip_tracking":false,"_monsterinsights_sitenote_active":false,"_monsterinsights_sitenote_note":"","_monsterinsights_sitenote_category":0},"product_brand":[],"product_cat":[1454,1331,1622],"product_tag":[64,185,742],"class_list":{"0":"post-30630","1":"product","2":"type-product","3":"status-publish","4":"has-post-thumbnail","6":"product_cat-acessorios-equipamentotatico","7":"product_cat-kit-limpeza-acessorios-armas","8":"product_cat-otis","9":"product_tag-arma","10":"product_tag-kit","11":"product_tag-limpeza","13":"first","14":"instock","15":"shipping-taxable","16":"purchasable","17":"product-type-variable"},"aioseo_notices":[],"jetpack_sharing_enabled":true,"_links":{"self":[{"href":"https:\/\/milicia-pro.com\/index.php\/wp-json\/wp\/v2\/product\/30630","targetHints":{"allow":["GET"]}}],"collection":[{"href":"https:\/\/milicia-pro.com\/index.php\/wp-json\/wp\/v2\/product"}],"about":[{"href":"https:\/\/milicia-pro.com\/index.php\/wp-json\/wp\/v2\/types\/product"}],"replies":[{"embeddable":true,"href":"https:\/\/milicia-pro.com\/index.php\/wp-json\/wp\/v2\/comments?post=30630"}],"wp:featuredmedia":[{"embeddable":true,"href":"https:\/\/milicia-pro.com\/index.php\/wp-json\/wp\/v2\/media\/27978"}],"wp:attachment":[{"href":"https:\/\/milicia-pro.com\/index.php\/wp-json\/wp\/v2\/media?parent=30630"}],"wp:term":[{"taxonomy":"product_brand","embeddable":true,"href":"https:\/\/milicia-pro.com\/index.php\/wp-json\/wp\/v2\/product_brand?post=30630"},{"taxonomy":"product_cat","embeddable":true,"href":"https:\/\/milicia-pro.com\/index.php\/wp-json\/wp\/v2\/product_cat?post=30630"},{"taxonomy":"product_tag","embeddable":true,"href":"https:\/\/milicia-pro.com\/index.php\/wp-json\/wp\/v2\/product_tag?post=30630"}],"curies":[{"name":"wp","href":"https:\/\/api.w.org\/{rel}","templated":true}]}}