{"id":30595,"date":"2022-09-01T17:04:52","date_gmt":"2022-09-01T17:04:52","guid":{"rendered":"https:\/\/milicia-pro.com\/?post_type=product&#038;p=30595"},"modified":"2025-06-23T10:44:41","modified_gmt":"2025-06-23T10:44:41","slug":"guardian-2-posicoes","status":"publish","type":"product","link":"https:\/\/milicia-pro.com\/index.php\/product\/guardian-2-posicoes\/","title":{"rendered":"GUARDIAN 2 POSI\u00c7\u00d5ES"},"content":{"rendered":"<p><img loading=\"lazy\" decoding=\"async\" class=\"alignnone size-medium wp-image-42934\" src=\"https:\/\/milicia-pro.com\/wp-content\/uploads\/2022\/09\/ADV.52002-01-300x300.jpg\" alt=\"\" width=\"300\" height=\"300\" srcset=\"https:\/\/milicia-pro.com\/wp-content\/uploads\/2022\/09\/ADV.52002-01-300x300.jpg 300w, https:\/\/milicia-pro.com\/wp-content\/uploads\/2022\/09\/ADV.52002-01-1024x1024.jpg 1024w, https:\/\/milicia-pro.com\/wp-content\/uploads\/2022\/09\/ADV.52002-01-150x150.jpg 150w, https:\/\/milicia-pro.com\/wp-content\/uploads\/2022\/09\/ADV.52002-01-768x768.jpg 768w, https:\/\/milicia-pro.com\/wp-content\/uploads\/2022\/09\/ADV.52002-01-1536x1536.jpg 1536w, https:\/\/milicia-pro.com\/wp-content\/uploads\/2022\/09\/ADV.52002-01-247x247.jpg 247w, https:\/\/milicia-pro.com\/wp-content\/uploads\/2022\/09\/ADV.52002-01-510x510.jpg 510w, https:\/\/milicia-pro.com\/wp-content\/uploads\/2022\/09\/ADV.52002-01-100x100.jpg 100w, https:\/\/milicia-pro.com\/wp-content\/uploads\/2022\/09\/ADV.52002-01.jpg 1800w\" sizes=\"auto, (max-width: 300px) 100vw, 300px\" \/><\/p>\n<p>O pequeno e leve Guardian\u2122 \u00e9 uma luz sinalizadora totalmente imperme\u00e1vel, resistente a impactos e omnidirecional. \u00c9 fi\u00e1vel em quase todas as situa\u00e7\u00f5es.<\/p>\n<p>Seja para acampar, fazer caminhadas, viajar, correr, esquiar, nadar, aplicar na coleira do seu K9, pescar ou ca\u00e7ar, esta luz vers\u00e1til estar\u00e1 consigo em todas as ocasi\u00f5es.<\/p>\n<p>Pode ser facilmente presa a cintos, al\u00e7as de mochilas, coleira do c\u00e3o, canoas, barcos, e praticamente em qualquer coisa em que necessite de sinalizar.<\/p>\n<p>Gra\u00e7as \u00e0 tecnologia patenteada Reverse Polarity Program Switching\u2122, a fun\u00e7\u00e3o da luz pode ser alterada entre os modos de intermitente e fixo, simplesmente invertendo a bateria.<\/p>\n<p>Dispon\u00edvel em cinco cores: azul, verde, vermelha, amarelo e branco<\/p>\n<p>Tamb\u00e9m dispon\u00edvel Farol IR de fun\u00e7\u00e3o dupla, ideal para seguran\u00e7a ou marca\u00e7\u00e3o noturna, marcar pontos de navega\u00e7\u00e3o, \u00fatil num kit de busca e resgate ou sobreviv\u00eancia com sensores de aparelhos com Vis\u00e3o Noturna.<\/p>\n<p>Extras: Vem com clipe para cinto.<\/p>\n","protected":false},"excerpt":{"rendered":"<p>O pequeno e leve Guardian\u2122 \u00e9 uma luz sinalizadora totalmente imperme\u00e1vel, resistente a impactos e omnidirecional. \u00c9 fi\u00e1vel em quase todas as situa\u00e7\u00f5es. Seja para acampar, fazer caminhadas, viajar, correr, esquiar, nadar, aplicar na coleira do seu K9, pescar ou ca\u00e7ar, esta luz vers\u00e1til estar\u00e1 consigo em todas as ocasi\u00f5es. Pode ser facilmente presa a [&#8230;]\n","protected":false},"featured_media":27893,"comment_status":"open","ping_status":"closed","template":"","meta":{"_monsterinsights_skip_tracking":false,"_monsterinsights_sitenote_active":false,"_monsterinsights_sitenote_note":"","_monsterinsights_sitenote_category":0},"product_brand":[],"product_cat":[1477,1064,1090,829],"product_tag":[193,1246],"class_list":{"0":"post-30595","1":"product","2":"type-product","3":"status-publish","4":"has-post-thumbnail","6":"product_cat-adventure-lights","7":"product_cat-equipamentotatico","8":"product_cat-lanterna","9":"product_cat-marcas","10":"product_tag-lanterna","11":"product_tag-sinalizador","13":"first","14":"instock","15":"shipping-taxable","16":"purchasable","17":"product-type-variable"},"aioseo_notices":[],"jetpack_sharing_enabled":true,"_links":{"self":[{"href":"https:\/\/milicia-pro.com\/index.php\/wp-json\/wp\/v2\/product\/30595","targetHints":{"allow":["GET"]}}],"collection":[{"href":"https:\/\/milicia-pro.com\/index.php\/wp-json\/wp\/v2\/product"}],"about":[{"href":"https:\/\/milicia-pro.com\/index.php\/wp-json\/wp\/v2\/types\/product"}],"replies":[{"embeddable":true,"href":"https:\/\/milicia-pro.com\/index.php\/wp-json\/wp\/v2\/comments?post=30595"}],"wp:featuredmedia":[{"embeddable":true,"href":"https:\/\/milicia-pro.com\/index.php\/wp-json\/wp\/v2\/media\/27893"}],"wp:attachment":[{"href":"https:\/\/milicia-pro.com\/index.php\/wp-json\/wp\/v2\/media?parent=30595"}],"wp:term":[{"taxonomy":"product_brand","embeddable":true,"href":"https:\/\/milicia-pro.com\/index.php\/wp-json\/wp\/v2\/product_brand?post=30595"},{"taxonomy":"product_cat","embeddable":true,"href":"https:\/\/milicia-pro.com\/index.php\/wp-json\/wp\/v2\/product_cat?post=30595"},{"taxonomy":"product_tag","embeddable":true,"href":"https:\/\/milicia-pro.com\/index.php\/wp-json\/wp\/v2\/product_tag?post=30595"}],"curies":[{"name":"wp","href":"https:\/\/api.w.org\/{rel}","templated":true}]}}