{"id":30592,"date":"2022-09-01T17:04:46","date_gmt":"2022-09-01T17:04:46","guid":{"rendered":"https:\/\/milicia-pro.com\/?post_type=product&#038;p=30592"},"modified":"2025-06-23T10:47:53","modified_gmt":"2025-06-23T10:47:53","slug":"sinalizador-guardian-mockingbird-com-programador","status":"publish","type":"product","link":"https:\/\/milicia-pro.com\/index.php\/product\/sinalizador-guardian-mockingbird-com-programador\/","title":{"rendered":"SINALIZADOR GUARDIAN MOCKINGBIRD COM PROGRAMADOR"},"content":{"rendered":"<p>O sinalizador Guardian Mockingbird \u00e9 o\u00a0 \u00e1pice da tecnologia de identifica\u00e7\u00e3o noturna e pode ser programada no campo, usando qualquer fonte de luz infra vermelha, ou uma vulgar luz branca. Com at\u00e9 vinte segundos de tempo de grava\u00e7\u00e3o, seu potencial n\u00e3o tem limites. Al\u00e9m disso, seu inovador Programa de Comuta\u00e7\u00e3o de Polaridade Reversa\u2122 garante transi\u00e7\u00f5es f\u00e1ceis e seguras entre os modos de programa\u00e7\u00e3o e transmiss\u00e3o com um simples giro da bateria. Em conjunto com um dispositivo de vis\u00e3o noturna, o Guardian IR Mockingbird ilumina as localiza\u00e7\u00f5es exatas dos membros da equipe, c\u00e3es de busca, ve\u00edculos e outros marcos equipados com sua tecnologia de ponta. Ele se destaca como o auge da identifica\u00e7\u00e3o noturna, redefinindo as possibilidades para opera\u00e7\u00f5es secretas e manobras t\u00e1ticas.<\/p>\n<p>Dispon\u00edvel em seis modos de cor- Amarela, Vermelha, Azul, Verde, Branca e IR (Infra vermelho)<\/p>\n<ul>\n<li>Tamanho: 3.8 cm (C) x 3.2 cm (L) x 2.5 cm (A)<\/li>\n<li>Peso: 25.5 g.<\/li>\n<li>Taxa de Flash: 50 + 10 por Minuto<\/li>\n<li>Vida \u00datil da Bateria:<\/li>\n<\/ul>\n<ol>\n<li>Estrobosc\u00f3pico M\u00ednimo: 250 Horas<\/li>\n<li>Constante M\u00ednimo: 100 Horas<\/li>\n<\/ol>\n<ul>\n<li>Visibilidade: at\u00e9 4km<\/li>\n<li>\u00c0 Prova d&#8217;\u00c1gua: At\u00e9 100 Metros<\/li>\n<li>Funciona em temperaturas entre -40\u00baC e +50\u00baC<\/li>\n<\/ul>\n<p>&nbsp;<\/p>\n","protected":false},"excerpt":{"rendered":"<p>O sinalizador Guardian Mockingbird \u00e9 o\u00a0 \u00e1pice da tecnologia de identifica\u00e7\u00e3o noturna e pode ser programada no campo, usando qualquer fonte de luz infra vermelha, ou uma vulgar luz branca. Com at\u00e9 vinte segundos de tempo de grava\u00e7\u00e3o, seu potencial n\u00e3o tem limites. Al\u00e9m disso, seu inovador Programa de Comuta\u00e7\u00e3o de Polaridade Reversa\u2122 garante transi\u00e7\u00f5es [&#8230;]\n","protected":false},"featured_media":42914,"comment_status":"open","ping_status":"closed","template":"","meta":{"_monsterinsights_skip_tracking":false,"_monsterinsights_sitenote_active":false,"_monsterinsights_sitenote_note":"","_monsterinsights_sitenote_category":0},"product_brand":[],"product_cat":[1477,1064,1090],"product_tag":[193,1246],"class_list":{"0":"post-30592","1":"product","2":"type-product","3":"status-publish","4":"has-post-thumbnail","6":"product_cat-adventure-lights","7":"product_cat-equipamentotatico","8":"product_cat-lanterna","9":"product_tag-lanterna","10":"product_tag-sinalizador","12":"first","13":"instock","14":"shipping-taxable","15":"purchasable","16":"product-type-variable"},"aioseo_notices":[],"jetpack_sharing_enabled":true,"_links":{"self":[{"href":"https:\/\/milicia-pro.com\/index.php\/wp-json\/wp\/v2\/product\/30592","targetHints":{"allow":["GET"]}}],"collection":[{"href":"https:\/\/milicia-pro.com\/index.php\/wp-json\/wp\/v2\/product"}],"about":[{"href":"https:\/\/milicia-pro.com\/index.php\/wp-json\/wp\/v2\/types\/product"}],"replies":[{"embeddable":true,"href":"https:\/\/milicia-pro.com\/index.php\/wp-json\/wp\/v2\/comments?post=30592"}],"wp:featuredmedia":[{"embeddable":true,"href":"https:\/\/milicia-pro.com\/index.php\/wp-json\/wp\/v2\/media\/42914"}],"wp:attachment":[{"href":"https:\/\/milicia-pro.com\/index.php\/wp-json\/wp\/v2\/media?parent=30592"}],"wp:term":[{"taxonomy":"product_brand","embeddable":true,"href":"https:\/\/milicia-pro.com\/index.php\/wp-json\/wp\/v2\/product_brand?post=30592"},{"taxonomy":"product_cat","embeddable":true,"href":"https:\/\/milicia-pro.com\/index.php\/wp-json\/wp\/v2\/product_cat?post=30592"},{"taxonomy":"product_tag","embeddable":true,"href":"https:\/\/milicia-pro.com\/index.php\/wp-json\/wp\/v2\/product_tag?post=30592"}],"curies":[{"name":"wp","href":"https:\/\/api.w.org\/{rel}","templated":true}]}}