{"id":30557,"date":"2022-09-01T17:04:41","date_gmt":"2022-09-01T17:04:41","guid":{"rendered":"https:\/\/milicia-pro.com\/?post_type=product&#038;p=30557"},"modified":"2026-02-11T17:09:51","modified_gmt":"2026-02-11T17:09:51","slug":"mochila-manticore","status":"publish","type":"product","link":"https:\/\/milicia-pro.com\/index.php\/product\/mochila-manticore\/","title":{"rendered":"MOCHILA MANTICORE"},"content":{"rendered":"<ul>\n<li>3 fechos frontais para total acesso ao interior da mochila<\/li>\n<li>Cordura resistente \u00e0 \u00e1gua<\/li>\n<li>Fechos resistentes \u00e0 \u00e1gua<\/li>\n<li>2 bolsos laterias verticais<\/li>\n<li>Compativel com sistema de hidrata\u00e7\u00e3o<\/li>\n<\/ul>\n","protected":false},"excerpt":{"rendered":"<p>3 fechos frontais para total acesso ao interior da mochila Cordura resistente \u00e0 \u00e1gua Fechos resistentes \u00e0 \u00e1gua 2 bolsos laterias verticais Compativel com sistema de hidrata\u00e7\u00e3o<\/p>\n","protected":false},"featured_media":43953,"comment_status":"open","ping_status":"closed","template":"","meta":{"_monsterinsights_skip_tracking":false,"_monsterinsights_sitenote_active":false,"_monsterinsights_sitenote_note":"","_monsterinsights_sitenote_category":0},"product_brand":[1505],"product_cat":[1617,1286,1106,1467],"product_tag":[1146,215],"class_list":{"0":"post-30557","1":"product","2":"type-product","3":"status-publish","4":"has-post-thumbnail","6":"product_brand-camelbak","7":"product_cat-bolsa-hidratacao","8":"product_cat-camelbak-marcas","9":"product_cat-mochilas","10":"product_cat-mochilas-bolsas","11":"product_tag-hidratacao","12":"product_tag-mochila","14":"first","15":"onbackorder","16":"shipping-taxable","17":"purchasable","18":"product-type-variable"},"aioseo_notices":[],"jetpack_sharing_enabled":true,"_links":{"self":[{"href":"https:\/\/milicia-pro.com\/index.php\/wp-json\/wp\/v2\/product\/30557","targetHints":{"allow":["GET"]}}],"collection":[{"href":"https:\/\/milicia-pro.com\/index.php\/wp-json\/wp\/v2\/product"}],"about":[{"href":"https:\/\/milicia-pro.com\/index.php\/wp-json\/wp\/v2\/types\/product"}],"replies":[{"embeddable":true,"href":"https:\/\/milicia-pro.com\/index.php\/wp-json\/wp\/v2\/comments?post=30557"}],"wp:featuredmedia":[{"embeddable":true,"href":"https:\/\/milicia-pro.com\/index.php\/wp-json\/wp\/v2\/media\/43953"}],"wp:attachment":[{"href":"https:\/\/milicia-pro.com\/index.php\/wp-json\/wp\/v2\/media?parent=30557"}],"wp:term":[{"taxonomy":"product_brand","embeddable":true,"href":"https:\/\/milicia-pro.com\/index.php\/wp-json\/wp\/v2\/product_brand?post=30557"},{"taxonomy":"product_cat","embeddable":true,"href":"https:\/\/milicia-pro.com\/index.php\/wp-json\/wp\/v2\/product_cat?post=30557"},{"taxonomy":"product_tag","embeddable":true,"href":"https:\/\/milicia-pro.com\/index.php\/wp-json\/wp\/v2\/product_tag?post=30557"}],"curies":[{"name":"wp","href":"https:\/\/api.w.org\/{rel}","templated":true}]}}