{"id":30556,"date":"2022-09-01T17:04:41","date_gmt":"2022-09-01T17:04:41","guid":{"rendered":"https:\/\/milicia-pro.com\/?post_type=product&#038;p=30556"},"modified":"2026-02-12T14:42:59","modified_gmt":"2026-02-12T14:42:59","slug":"mochila-scorpius","status":"publish","type":"product","link":"https:\/\/milicia-pro.com\/index.php\/product\/mochila-scorpius\/","title":{"rendered":"MOCHILA SCORPIUS"},"content":{"rendered":"<ul>\n<li>Mochila de carga<\/li>\n<li>Cordura resistente \u00e0 \u00e1gua com poliuretano<\/li>\n<li>Dois fechos laterais e fecho r\u00e1pido para acesso de emerg\u00eancia<\/li>\n<li>Bolsos laterais verticais longas<\/li>\n<li>Grande bolsa para r\u00e1dio<\/li>\n<li>Zona lombar ergon\u00f3mica para maior conforto<\/li>\n<li>Compat\u00edvel com sistema de hidrata\u00e7\u00e3o at\u00e9 2 reservat\u00f3rios<\/li>\n<\/ul>\n","protected":false},"excerpt":{"rendered":"<p>Mochila de carga Cordura resistente \u00e0 \u00e1gua com poliuretano Dois fechos laterais e fecho r\u00e1pido para acesso de emerg\u00eancia Bolsos laterais verticais longas Grande bolsa para r\u00e1dio Zona lombar ergon\u00f3mica para maior conforto Compat\u00edvel com sistema de hidrata\u00e7\u00e3o at\u00e9 2 reservat\u00f3rios<\/p>\n","protected":false},"featured_media":27815,"comment_status":"open","ping_status":"closed","template":"","meta":{"_monsterinsights_skip_tracking":false,"_monsterinsights_sitenote_active":false,"_monsterinsights_sitenote_note":"","_monsterinsights_sitenote_category":0},"product_brand":[1505],"product_cat":[1617,1106,1467,15],"product_tag":[1146,215],"class_list":{"0":"post-30556","1":"product","2":"type-product","3":"status-publish","4":"has-post-thumbnail","6":"product_brand-camelbak","7":"product_cat-bolsa-hidratacao","8":"product_cat-mochilas","9":"product_cat-mochilas-bolsas","10":"product_cat-uncategorized","11":"product_tag-hidratacao","12":"product_tag-mochila","14":"first","15":"instock","16":"shipping-taxable","17":"purchasable","18":"product-type-variable"},"aioseo_notices":[],"jetpack_sharing_enabled":true,"_links":{"self":[{"href":"https:\/\/milicia-pro.com\/index.php\/wp-json\/wp\/v2\/product\/30556","targetHints":{"allow":["GET"]}}],"collection":[{"href":"https:\/\/milicia-pro.com\/index.php\/wp-json\/wp\/v2\/product"}],"about":[{"href":"https:\/\/milicia-pro.com\/index.php\/wp-json\/wp\/v2\/types\/product"}],"replies":[{"embeddable":true,"href":"https:\/\/milicia-pro.com\/index.php\/wp-json\/wp\/v2\/comments?post=30556"}],"wp:featuredmedia":[{"embeddable":true,"href":"https:\/\/milicia-pro.com\/index.php\/wp-json\/wp\/v2\/media\/27815"}],"wp:attachment":[{"href":"https:\/\/milicia-pro.com\/index.php\/wp-json\/wp\/v2\/media?parent=30556"}],"wp:term":[{"taxonomy":"product_brand","embeddable":true,"href":"https:\/\/milicia-pro.com\/index.php\/wp-json\/wp\/v2\/product_brand?post=30556"},{"taxonomy":"product_cat","embeddable":true,"href":"https:\/\/milicia-pro.com\/index.php\/wp-json\/wp\/v2\/product_cat?post=30556"},{"taxonomy":"product_tag","embeddable":true,"href":"https:\/\/milicia-pro.com\/index.php\/wp-json\/wp\/v2\/product_tag?post=30556"}],"curies":[{"name":"wp","href":"https:\/\/api.w.org\/{rel}","templated":true}]}}