{"id":30534,"date":"2022-09-01T17:04:36","date_gmt":"2022-09-01T17:04:36","guid":{"rendered":"https:\/\/milicia-pro.com\/?post_type=product&#038;p=30534"},"modified":"2026-01-26T18:33:26","modified_gmt":"2026-01-26T18:33:26","slug":"mochila-camelbak-talon-100-oz","status":"publish","type":"product","link":"https:\/\/milicia-pro.com\/index.php\/product\/mochila-camelbak-talon-100-oz\/","title":{"rendered":"MOCHILA CAMELBAK TALON 100 OZ"},"content":{"rendered":"<ul>\n<li>Mochila Camelbak com v\u00e1rias bolsas para material diversificado<\/li>\n<li>Tiras sistema MOLLE<\/li>\n<li>Compartimento para antena<\/li>\n<li>Reservatorio 3 litros<\/li>\n<li>Alberga um segundo reservat\u00f3rio para miss\u00f5es de maior dura\u00e7\u00e3o<\/li>\n<\/ul>\n","protected":false},"excerpt":{"rendered":"<p>Mochila Camelbak com v\u00e1rias bolsas para material diversificado Tiras sistema MOLLE Compartimento para antena Reservatorio 3 litros Alberga um segundo reservat\u00f3rio para miss\u00f5es de maior dura\u00e7\u00e3o<\/p>\n","protected":false},"featured_media":27772,"comment_status":"open","ping_status":"closed","template":"","meta":{"_monsterinsights_skip_tracking":false,"_monsterinsights_sitenote_active":false,"_monsterinsights_sitenote_note":"","_monsterinsights_sitenote_category":0},"product_brand":[1505],"product_cat":[1617,1286,1106,1467],"product_tag":[80,1146,215],"class_list":{"0":"post-30534","1":"product","2":"type-product","3":"status-publish","4":"has-post-thumbnail","6":"product_brand-camelbak","7":"product_cat-bolsa-hidratacao","8":"product_cat-camelbak-marcas","9":"product_cat-mochilas","10":"product_cat-mochilas-bolsas","11":"product_tag-bolsa","12":"product_tag-hidratacao","13":"product_tag-mochila","15":"first","16":"instock","17":"shipping-taxable","18":"purchasable","19":"product-type-variable"},"aioseo_notices":[],"jetpack_sharing_enabled":true,"_links":{"self":[{"href":"https:\/\/milicia-pro.com\/index.php\/wp-json\/wp\/v2\/product\/30534","targetHints":{"allow":["GET"]}}],"collection":[{"href":"https:\/\/milicia-pro.com\/index.php\/wp-json\/wp\/v2\/product"}],"about":[{"href":"https:\/\/milicia-pro.com\/index.php\/wp-json\/wp\/v2\/types\/product"}],"replies":[{"embeddable":true,"href":"https:\/\/milicia-pro.com\/index.php\/wp-json\/wp\/v2\/comments?post=30534"}],"wp:featuredmedia":[{"embeddable":true,"href":"https:\/\/milicia-pro.com\/index.php\/wp-json\/wp\/v2\/media\/27772"}],"wp:attachment":[{"href":"https:\/\/milicia-pro.com\/index.php\/wp-json\/wp\/v2\/media?parent=30534"}],"wp:term":[{"taxonomy":"product_brand","embeddable":true,"href":"https:\/\/milicia-pro.com\/index.php\/wp-json\/wp\/v2\/product_brand?post=30534"},{"taxonomy":"product_cat","embeddable":true,"href":"https:\/\/milicia-pro.com\/index.php\/wp-json\/wp\/v2\/product_cat?post=30534"},{"taxonomy":"product_tag","embeddable":true,"href":"https:\/\/milicia-pro.com\/index.php\/wp-json\/wp\/v2\/product_tag?post=30534"}],"curies":[{"name":"wp","href":"https:\/\/api.w.org\/{rel}","templated":true}]}}