{"id":30523,"date":"2022-09-01T17:04:35","date_gmt":"2022-09-01T17:04:35","guid":{"rendered":"https:\/\/milicia-pro.com\/?post_type=product&#038;p=30523"},"modified":"2026-02-12T14:59:19","modified_gmt":"2026-02-12T14:59:19","slug":"colete-tactico-delta-5-sistema-molle","status":"publish","type":"product","link":"https:\/\/milicia-pro.com\/index.php\/product\/colete-tactico-delta-5-sistema-molle\/","title":{"rendered":"COLETE T\u00c1CTICO DELTA 5 SISTEMA MOLLE"},"content":{"rendered":"<p align=\"justify\">Concebido para a\u00e7\u00f5es de interven\u00e7\u00e3o r\u00e1pida, inclui no seu interior um reservat\u00f3rio Camelbak com capacidade para 3 litros de \u00e1gua.<\/p>\n<p align=\"justify\">Sistema MOLLE, onde se pode adicionar os v\u00e1rios acess\u00f3rios que a Camelbak tamb\u00e9m j\u00e1 possui.<\/p>\n<p align=\"justify\">Velcro para colocar identifica\u00e7\u00e3o.<\/p>\n<p align=\"justify\">Acolchoado nas costas para uma maior estabilidade e conforto.<\/p>\n","protected":false},"excerpt":{"rendered":"<p>Concebido para a\u00e7\u00f5es de interven\u00e7\u00e3o r\u00e1pida, inclui no seu interior um reservat\u00f3rio Camelbak com capacidade para 3 litros de \u00e1gua. Sistema MOLLE, onde se pode adicionar os v\u00e1rios acess\u00f3rios que a Camelbak tamb\u00e9m j\u00e1 possui. Velcro para colocar identifica\u00e7\u00e3o. Acolchoado nas costas para uma maior estabilidade e conforto.<\/p>\n","protected":false},"featured_media":27735,"comment_status":"open","ping_status":"closed","template":"","meta":{"_monsterinsights_skip_tracking":false,"_monsterinsights_sitenote_active":false,"_monsterinsights_sitenote_note":"","_monsterinsights_sitenote_category":0},"product_brand":[1505],"product_cat":[1286,1624],"product_tag":[123,1146],"class_list":{"0":"post-30523","1":"product","2":"type-product","3":"status-publish","4":"has-post-thumbnail","6":"product_brand-camelbak","7":"product_cat-camelbak-marcas","8":"product_cat-colete","9":"product_tag-colete","10":"product_tag-hidratacao","12":"first","13":"onbackorder","14":"shipping-taxable","15":"purchasable","16":"product-type-variable"},"aioseo_notices":[],"jetpack_sharing_enabled":true,"_links":{"self":[{"href":"https:\/\/milicia-pro.com\/index.php\/wp-json\/wp\/v2\/product\/30523","targetHints":{"allow":["GET"]}}],"collection":[{"href":"https:\/\/milicia-pro.com\/index.php\/wp-json\/wp\/v2\/product"}],"about":[{"href":"https:\/\/milicia-pro.com\/index.php\/wp-json\/wp\/v2\/types\/product"}],"replies":[{"embeddable":true,"href":"https:\/\/milicia-pro.com\/index.php\/wp-json\/wp\/v2\/comments?post=30523"}],"wp:featuredmedia":[{"embeddable":true,"href":"https:\/\/milicia-pro.com\/index.php\/wp-json\/wp\/v2\/media\/27735"}],"wp:attachment":[{"href":"https:\/\/milicia-pro.com\/index.php\/wp-json\/wp\/v2\/media?parent=30523"}],"wp:term":[{"taxonomy":"product_brand","embeddable":true,"href":"https:\/\/milicia-pro.com\/index.php\/wp-json\/wp\/v2\/product_brand?post=30523"},{"taxonomy":"product_cat","embeddable":true,"href":"https:\/\/milicia-pro.com\/index.php\/wp-json\/wp\/v2\/product_cat?post=30523"},{"taxonomy":"product_tag","embeddable":true,"href":"https:\/\/milicia-pro.com\/index.php\/wp-json\/wp\/v2\/product_tag?post=30523"}],"curies":[{"name":"wp","href":"https:\/\/api.w.org\/{rel}","templated":true}]}}