{"id":30521,"date":"2022-09-01T17:04:35","date_gmt":"2022-09-01T17:04:35","guid":{"rendered":"https:\/\/milicia-pro.com\/?post_type=product&#038;p=30521"},"modified":"2025-09-24T15:59:13","modified_gmt":"2025-09-24T15:59:13","slug":"fita-isoladora-gaffa","status":"publish","type":"product","link":"https:\/\/milicia-pro.com\/index.php\/product\/fita-isoladora-gaffa\/","title":{"rendered":"FITA ISOLADORA GAFFA"},"content":{"rendered":"<p>Fita bastante resistente, ideal para camuflar a sua arma, acess\u00f3rios, ou at\u00e9 para pequenas repara\u00e7\u00f5es.<\/p>\n<p>C\u00f4r preta<\/p>\n","protected":false},"excerpt":{"rendered":"<p>Fita bastante resistente, ideal para camuflar a sua arma, acess\u00f3rios, ou at\u00e9 para pequenas repara\u00e7\u00f5es. C\u00f4r preta<\/p>\n","protected":false},"featured_media":27733,"comment_status":"open","ping_status":"closed","template":"","meta":{"_monsterinsights_skip_tracking":false,"_monsterinsights_sitenote_active":false,"_monsterinsights_sitenote_note":"","_monsterinsights_sitenote_category":0},"product_brand":[1502],"product_cat":[1176,1220,829,1114],"product_tag":[],"class_list":{"0":"post-30521","1":"product","2":"type-product","3":"status-publish","4":"has-post-thumbnail","6":"product_brand-bcb","7":"product_cat-bcb","8":"product_cat-fita-adesiva","9":"product_cat-marcas","10":"product_cat-outros-acessorios","12":"first","13":"instock","14":"shipping-taxable","15":"purchasable","16":"product-type-variable"},"aioseo_notices":[],"jetpack_sharing_enabled":true,"_links":{"self":[{"href":"https:\/\/milicia-pro.com\/index.php\/wp-json\/wp\/v2\/product\/30521","targetHints":{"allow":["GET"]}}],"collection":[{"href":"https:\/\/milicia-pro.com\/index.php\/wp-json\/wp\/v2\/product"}],"about":[{"href":"https:\/\/milicia-pro.com\/index.php\/wp-json\/wp\/v2\/types\/product"}],"replies":[{"embeddable":true,"href":"https:\/\/milicia-pro.com\/index.php\/wp-json\/wp\/v2\/comments?post=30521"}],"wp:featuredmedia":[{"embeddable":true,"href":"https:\/\/milicia-pro.com\/index.php\/wp-json\/wp\/v2\/media\/27733"}],"wp:attachment":[{"href":"https:\/\/milicia-pro.com\/index.php\/wp-json\/wp\/v2\/media?parent=30521"}],"wp:term":[{"taxonomy":"product_brand","embeddable":true,"href":"https:\/\/milicia-pro.com\/index.php\/wp-json\/wp\/v2\/product_brand?post=30521"},{"taxonomy":"product_cat","embeddable":true,"href":"https:\/\/milicia-pro.com\/index.php\/wp-json\/wp\/v2\/product_cat?post=30521"},{"taxonomy":"product_tag","embeddable":true,"href":"https:\/\/milicia-pro.com\/index.php\/wp-json\/wp\/v2\/product_tag?post=30521"}],"curies":[{"name":"wp","href":"https:\/\/api.w.org\/{rel}","templated":true}]}}