{"id":30388,"date":"2022-09-01T17:04:05","date_gmt":"2022-09-01T17:04:05","guid":{"rendered":"https:\/\/milicia-pro.com\/?post_type=product&#038;p=30388"},"modified":"2025-05-13T14:25:12","modified_gmt":"2025-05-13T14:25:12","slug":"algemas-ultimate-hinged","status":"publish","type":"product","link":"https:\/\/milicia-pro.com\/index.php\/product\/algemas-ultimate-hinged\/","title":{"rendered":"ALGEMAS ULTIMATE HINGED"},"content":{"rendered":"<p>A combina\u00e7\u00e3o perfeita de resist\u00eancia e comodidade de uso. Dobram-se sobre si mesmas para guardar e quando em utiliza\u00e7\u00e3o imediatamente se bloqueiam para se tornarem algemas r\u00edgidas de elevada resist\u00eancia.<\/p>\n<p><strong>Principais Caracter\u00edsticas:<\/strong><\/p>\n<ul>\n<li>Duas posi\u00e7\u00f5es, r\u00edgidas com bloqueio autom\u00e1tico e dobradas com chave para f\u00e1cil transporte na funda.<\/li>\n<li>Fecho com posi\u00e7\u00e3o dupla posi\u00e7\u00e3o, normal e bloqueado atrav\u00e9s de chave<\/li>\n<li>Fecho com 18 dentes e fechadura com tr\u00eas linhas de 6 dentes, que torna a sua abertura intencional muito dif\u00edcil.<\/li>\n<li>Constru\u00e7\u00e3o extremamente robusta<\/li>\n<li>Dispon\u00edvel na cor preta ou niquelado<\/li>\n<\/ul>\n","protected":false},"excerpt":{"rendered":"<p>VENDA EXCLUSIVA A PROFISSIONAIS MEDIANTE IDENTIFICA\u00c7\u00c3O<\/p>\n","protected":false},"featured_media":27440,"comment_status":"open","ping_status":"closed","template":"","meta":{"_monsterinsights_skip_tracking":false,"_monsterinsights_sitenote_active":false,"_monsterinsights_sitenote_note":"","_monsterinsights_sitenote_category":0},"product_brand":[],"product_cat":[1135,1064,1163,829],"product_tag":[501,505],"class_list":{"0":"post-30388","1":"product","2":"type-product","3":"status-publish","4":"has-post-thumbnail","6":"product_cat-algemas","7":"product_cat-equipamentotatico","8":"product_cat-hiatt","9":"product_cat-marcas","10":"product_tag-algemas","11":"product_tag-seguranca","13":"first","14":"instock","15":"shipping-taxable","16":"purchasable","17":"product-type-variable"},"aioseo_notices":[],"jetpack_sharing_enabled":true,"_links":{"self":[{"href":"https:\/\/milicia-pro.com\/index.php\/wp-json\/wp\/v2\/product\/30388","targetHints":{"allow":["GET"]}}],"collection":[{"href":"https:\/\/milicia-pro.com\/index.php\/wp-json\/wp\/v2\/product"}],"about":[{"href":"https:\/\/milicia-pro.com\/index.php\/wp-json\/wp\/v2\/types\/product"}],"replies":[{"embeddable":true,"href":"https:\/\/milicia-pro.com\/index.php\/wp-json\/wp\/v2\/comments?post=30388"}],"wp:featuredmedia":[{"embeddable":true,"href":"https:\/\/milicia-pro.com\/index.php\/wp-json\/wp\/v2\/media\/27440"}],"wp:attachment":[{"href":"https:\/\/milicia-pro.com\/index.php\/wp-json\/wp\/v2\/media?parent=30388"}],"wp:term":[{"taxonomy":"product_brand","embeddable":true,"href":"https:\/\/milicia-pro.com\/index.php\/wp-json\/wp\/v2\/product_brand?post=30388"},{"taxonomy":"product_cat","embeddable":true,"href":"https:\/\/milicia-pro.com\/index.php\/wp-json\/wp\/v2\/product_cat?post=30388"},{"taxonomy":"product_tag","embeddable":true,"href":"https:\/\/milicia-pro.com\/index.php\/wp-json\/wp\/v2\/product_tag?post=30388"}],"curies":[{"name":"wp","href":"https:\/\/api.w.org\/{rel}","templated":true}]}}