{"id":30387,"date":"2022-09-01T17:04:05","date_gmt":"2022-09-01T17:04:05","guid":{"rendered":"https:\/\/milicia-pro.com\/?post_type=product&#038;p=30387"},"modified":"2026-01-26T18:51:37","modified_gmt":"2026-01-26T18:51:37","slug":"capa-exterior-m-o-l-l-e","status":"publish","type":"product","link":"https:\/\/milicia-pro.com\/index.php\/product\/capa-exterior-m-o-l-l-e\/","title":{"rendered":"CAPA EXTERIOR M.O.L.L.E."},"content":{"rendered":"<p>Capa exterior compat\u00edvel com placas bal\u00edsticas ABA Xtreme HP e Impulse, permitindo utiliz\u00e1-los como coletes externos.<\/p>\n","protected":false},"excerpt":{"rendered":"<p>Capa exterior compat\u00edvel com placas bal\u00edsticas ABA Xtreme HP e Impulse, permitindo utiliz\u00e1-los como coletes externos.<\/p>\n","protected":false},"featured_media":27439,"comment_status":"open","ping_status":"closed","template":"","meta":{"_monsterinsights_skip_tracking":false,"_monsterinsights_sitenote_active":false,"_monsterinsights_sitenote_note":"","_monsterinsights_sitenote_category":0},"product_brand":[1519],"product_cat":[1624,1064,1087,1151],"product_tag":[1442,123,1441],"class_list":{"0":"post-30387","1":"product","2":"type-product","3":"status-publish","4":"has-post-thumbnail","6":"product_brand-safariland","7":"product_cat-colete","8":"product_cat-equipamentotatico","9":"product_cat-protecbalistica","10":"product_cat-safariland","11":"product_tag-capa","12":"product_tag-colete","13":"product_tag-sistema-molle","15":"first","16":"instock","17":"shipping-taxable","18":"purchasable","19":"product-type-variable"},"aioseo_notices":[],"jetpack_sharing_enabled":true,"_links":{"self":[{"href":"https:\/\/milicia-pro.com\/index.php\/wp-json\/wp\/v2\/product\/30387","targetHints":{"allow":["GET"]}}],"collection":[{"href":"https:\/\/milicia-pro.com\/index.php\/wp-json\/wp\/v2\/product"}],"about":[{"href":"https:\/\/milicia-pro.com\/index.php\/wp-json\/wp\/v2\/types\/product"}],"replies":[{"embeddable":true,"href":"https:\/\/milicia-pro.com\/index.php\/wp-json\/wp\/v2\/comments?post=30387"}],"wp:featuredmedia":[{"embeddable":true,"href":"https:\/\/milicia-pro.com\/index.php\/wp-json\/wp\/v2\/media\/27439"}],"wp:attachment":[{"href":"https:\/\/milicia-pro.com\/index.php\/wp-json\/wp\/v2\/media?parent=30387"}],"wp:term":[{"taxonomy":"product_brand","embeddable":true,"href":"https:\/\/milicia-pro.com\/index.php\/wp-json\/wp\/v2\/product_brand?post=30387"},{"taxonomy":"product_cat","embeddable":true,"href":"https:\/\/milicia-pro.com\/index.php\/wp-json\/wp\/v2\/product_cat?post=30387"},{"taxonomy":"product_tag","embeddable":true,"href":"https:\/\/milicia-pro.com\/index.php\/wp-json\/wp\/v2\/product_tag?post=30387"}],"curies":[{"name":"wp","href":"https:\/\/api.w.org\/{rel}","templated":true}]}}