{"id":30354,"date":"2022-09-01T17:03:59","date_gmt":"2022-09-01T17:03:59","guid":{"rendered":"https:\/\/milicia-pro.com\/?post_type=product&#038;p=30354"},"modified":"2025-09-24T15:59:47","modified_gmt":"2025-09-24T15:59:47","slug":"stick-compact-3-cores","status":"publish","type":"product","link":"https:\/\/milicia-pro.com\/index.php\/product\/stick-compact-3-cores\/","title":{"rendered":"STICK COMPACT 3 CORES"},"content":{"rendered":"<p>Nova f\u00f3rmula de acordo com as especifica\u00e7\u00f5es da \u201cBritish MoD\u201d. N\u00e3o irritante mesmo em contacto com os olhos \u00e9 feito a partir de ingredientes naturais, seca em 5 minutos.<\/p>\n","protected":false},"excerpt":{"rendered":"<p>Nova f\u00f3rmula de acordo com as especifica\u00e7\u00f5es da \u201cBritish MoD\u201d. N\u00e3o irritante mesmo em contacto com os olhos \u00e9 feito a partir de ingredientes naturais, seca em 5 minutos.<\/p>\n","protected":false},"featured_media":27375,"comment_status":"open","ping_status":"closed","template":"","meta":{"_monsterinsights_skip_tracking":false,"_monsterinsights_sitenote_active":false,"_monsterinsights_sitenote_note":"","_monsterinsights_sitenote_category":0},"product_brand":[1502],"product_cat":[1176,829],"product_tag":[961,1178,1177,963],"class_list":{"0":"post-30354","1":"product","2":"type-product","3":"status-publish","4":"has-post-thumbnail","6":"product_brand-bcb","7":"product_cat-bcb","8":"product_cat-marcas","9":"product_tag-camuflagem","10":"product_tag-facial","11":"product_tag-pintura","12":"product_tag-stick","14":"first","15":"instock","16":"shipping-taxable","17":"purchasable","18":"product-type-variable"},"aioseo_notices":[],"jetpack_sharing_enabled":true,"_links":{"self":[{"href":"https:\/\/milicia-pro.com\/index.php\/wp-json\/wp\/v2\/product\/30354","targetHints":{"allow":["GET"]}}],"collection":[{"href":"https:\/\/milicia-pro.com\/index.php\/wp-json\/wp\/v2\/product"}],"about":[{"href":"https:\/\/milicia-pro.com\/index.php\/wp-json\/wp\/v2\/types\/product"}],"replies":[{"embeddable":true,"href":"https:\/\/milicia-pro.com\/index.php\/wp-json\/wp\/v2\/comments?post=30354"}],"wp:featuredmedia":[{"embeddable":true,"href":"https:\/\/milicia-pro.com\/index.php\/wp-json\/wp\/v2\/media\/27375"}],"wp:attachment":[{"href":"https:\/\/milicia-pro.com\/index.php\/wp-json\/wp\/v2\/media?parent=30354"}],"wp:term":[{"taxonomy":"product_brand","embeddable":true,"href":"https:\/\/milicia-pro.com\/index.php\/wp-json\/wp\/v2\/product_brand?post=30354"},{"taxonomy":"product_cat","embeddable":true,"href":"https:\/\/milicia-pro.com\/index.php\/wp-json\/wp\/v2\/product_cat?post=30354"},{"taxonomy":"product_tag","embeddable":true,"href":"https:\/\/milicia-pro.com\/index.php\/wp-json\/wp\/v2\/product_tag?post=30354"}],"curies":[{"name":"wp","href":"https:\/\/api.w.org\/{rel}","templated":true}]}}