{"id":30351,"date":"2022-09-01T17:03:59","date_gmt":"2022-09-01T17:03:59","guid":{"rendered":"https:\/\/milicia-pro.com\/?post_type=product&#038;p=30351"},"modified":"2025-03-27T16:22:45","modified_gmt":"2025-03-27T16:22:45","slug":"binoculo-maritimo-com-bussola","status":"publish","type":"product","link":"https:\/\/milicia-pro.com\/index.php\/product\/binoculo-maritimo-com-bussola\/","title":{"rendered":"BINOCULO MAR\u00cdTIMO COM B\u00daSSOLA"},"content":{"rendered":"<p>Hermeticamente selados em nitrog\u00e9nio para evitar o embaciamento devido a varia\u00e7\u00f5es atmosf\u00e9ricas e b\u00fassola luminosa inclu\u00edda, \u00e9 perfeitamente adapt\u00e1vel para uso militar e navega\u00e7\u00e3o. Resistente \u00e0 \u00e1gua, necessita de duas pilhas UC389 (N\u00e3o inclu\u00eddas). Peso: 1.020gr.<\/p>\n","protected":false},"excerpt":{"rendered":"<p><strong>Ref.<\/strong> ST.15747<\/p>\n","protected":false},"featured_media":27372,"comment_status":"open","ping_status":"closed","template":"","meta":{"_monsterinsights_skip_tracking":false,"_monsterinsights_sitenote_active":false,"_monsterinsights_sitenote_note":"","_monsterinsights_sitenote_category":0},"product_brand":[],"product_cat":[1094,829,1070,855],"product_tag":[796,904,964],"class_list":{"0":"post-30351","1":"product","2":"type-product","3":"status-publish","4":"has-post-thumbnail","6":"product_cat-binoculos","7":"product_cat-marcas","8":"product_cat-optica","9":"product_cat-sturm-mil-tec","10":"product_tag-binoculo","11":"product_tag-bussola","12":"product_tag-maritimo","14":"first","15":"outofstock","16":"shipping-taxable","17":"purchasable","18":"product-type-variable"},"aioseo_notices":[],"jetpack_sharing_enabled":true,"_links":{"self":[{"href":"https:\/\/milicia-pro.com\/index.php\/wp-json\/wp\/v2\/product\/30351","targetHints":{"allow":["GET"]}}],"collection":[{"href":"https:\/\/milicia-pro.com\/index.php\/wp-json\/wp\/v2\/product"}],"about":[{"href":"https:\/\/milicia-pro.com\/index.php\/wp-json\/wp\/v2\/types\/product"}],"replies":[{"embeddable":true,"href":"https:\/\/milicia-pro.com\/index.php\/wp-json\/wp\/v2\/comments?post=30351"}],"wp:featuredmedia":[{"embeddable":true,"href":"https:\/\/milicia-pro.com\/index.php\/wp-json\/wp\/v2\/media\/27372"}],"wp:attachment":[{"href":"https:\/\/milicia-pro.com\/index.php\/wp-json\/wp\/v2\/media?parent=30351"}],"wp:term":[{"taxonomy":"product_brand","embeddable":true,"href":"https:\/\/milicia-pro.com\/index.php\/wp-json\/wp\/v2\/product_brand?post=30351"},{"taxonomy":"product_cat","embeddable":true,"href":"https:\/\/milicia-pro.com\/index.php\/wp-json\/wp\/v2\/product_cat?post=30351"},{"taxonomy":"product_tag","embeddable":true,"href":"https:\/\/milicia-pro.com\/index.php\/wp-json\/wp\/v2\/product_tag?post=30351"}],"curies":[{"name":"wp","href":"https:\/\/api.w.org\/{rel}","templated":true}]}}