{"id":30334,"date":"2022-09-01T17:03:55","date_gmt":"2022-09-01T17:03:55","guid":{"rendered":"https:\/\/milicia-pro.com\/?post_type=product&#038;p=30334"},"modified":"2026-01-07T18:00:34","modified_gmt":"2026-01-07T18:00:34","slug":"joelheira-tactica-centurion","status":"publish","type":"product","link":"https:\/\/milicia-pro.com\/index.php\/product\/joelheira-tactica-centurion\/","title":{"rendered":"JOELHEIRA TACTICA CENTURION"},"content":{"rendered":"<p>A Joelheira <b>Centurion<\/b> confere-lhe uma excelente protec\u00e7\u00e3o, gra\u00e7as \u00e0 sua concep\u00e7\u00e3o, onde toda ela \u00e9 composta por cerca de 1.25 cm de espuma coberta com <b>Cordura.<\/b><\/p>\n<p>A sua protec\u00e7\u00e3o em termopl\u00e1stico poliuretano anti derrapante, atribui-lhe uma capacidade adicional na absor\u00e7\u00e3o ao choque, e garante-lhe uma maior durabilidade.<\/p>\n<p>Duas tiras el\u00e1sticas de 5.1 cm cada, com refor\u00e7o em velcro no seu fecho, permite-lhe um uso mais confort\u00e1vel e seguro.<\/p>\n<p>Tamanho \u00fanico.<\/p>\n","protected":false},"excerpt":{"rendered":"<p>A Joelheira Centurion confere-lhe uma excelente protec\u00e7\u00e3o, gra\u00e7as \u00e0 sua concep\u00e7\u00e3o, onde toda ela \u00e9 composta por cerca de 1.25 cm de espuma coberta com Cordura. A sua protec\u00e7\u00e3o em termopl\u00e1stico poliuretano anti derrapante, atribui-lhe uma capacidade adicional na absor\u00e7\u00e3o ao choque, e garante-lhe uma maior durabilidade. Duas tiras el\u00e1sticas de 5.1 cm cada, com [&#8230;]\n","protected":false},"featured_media":43576,"comment_status":"open","ping_status":"closed","template":"","meta":{"_monsterinsights_skip_tracking":false,"_monsterinsights_sitenote_active":false,"_monsterinsights_sitenote_note":"","_monsterinsights_sitenote_category":0},"product_brand":[1512],"product_cat":[1091,1064,965,829],"product_tag":[177],"class_list":{"0":"post-30334","1":"product","2":"type-product","3":"status-publish","4":"has-post-thumbnail","6":"product_brand-hatch","7":"product_cat-cotoveleirajoelheira","8":"product_cat-equipamentotatico","9":"product_cat-hatch","10":"product_cat-marcas","11":"product_tag-joelheira","13":"first","14":"instock","15":"shipping-taxable","16":"purchasable","17":"product-type-variable"},"aioseo_notices":[],"jetpack_sharing_enabled":true,"_links":{"self":[{"href":"https:\/\/milicia-pro.com\/index.php\/wp-json\/wp\/v2\/product\/30334","targetHints":{"allow":["GET"]}}],"collection":[{"href":"https:\/\/milicia-pro.com\/index.php\/wp-json\/wp\/v2\/product"}],"about":[{"href":"https:\/\/milicia-pro.com\/index.php\/wp-json\/wp\/v2\/types\/product"}],"replies":[{"embeddable":true,"href":"https:\/\/milicia-pro.com\/index.php\/wp-json\/wp\/v2\/comments?post=30334"}],"wp:featuredmedia":[{"embeddable":true,"href":"https:\/\/milicia-pro.com\/index.php\/wp-json\/wp\/v2\/media\/43576"}],"wp:attachment":[{"href":"https:\/\/milicia-pro.com\/index.php\/wp-json\/wp\/v2\/media?parent=30334"}],"wp:term":[{"taxonomy":"product_brand","embeddable":true,"href":"https:\/\/milicia-pro.com\/index.php\/wp-json\/wp\/v2\/product_brand?post=30334"},{"taxonomy":"product_cat","embeddable":true,"href":"https:\/\/milicia-pro.com\/index.php\/wp-json\/wp\/v2\/product_cat?post=30334"},{"taxonomy":"product_tag","embeddable":true,"href":"https:\/\/milicia-pro.com\/index.php\/wp-json\/wp\/v2\/product_tag?post=30334"}],"curies":[{"name":"wp","href":"https:\/\/api.w.org\/{rel}","templated":true}]}}