{"id":30284,"date":"2022-09-01T17:03:48","date_gmt":"2022-09-01T17:03:48","guid":{"rendered":"https:\/\/milicia-pro.com\/?post_type=product&#038;p=30284"},"modified":"2025-09-24T17:07:21","modified_gmt":"2025-09-24T17:07:21","slug":"bolsa-pack-para-3-dias","status":"publish","type":"product","link":"https:\/\/milicia-pro.com\/index.php\/product\/bolsa-pack-para-3-dias\/","title":{"rendered":"BOLSA PACK PARA 3 DIAS"},"content":{"rendered":"<p>Bolsa para o transporte de acess\u00f3rios opcional com fechos de correr silenciosos e tiras de fixa\u00e7\u00e3o ajust\u00e1veis para um ajuste perfeito.S\u00e3o adapt\u00e1veis nas mochilas BLACKHAWK\u00ae Mochila de Assalto 3-Dias, Phoenix Pack e BLACKHAWK\u00ae Special Operations Medical Pack.<\/p>\n","protected":false},"excerpt":{"rendered":"<p>Bolsa para o transporte de acess\u00f3rios opcional com fechos de correr silenciosos e tiras de fixa\u00e7\u00e3o ajust\u00e1veis para um ajuste perfeito.S\u00e3o adapt\u00e1veis nas mochilas BLACKHAWK\u00ae Mochila de Assalto 3-Dias, Phoenix Pack e BLACKHAWK\u00ae Special Operations Medical Pack.<\/p>\n","protected":false},"featured_media":27235,"comment_status":"open","ping_status":"closed","template":"","meta":{"_monsterinsights_skip_tracking":false,"_monsterinsights_sitenote_active":false,"_monsterinsights_sitenote_note":"","_monsterinsights_sitenote_category":0},"product_brand":[1504],"product_cat":[1137,1107,829,1467],"product_tag":[],"class_list":{"0":"post-30284","1":"product","2":"type-product","3":"status-publish","4":"has-post-thumbnail","6":"product_brand-blackhawk","7":"product_cat-blackhawk","8":"product_cat-bolsas","9":"product_cat-marcas","10":"product_cat-mochilas-bolsas","12":"first","13":"instock","14":"shipping-taxable","15":"purchasable","16":"product-type-variable"},"aioseo_notices":[],"jetpack_sharing_enabled":true,"_links":{"self":[{"href":"https:\/\/milicia-pro.com\/index.php\/wp-json\/wp\/v2\/product\/30284","targetHints":{"allow":["GET"]}}],"collection":[{"href":"https:\/\/milicia-pro.com\/index.php\/wp-json\/wp\/v2\/product"}],"about":[{"href":"https:\/\/milicia-pro.com\/index.php\/wp-json\/wp\/v2\/types\/product"}],"replies":[{"embeddable":true,"href":"https:\/\/milicia-pro.com\/index.php\/wp-json\/wp\/v2\/comments?post=30284"}],"wp:featuredmedia":[{"embeddable":true,"href":"https:\/\/milicia-pro.com\/index.php\/wp-json\/wp\/v2\/media\/27235"}],"wp:attachment":[{"href":"https:\/\/milicia-pro.com\/index.php\/wp-json\/wp\/v2\/media?parent=30284"}],"wp:term":[{"taxonomy":"product_brand","embeddable":true,"href":"https:\/\/milicia-pro.com\/index.php\/wp-json\/wp\/v2\/product_brand?post=30284"},{"taxonomy":"product_cat","embeddable":true,"href":"https:\/\/milicia-pro.com\/index.php\/wp-json\/wp\/v2\/product_cat?post=30284"},{"taxonomy":"product_tag","embeddable":true,"href":"https:\/\/milicia-pro.com\/index.php\/wp-json\/wp\/v2\/product_tag?post=30284"}],"curies":[{"name":"wp","href":"https:\/\/api.w.org\/{rel}","templated":true}]}}