{"id":30282,"date":"2022-09-01T17:03:48","date_gmt":"2022-09-01T17:03:48","guid":{"rendered":"https:\/\/milicia-pro.com\/?post_type=product&#038;p=30282"},"modified":"2026-01-08T09:55:44","modified_gmt":"2026-01-08T09:55:44","slug":"balaclava-eavyweight","status":"publish","type":"product","link":"https:\/\/milicia-pro.com\/index.php\/product\/balaclava-eavyweight\/","title":{"rendered":"BALACLAVA EAVYWEIGHT"},"content":{"rendered":"<p>Protege a face, pesco\u00e7o e cabe\u00e7a contra o fogo, arranh\u00f5es e cortes. Em tecido respir\u00e1vel com dupla costura para mais resist\u00eancia.<\/p>\n<ul>\n<li>Tamanho \u00fanico<\/li>\n<li>Em tecido 200g DuPont\u2122NOMEX\u00ae<\/li>\n<li>Suporta temperaturas at\u00e9 427\u00b0C<\/li>\n<li>Costuras planas para prevenir irrita\u00e7\u00f5es<\/li>\n<li>38cm de comprimento total<\/li>\n<\/ul>\n<p>&nbsp;<\/p>\n<p>&nbsp;<\/p>\n","protected":false},"excerpt":{"rendered":"<p>Protege a face, pesco\u00e7o e cabe\u00e7a contra o fogo, arranh\u00f5es e cortes. Em tecido respir\u00e1vel com dupla costura para mais resist\u00eancia. Tamanho \u00fanico Em tecido 200g DuPont\u2122NOMEX\u00ae Suporta temperaturas at\u00e9 427\u00b0C Costuras planas para prevenir irrita\u00e7\u00f5es 38cm de comprimento total &nbsp; &nbsp;<\/p>\n","protected":false},"featured_media":41665,"comment_status":"open","ping_status":"closed","template":"","meta":{"_monsterinsights_skip_tracking":false,"_monsterinsights_sitenote_active":false,"_monsterinsights_sitenote_note":"","_monsterinsights_sitenote_category":0},"product_brand":[1512],"product_cat":[1357,965,829,1063],"product_tag":[69,326],"class_list":{"0":"post-30282","1":"product","2":"type-product","3":"status-publish","4":"has-post-thumbnail","6":"product_brand-hatch","7":"product_cat-balaclava","8":"product_cat-hatch","9":"product_cat-marcas","10":"product_cat-vestuario","11":"product_tag-balaclava","12":"product_tag-tatico","14":"first","15":"instock","16":"shipping-taxable","17":"purchasable","18":"product-type-variable"},"aioseo_notices":[],"jetpack_sharing_enabled":true,"_links":{"self":[{"href":"https:\/\/milicia-pro.com\/index.php\/wp-json\/wp\/v2\/product\/30282","targetHints":{"allow":["GET"]}}],"collection":[{"href":"https:\/\/milicia-pro.com\/index.php\/wp-json\/wp\/v2\/product"}],"about":[{"href":"https:\/\/milicia-pro.com\/index.php\/wp-json\/wp\/v2\/types\/product"}],"replies":[{"embeddable":true,"href":"https:\/\/milicia-pro.com\/index.php\/wp-json\/wp\/v2\/comments?post=30282"}],"wp:featuredmedia":[{"embeddable":true,"href":"https:\/\/milicia-pro.com\/index.php\/wp-json\/wp\/v2\/media\/41665"}],"wp:attachment":[{"href":"https:\/\/milicia-pro.com\/index.php\/wp-json\/wp\/v2\/media?parent=30282"}],"wp:term":[{"taxonomy":"product_brand","embeddable":true,"href":"https:\/\/milicia-pro.com\/index.php\/wp-json\/wp\/v2\/product_brand?post=30282"},{"taxonomy":"product_cat","embeddable":true,"href":"https:\/\/milicia-pro.com\/index.php\/wp-json\/wp\/v2\/product_cat?post=30282"},{"taxonomy":"product_tag","embeddable":true,"href":"https:\/\/milicia-pro.com\/index.php\/wp-json\/wp\/v2\/product_tag?post=30282"}],"curies":[{"name":"wp","href":"https:\/\/api.w.org\/{rel}","templated":true}]}}