{"id":30263,"date":"2022-09-01T17:03:43","date_gmt":"2022-09-01T17:03:43","guid":{"rendered":"https:\/\/milicia-pro.com\/?post_type=product&#038;p=30263"},"modified":"2026-01-26T16:26:05","modified_gmt":"2026-01-26T16:26:05","slug":"chave-de-algemas-com-argola","status":"publish","type":"product","link":"https:\/\/milicia-pro.com\/index.php\/product\/chave-de-algemas-com-argola\/","title":{"rendered":"CHAVE DE ALGEMAS COM ARGOLA"},"content":{"rendered":"<p>Chave para algemas extremamente leve e de grandes dimens\u00f5es.<\/p>\n<p>Possui um cabo texturizado para melhorar a ader\u00eancia, mesmo em condi\u00e7\u00f5es de elevada humidade.<\/p>\n<p>Pode ser colocada num mosquet\u00e3o de cintur\u00e3o atrav\u00e9s de um ring em a\u00e7o.<\/p>\n","protected":false},"excerpt":{"rendered":"<p>Venda s\u00f3 a profissionais mediante identifica\u00e7\u00e3o<\/p>\n<p>&nbsp;<\/p>\n","protected":false},"featured_media":27179,"comment_status":"open","ping_status":"closed","template":"","meta":{"_monsterinsights_skip_tracking":false,"_monsterinsights_sitenote_active":false,"_monsterinsights_sitenote_note":"","_monsterinsights_sitenote_category":0},"product_brand":[],"product_cat":[1135,1064,829,982],"product_tag":[501,1041],"class_list":{"0":"post-30263","1":"product","2":"type-product","3":"status-publish","4":"has-post-thumbnail","6":"product_cat-algemas","7":"product_cat-equipamentotatico","8":"product_cat-marcas","9":"product_cat-milicia","10":"product_tag-algemas","11":"product_tag-chaves","13":"first","14":"instock","15":"shipping-taxable","16":"purchasable","17":"product-type-variable"},"aioseo_notices":[],"jetpack_sharing_enabled":true,"_links":{"self":[{"href":"https:\/\/milicia-pro.com\/index.php\/wp-json\/wp\/v2\/product\/30263","targetHints":{"allow":["GET"]}}],"collection":[{"href":"https:\/\/milicia-pro.com\/index.php\/wp-json\/wp\/v2\/product"}],"about":[{"href":"https:\/\/milicia-pro.com\/index.php\/wp-json\/wp\/v2\/types\/product"}],"replies":[{"embeddable":true,"href":"https:\/\/milicia-pro.com\/index.php\/wp-json\/wp\/v2\/comments?post=30263"}],"wp:featuredmedia":[{"embeddable":true,"href":"https:\/\/milicia-pro.com\/index.php\/wp-json\/wp\/v2\/media\/27179"}],"wp:attachment":[{"href":"https:\/\/milicia-pro.com\/index.php\/wp-json\/wp\/v2\/media?parent=30263"}],"wp:term":[{"taxonomy":"product_brand","embeddable":true,"href":"https:\/\/milicia-pro.com\/index.php\/wp-json\/wp\/v2\/product_brand?post=30263"},{"taxonomy":"product_cat","embeddable":true,"href":"https:\/\/milicia-pro.com\/index.php\/wp-json\/wp\/v2\/product_cat?post=30263"},{"taxonomy":"product_tag","embeddable":true,"href":"https:\/\/milicia-pro.com\/index.php\/wp-json\/wp\/v2\/product_tag?post=30263"}],"curies":[{"name":"wp","href":"https:\/\/api.w.org\/{rel}","templated":true}]}}