{"id":30189,"date":"2022-09-01T17:03:21","date_gmt":"2022-09-01T17:03:21","guid":{"rendered":"https:\/\/milicia-pro.com\/?post_type=product&#038;p=30189"},"modified":"2026-04-08T14:41:06","modified_gmt":"2026-04-08T14:41:06","slug":"kit-quick-locking-system","status":"publish","type":"product","link":"https:\/\/milicia-pro.com\/index.php\/product\/kit-quick-locking-system\/","title":{"rendered":"KIT QUICK LOCKING SYSTEM"},"content":{"rendered":"<p align=\"justify\">O novo sistema QLS da Safariland \u201cQuick Locking System (QLS)\u201d oferece ao Pol\u00edcia a possibilidade de montar um coldre de servi\u00e7o Safariland em m\u00faltiplas plataformas, de uma forma r\u00e1pida, simples e segura.<\/p>\n<p align=\"justify\">A grande vantagem deste sistema \u00e9 a facilidade com que se troca o coldre, com a arma de servi\u00e7o devidamente segura no seu interior, entre o cintur\u00e3o de servi\u00e7o, uma plataforma de perna, um colete M.O.L.L.E. ou inclusivamente um suporte colocado na secret\u00e1ria ou no interior do carro patrulha.<\/p>\n<p align=\"justify\">Nos intervalos do seu servi\u00e7o, dentro da esquadra, facilmente se retira o coldre do cintur\u00e3o, com a arma de servi\u00e7o no seu interior, para o colocar no cofre das armas, sendo que, quando necess\u00e1rio sair em servi\u00e7o, num movimento extremamente r\u00e1pido e seguro se volta a colocar o coldre no cintur\u00e3o.<\/p>\n","protected":false},"excerpt":{"rendered":"<p>O novo sistema QLS da Safariland \u201cQuick Locking System (QLS)\u201d oferece ao Pol\u00edcia a possibilidade de montar um coldre de servi\u00e7o Safariland em m\u00faltiplas plataformas, de uma forma r\u00e1pida, simples e segura. A grande vantagem deste sistema \u00e9 a facilidade com que se troca o coldre, com a arma de servi\u00e7o devidamente segura no seu [&#8230;]\n","protected":false},"featured_media":27025,"comment_status":"open","ping_status":"closed","template":"","meta":{"_monsterinsights_skip_tracking":false,"_monsterinsights_sitenote_active":false,"_monsterinsights_sitenote_note":"","_monsterinsights_sitenote_category":0},"product_brand":[1519],"product_cat":[1115,1064,829,1151],"product_tag":[607,807],"class_list":{"0":"post-30189","1":"product","2":"type-product","3":"status-publish","4":"has-post-thumbnail","6":"product_brand-safariland","7":"product_cat-acessorios-armas","8":"product_cat-equipamentotatico","9":"product_cat-marcas","10":"product_cat-safariland","11":"product_tag-coldre","12":"product_tag-plataforma","14":"first","15":"instock","16":"shipping-taxable","17":"purchasable","18":"product-type-variable"},"aioseo_notices":[],"jetpack_sharing_enabled":true,"_links":{"self":[{"href":"https:\/\/milicia-pro.com\/index.php\/wp-json\/wp\/v2\/product\/30189","targetHints":{"allow":["GET"]}}],"collection":[{"href":"https:\/\/milicia-pro.com\/index.php\/wp-json\/wp\/v2\/product"}],"about":[{"href":"https:\/\/milicia-pro.com\/index.php\/wp-json\/wp\/v2\/types\/product"}],"replies":[{"embeddable":true,"href":"https:\/\/milicia-pro.com\/index.php\/wp-json\/wp\/v2\/comments?post=30189"}],"wp:featuredmedia":[{"embeddable":true,"href":"https:\/\/milicia-pro.com\/index.php\/wp-json\/wp\/v2\/media\/27025"}],"wp:attachment":[{"href":"https:\/\/milicia-pro.com\/index.php\/wp-json\/wp\/v2\/media?parent=30189"}],"wp:term":[{"taxonomy":"product_brand","embeddable":true,"href":"https:\/\/milicia-pro.com\/index.php\/wp-json\/wp\/v2\/product_brand?post=30189"},{"taxonomy":"product_cat","embeddable":true,"href":"https:\/\/milicia-pro.com\/index.php\/wp-json\/wp\/v2\/product_cat?post=30189"},{"taxonomy":"product_tag","embeddable":true,"href":"https:\/\/milicia-pro.com\/index.php\/wp-json\/wp\/v2\/product_tag?post=30189"}],"curies":[{"name":"wp","href":"https:\/\/api.w.org\/{rel}","templated":true}]}}