{"id":30188,"date":"2022-09-01T17:03:21","date_gmt":"2022-09-01T17:03:21","guid":{"rendered":"https:\/\/milicia-pro.com\/?post_type=product&#038;p=30188"},"modified":"2026-03-16T17:59:09","modified_gmt":"2026-03-16T17:59:09","slug":"kit-p-ajustar-o-coldre-ao-sistema-m-o-l-l-e","status":"publish","type":"product","link":"https:\/\/milicia-pro.com\/index.php\/product\/kit-p-ajustar-o-coldre-ao-sistema-m-o-l-l-e\/","title":{"rendered":"KIT P\/ AJUSTAR O COLDRE AO SISTEMA M.O.L.L.E."},"content":{"rendered":"<p align=\"justify\">R\u00e1pido, simples e seguro.<\/p>\n<p align=\"justify\">S\u00e3o as palavras que descrevem o novo Sistema MLS, uma evolu\u00e7\u00e3o do QLS (Quick Lock System da Safariland) para plataformas M.O.L.L.E. logo, mais vocacionado para equipas t\u00e1cticas ou militares.<\/p>\n<p align=\"justify\">A facilidade e versatilidade deste KIT d\u00e3o ao operacional a possibilidade de trocar o coldre e arma entre plataformas quase instantaneamente, e h\u00e1 medida que progride na sua miss\u00e3o.<\/p>\n","protected":false},"excerpt":{"rendered":"<p>R\u00e1pido, simples e seguro. S\u00e3o as palavras que descrevem o novo Sistema MLS, uma evolu\u00e7\u00e3o do QLS (Quick Lock System da Safariland) para plataformas M.O.L.L.E. logo, mais vocacionado para equipas t\u00e1cticas ou militares. A facilidade e versatilidade deste KIT d\u00e3o ao operacional a possibilidade de trocar o coldre e arma entre plataformas quase instantaneamente, e [&#8230;]\n","protected":false},"featured_media":27024,"comment_status":"open","ping_status":"closed","template":"","meta":{"_monsterinsights_skip_tracking":false,"_monsterinsights_sitenote_active":false,"_monsterinsights_sitenote_note":"","_monsterinsights_sitenote_category":0},"product_brand":[1519],"product_cat":[1115,1064,829,1151],"product_tag":[1352,1441],"class_list":{"0":"post-30188","1":"product","2":"type-product","3":"status-publish","4":"has-post-thumbnail","6":"product_brand-safariland","7":"product_cat-acessorios-armas","8":"product_cat-equipamentotatico","9":"product_cat-marcas","10":"product_cat-safariland","11":"product_tag-acessorio-coldre","12":"product_tag-sistema-molle","14":"first","15":"instock","16":"shipping-taxable","17":"purchasable","18":"product-type-variable"},"aioseo_notices":[],"jetpack_sharing_enabled":true,"_links":{"self":[{"href":"https:\/\/milicia-pro.com\/index.php\/wp-json\/wp\/v2\/product\/30188","targetHints":{"allow":["GET"]}}],"collection":[{"href":"https:\/\/milicia-pro.com\/index.php\/wp-json\/wp\/v2\/product"}],"about":[{"href":"https:\/\/milicia-pro.com\/index.php\/wp-json\/wp\/v2\/types\/product"}],"replies":[{"embeddable":true,"href":"https:\/\/milicia-pro.com\/index.php\/wp-json\/wp\/v2\/comments?post=30188"}],"wp:featuredmedia":[{"embeddable":true,"href":"https:\/\/milicia-pro.com\/index.php\/wp-json\/wp\/v2\/media\/27024"}],"wp:attachment":[{"href":"https:\/\/milicia-pro.com\/index.php\/wp-json\/wp\/v2\/media?parent=30188"}],"wp:term":[{"taxonomy":"product_brand","embeddable":true,"href":"https:\/\/milicia-pro.com\/index.php\/wp-json\/wp\/v2\/product_brand?post=30188"},{"taxonomy":"product_cat","embeddable":true,"href":"https:\/\/milicia-pro.com\/index.php\/wp-json\/wp\/v2\/product_cat?post=30188"},{"taxonomy":"product_tag","embeddable":true,"href":"https:\/\/milicia-pro.com\/index.php\/wp-json\/wp\/v2\/product_tag?post=30188"}],"curies":[{"name":"wp","href":"https:\/\/api.w.org\/{rel}","templated":true}]}}