{"id":30186,"date":"2022-09-01T17:03:20","date_gmt":"2022-09-01T17:03:20","guid":{"rendered":"https:\/\/milicia-pro.com\/?post_type=product&#038;p=30186"},"modified":"2025-09-24T16:56:25","modified_gmt":"2025-09-24T16:56:25","slug":"lanterna-ajustavel-para-3-dimensoes","status":"publish","type":"product","link":"https:\/\/milicia-pro.com\/index.php\/product\/lanterna-ajustavel-para-3-dimensoes\/","title":{"rendered":"LANTERNA AJUST\u00c1VEL PARA 3 DIMENS\u00d5ES"},"content":{"rendered":"<p>As lanternas ASP Triad utilizam a tecnologia LED proporcionando uma incr\u00edvel luminosidade apesar do seu pequeno tamanho. Constru\u00edda em alum\u00ednio Aeroespacial. Ao serem herm\u00e9ticas tornam-se resistentes \u00e0 \u00e1gua, p\u00f3 e humidade. Foco perfeitamente branco e sem sombras.<\/p>\n<p>Este conjunto especifico permite utilizar 2, 3 ou 4 pilhas 3 volts, aumentando assim a autonomia da lanterna conforme a necessidade do operacional.<\/p>\n<p>Interruptor sens\u00edvel e silencioso. Com duas posi\u00e7\u00f5es de funcionamento, constante e moment\u00e2neo. Para transporte coloca-se na posi\u00e7\u00e3o de seguran\u00e7a.<\/p>\n<p><strong>Simplesmente brilhante\u2026<\/strong><\/p>\n<p>&nbsp;<\/p>\n<ul>\n<li>4 Pilhas de lithium de 3 volts (inclu\u00eddas), com prote\u00e7\u00e3o PTC contra curto circuito.<\/li>\n<li>Autonomia: +2h funcionamento ininterrupto, ou at\u00e9 4h com a configura\u00e7\u00e3o de 4 pilhas.<\/li>\n<li>Potencia: 135 Lumens<\/li>\n<li>Peso: 190 gr<\/li>\n<\/ul>\n","protected":false},"excerpt":{"rendered":"<p>As lanternas ASP Triad utilizam a tecnologia LED proporcionando uma incr\u00edvel luminosidade apesar do seu pequeno tamanho. Constru\u00edda em alum\u00ednio Aeroespacial. Ao serem herm\u00e9ticas tornam-se resistentes \u00e0 \u00e1gua, p\u00f3 e humidade. Foco perfeitamente branco e sem sombras. Este conjunto especifico permite utilizar 2, 3 ou 4 pilhas 3 volts, aumentando assim a autonomia da lanterna [&#8230;]\n","protected":false},"featured_media":27021,"comment_status":"open","ping_status":"closed","template":"","meta":{"_monsterinsights_skip_tracking":false,"_monsterinsights_sitenote_active":false,"_monsterinsights_sitenote_note":"","_monsterinsights_sitenote_category":0},"product_brand":[1501],"product_cat":[1314,1064,1090,829],"product_tag":[193],"class_list":{"0":"post-30186","1":"product","2":"type-product","3":"status-publish","4":"has-post-thumbnail","6":"product_brand-asp","7":"product_cat-asp","8":"product_cat-equipamentotatico","9":"product_cat-lanterna","10":"product_cat-marcas","11":"product_tag-lanterna","13":"first","14":"instock","15":"shipping-taxable","16":"purchasable","17":"product-type-variable"},"aioseo_notices":[],"jetpack_sharing_enabled":true,"_links":{"self":[{"href":"https:\/\/milicia-pro.com\/index.php\/wp-json\/wp\/v2\/product\/30186","targetHints":{"allow":["GET"]}}],"collection":[{"href":"https:\/\/milicia-pro.com\/index.php\/wp-json\/wp\/v2\/product"}],"about":[{"href":"https:\/\/milicia-pro.com\/index.php\/wp-json\/wp\/v2\/types\/product"}],"replies":[{"embeddable":true,"href":"https:\/\/milicia-pro.com\/index.php\/wp-json\/wp\/v2\/comments?post=30186"}],"wp:featuredmedia":[{"embeddable":true,"href":"https:\/\/milicia-pro.com\/index.php\/wp-json\/wp\/v2\/media\/27021"}],"wp:attachment":[{"href":"https:\/\/milicia-pro.com\/index.php\/wp-json\/wp\/v2\/media?parent=30186"}],"wp:term":[{"taxonomy":"product_brand","embeddable":true,"href":"https:\/\/milicia-pro.com\/index.php\/wp-json\/wp\/v2\/product_brand?post=30186"},{"taxonomy":"product_cat","embeddable":true,"href":"https:\/\/milicia-pro.com\/index.php\/wp-json\/wp\/v2\/product_cat?post=30186"},{"taxonomy":"product_tag","embeddable":true,"href":"https:\/\/milicia-pro.com\/index.php\/wp-json\/wp\/v2\/product_tag?post=30186"}],"curies":[{"name":"wp","href":"https:\/\/api.w.org\/{rel}","templated":true}]}}