{"id":30182,"date":"2022-09-01T17:03:20","date_gmt":"2022-09-01T17:03:20","guid":{"rendered":"https:\/\/milicia-pro.com\/?post_type=product&#038;p=30182"},"modified":"2026-02-10T16:48:40","modified_gmt":"2026-02-10T16:48:40","slug":"luvas-sog-operator-cqb-2","status":"publish","type":"product","link":"https:\/\/milicia-pro.com\/index.php\/product\/luvas-sog-operator-cqb-2\/","title":{"rendered":"LUVAS SOG OPERATOR CQB"},"content":{"rendered":"<p align=\"justify\">Desenhada para opera\u00e7\u00f5es especiais, esta luva pode ser combinada com a \u201cFROG-10 Fast Roping\u201d, sendo colocada por baixo desta, criando-se assim um sistema revolucion\u00e1rio de corda r\u00e1pida.<\/p>\n<p align=\"justify\">Constru\u00eddas em DuPont Kevlar, o que lhes confere uma excelente resist\u00eancia ao corte e ao fogo (at\u00e9 427\u00ba C).<\/p>\n<p align=\"justify\">Palma da m\u00e3o fabricada em pele de canguru, tornando-se assim resistente \u00e0 \u00e1gua.<\/p>\n<p align=\"justify\">Punho com tira em velcro el\u00e1stica remov\u00edvel, para uma melhor adapta\u00e7\u00e3o, conforto e efici\u00eancia.<\/p>\n<p align=\"justify\">O dedo indicador est\u00e1 feito de forma a poder ser removido sem causar dano na restante luva.<\/p>\n<p align=\"justify\">\n","protected":false},"excerpt":{"rendered":"<p>Desenhada para opera\u00e7\u00f5es especiais, esta luva pode ser combinada com a \u201cFROG-10 Fast Roping\u201d, sendo colocada por baixo desta, criando-se assim um sistema revolucion\u00e1rio de corda r\u00e1pida. Constru\u00eddas em DuPont Kevlar, o que lhes confere uma excelente resist\u00eancia ao corte e ao fogo (at\u00e9 427\u00ba C). Palma da m\u00e3o fabricada em pele de canguru, tornando-se [&#8230;]\n","protected":false},"featured_media":26996,"comment_status":"open","ping_status":"closed","template":"","meta":{"_monsterinsights_skip_tracking":false,"_monsterinsights_sitenote_active":false,"_monsterinsights_sitenote_note":"","_monsterinsights_sitenote_category":0},"product_brand":[1512],"product_cat":[1064,965,1088],"product_tag":[846],"class_list":{"0":"post-30182","1":"product","2":"type-product","3":"status-publish","4":"has-post-thumbnail","6":"product_brand-hatch","7":"product_cat-equipamentotatico","8":"product_cat-hatch","9":"product_cat-luvas","10":"product_tag-luvas","12":"first","13":"instock","14":"shipping-taxable","15":"purchasable","16":"product-type-variable"},"aioseo_notices":[],"jetpack_sharing_enabled":true,"_links":{"self":[{"href":"https:\/\/milicia-pro.com\/index.php\/wp-json\/wp\/v2\/product\/30182","targetHints":{"allow":["GET"]}}],"collection":[{"href":"https:\/\/milicia-pro.com\/index.php\/wp-json\/wp\/v2\/product"}],"about":[{"href":"https:\/\/milicia-pro.com\/index.php\/wp-json\/wp\/v2\/types\/product"}],"replies":[{"embeddable":true,"href":"https:\/\/milicia-pro.com\/index.php\/wp-json\/wp\/v2\/comments?post=30182"}],"wp:featuredmedia":[{"embeddable":true,"href":"https:\/\/milicia-pro.com\/index.php\/wp-json\/wp\/v2\/media\/26996"}],"wp:attachment":[{"href":"https:\/\/milicia-pro.com\/index.php\/wp-json\/wp\/v2\/media?parent=30182"}],"wp:term":[{"taxonomy":"product_brand","embeddable":true,"href":"https:\/\/milicia-pro.com\/index.php\/wp-json\/wp\/v2\/product_brand?post=30182"},{"taxonomy":"product_cat","embeddable":true,"href":"https:\/\/milicia-pro.com\/index.php\/wp-json\/wp\/v2\/product_cat?post=30182"},{"taxonomy":"product_tag","embeddable":true,"href":"https:\/\/milicia-pro.com\/index.php\/wp-json\/wp\/v2\/product_tag?post=30182"}],"curies":[{"name":"wp","href":"https:\/\/api.w.org\/{rel}","templated":true}]}}