{"id":30181,"date":"2022-09-01T17:03:20","date_gmt":"2022-09-01T17:03:20","guid":{"rendered":"https:\/\/milicia-pro.com\/?post_type=product&#038;p=30181"},"modified":"2026-01-07T17:04:47","modified_gmt":"2026-01-07T17:04:47","slug":"luvas-fast-rope-swat-rescue","status":"publish","type":"product","link":"https:\/\/milicia-pro.com\/index.php\/product\/luvas-fast-rope-swat-rescue\/","title":{"rendered":"LUVAS FAST ROPE\/SWAT RESCUE"},"content":{"rendered":"<p align=\"justify\">Luva ideal para aqueles que trabalham em equipas SWAT, ou opera\u00e7\u00f5es de resgate.<\/p>\n<p align=\"justify\">Leve, mas extraordinariamente resistente.<\/p>\n<p align=\"justify\">A palma da m\u00e3o tem dois refor\u00e7os extra em pele que envolvem o punho e a \u00e1rea no final dos dedos.<\/p>\n<p align=\"justify\">\n","protected":false},"excerpt":{"rendered":"<p>Luva ideal para aqueles que trabalham em equipas SWAT, ou opera\u00e7\u00f5es de resgate. Leve, mas extraordinariamente resistente. A palma da m\u00e3o tem dois refor\u00e7os extra em pele que envolvem o punho e a \u00e1rea no final dos dedos.<\/p>\n","protected":false},"featured_media":26995,"comment_status":"open","ping_status":"closed","template":"","meta":{"_monsterinsights_skip_tracking":false,"_monsterinsights_sitenote_active":false,"_monsterinsights_sitenote_note":"","_monsterinsights_sitenote_category":0},"product_brand":[1512],"product_cat":[1064,965,1088,829],"product_tag":[846],"class_list":{"0":"post-30181","1":"product","2":"type-product","3":"status-publish","4":"has-post-thumbnail","6":"product_brand-hatch","7":"product_cat-equipamentotatico","8":"product_cat-hatch","9":"product_cat-luvas","10":"product_cat-marcas","11":"product_tag-luvas","13":"first","14":"instock","15":"shipping-taxable","16":"purchasable","17":"product-type-variable"},"aioseo_notices":[],"jetpack_sharing_enabled":true,"_links":{"self":[{"href":"https:\/\/milicia-pro.com\/index.php\/wp-json\/wp\/v2\/product\/30181","targetHints":{"allow":["GET"]}}],"collection":[{"href":"https:\/\/milicia-pro.com\/index.php\/wp-json\/wp\/v2\/product"}],"about":[{"href":"https:\/\/milicia-pro.com\/index.php\/wp-json\/wp\/v2\/types\/product"}],"replies":[{"embeddable":true,"href":"https:\/\/milicia-pro.com\/index.php\/wp-json\/wp\/v2\/comments?post=30181"}],"wp:featuredmedia":[{"embeddable":true,"href":"https:\/\/milicia-pro.com\/index.php\/wp-json\/wp\/v2\/media\/26995"}],"wp:attachment":[{"href":"https:\/\/milicia-pro.com\/index.php\/wp-json\/wp\/v2\/media?parent=30181"}],"wp:term":[{"taxonomy":"product_brand","embeddable":true,"href":"https:\/\/milicia-pro.com\/index.php\/wp-json\/wp\/v2\/product_brand?post=30181"},{"taxonomy":"product_cat","embeddable":true,"href":"https:\/\/milicia-pro.com\/index.php\/wp-json\/wp\/v2\/product_cat?post=30181"},{"taxonomy":"product_tag","embeddable":true,"href":"https:\/\/milicia-pro.com\/index.php\/wp-json\/wp\/v2\/product_tag?post=30181"}],"curies":[{"name":"wp","href":"https:\/\/api.w.org\/{rel}","templated":true}]}}