{"id":30179,"date":"2022-09-01T17:03:20","date_gmt":"2022-09-01T17:03:20","guid":{"rendered":"https:\/\/milicia-pro.com\/?post_type=product&#038;p=30179"},"modified":"2026-01-07T18:21:09","modified_gmt":"2026-01-07T18:21:09","slug":"luvas-reactor-rappel-s-dedos","status":"publish","type":"product","link":"https:\/\/milicia-pro.com\/index.php\/product\/luvas-reactor-rappel-s-dedos\/","title":{"rendered":"LUVAS REACTOR RAPPEL S\/ DEDOS"},"content":{"rendered":"<p align=\"justify\">Desenhada para uso em opera\u00e7\u00f5es especiais, a LR10 \u00e9 ideal para rappel, entrada t\u00e1ctica e tiro.<\/p>\n<p align=\"justify\">\u00d3ptima para ser usada igualmente em situa\u00e7\u00f5es de dist\u00farbios p\u00fablicos.<\/p>\n<p align=\"justify\">Constru\u00edda em pele de 8-9 mm de espessura, com refor\u00e7os acolchoados nas costas da m\u00e3o e dedos para melhor protec\u00e7\u00e3o.<\/p>\n<p align=\"justify\">Punho com tira de velcro ajust\u00e1vel.<\/p>\n<p align=\"justify\">\n<p align=\"justify\">\n","protected":false},"excerpt":{"rendered":"<p>Desenhada para uso em opera\u00e7\u00f5es especiais, a LR10 \u00e9 ideal para rappel, entrada t\u00e1ctica e tiro. \u00d3ptima para ser usada igualmente em situa\u00e7\u00f5es de dist\u00farbios p\u00fablicos. Constru\u00edda em pele de 8-9 mm de espessura, com refor\u00e7os acolchoados nas costas da m\u00e3o e dedos para melhor protec\u00e7\u00e3o. Punho com tira de velcro ajust\u00e1vel.<\/p>\n","protected":false},"featured_media":26993,"comment_status":"open","ping_status":"closed","template":"","meta":{"_monsterinsights_skip_tracking":false,"_monsterinsights_sitenote_active":false,"_monsterinsights_sitenote_note":"","_monsterinsights_sitenote_category":0},"product_brand":[1512],"product_cat":[1064,965,1088,829],"product_tag":[500],"class_list":{"0":"post-30179","1":"product","2":"type-product","3":"status-publish","4":"has-post-thumbnail","6":"product_brand-hatch","7":"product_cat-equipamentotatico","8":"product_cat-hatch","9":"product_cat-luvas","10":"product_cat-marcas","11":"product_tag-hatch-luva-rappel","13":"first","14":"instock","15":"shipping-taxable","16":"purchasable","17":"product-type-variable"},"aioseo_notices":[],"jetpack_sharing_enabled":true,"_links":{"self":[{"href":"https:\/\/milicia-pro.com\/index.php\/wp-json\/wp\/v2\/product\/30179","targetHints":{"allow":["GET"]}}],"collection":[{"href":"https:\/\/milicia-pro.com\/index.php\/wp-json\/wp\/v2\/product"}],"about":[{"href":"https:\/\/milicia-pro.com\/index.php\/wp-json\/wp\/v2\/types\/product"}],"replies":[{"embeddable":true,"href":"https:\/\/milicia-pro.com\/index.php\/wp-json\/wp\/v2\/comments?post=30179"}],"wp:featuredmedia":[{"embeddable":true,"href":"https:\/\/milicia-pro.com\/index.php\/wp-json\/wp\/v2\/media\/26993"}],"wp:attachment":[{"href":"https:\/\/milicia-pro.com\/index.php\/wp-json\/wp\/v2\/media?parent=30179"}],"wp:term":[{"taxonomy":"product_brand","embeddable":true,"href":"https:\/\/milicia-pro.com\/index.php\/wp-json\/wp\/v2\/product_brand?post=30179"},{"taxonomy":"product_cat","embeddable":true,"href":"https:\/\/milicia-pro.com\/index.php\/wp-json\/wp\/v2\/product_cat?post=30179"},{"taxonomy":"product_tag","embeddable":true,"href":"https:\/\/milicia-pro.com\/index.php\/wp-json\/wp\/v2\/product_tag?post=30179"}],"curies":[{"name":"wp","href":"https:\/\/api.w.org\/{rel}","templated":true}]}}